{"id":3090,"date":"2025-12-26T09:20:40","date_gmt":"2025-12-26T09:20:40","guid":{"rendered":"https:\/\/reeqitent.com\/?page_id=3090"},"modified":"2026-01-02T05:53:42","modified_gmt":"2026-01-02T05:53:42","slug":"inflatable-shapes-product-manual","status":"publish","type":"page","link":"https:\/\/reeqitent.com\/vi\/inflatable-shapes-product-manual\/","title":{"rendered":"H\u01b0\u1edbng D\u1eabn S\u1eed D\u1ee5ng S\u1ea3n Ph\u1ea9m H\u00ecnh D\u1ea1ng B\u01a1m H\u01a1i"},"content":{"rendered":"<div data-elementor-type=\"wp-page\" data-elementor-id=\"3090\" class=\"elementor elementor-3090\" data-elementor-post-type=\"page\">\n\t\t\t\t<div class=\"elementor-element elementor-element-ee965e0 e-con-full e-flex e-con e-parent\" data-id=\"ee965e0\" data-element_type=\"container\" data-settings=\"{&quot;background_background&quot;:&quot;classic&quot;}\">\n\t\t\t\t<div class=\"elementor-element elementor-element-74800e8 elementor-widget__width-inherit elementor-widget elementor-widget-heading\" data-id=\"74800e8\" data-element_type=\"widget\" data-widget_type=\"heading.default\">\n\t\t\t\t\t<h2 class=\"elementor-heading-title elementor-size-default\">H\u01b0\u1edbng D\u1eabn S\u1eed D\u1ee5ng S\u1ea3n Ph\u1ea9m H\u00ecnh D\u1ea1ng B\u01a1m H\u01a1i<\/h2>\t\t\t\t<\/div>\n\t\t\t\t<\/div>\n\t\t<div class=\"elementor-element elementor-element-3c897b6 e-grid e-con-boxed e-con e-parent\" data-id=\"3c897b6\" data-element_type=\"container\">\n\t\t\t\t\t<div class=\"e-con-inner\">\n\t\t<div class=\"elementor-element elementor-element-997940b e-con-full e-flex e-con e-child\" data-id=\"997940b\" data-element_type=\"container\">\n\t\t<div class=\"elementor-element elementor-element-9aeaea7 e-con-full e-flex e-con e-child\" data-id=\"9aeaea7\" data-element_type=\"container\">\n\t\t\t\t<div class=\"elementor-element elementor-element-7190bee elementor-widget elementor-widget-image\" data-id=\"7190bee\" data-element_type=\"widget\" data-widget_type=\"image.default\">\n\t\t\t\t\t\t\t\t\t\t\t\t\t\t\t<img fetchpriority=\"high\" decoding=\"async\" width=\"500\" height=\"500\" src=\"https:\/\/reeqitent.com\/wp-content\/uploads\/2025\/12\/Combined-diagram-of-closed-arches.png\" class=\"attachment-full size-full wp-image-3010\" alt=\"\" srcset=\"https:\/\/reeqitent.com\/wp-content\/uploads\/2025\/12\/Combined-diagram-of-closed-arches.png 500w, https:\/\/reeqitent.com\/wp-content\/uploads\/2025\/12\/Combined-diagram-of-closed-arches-300x300.png 300w, https:\/\/reeqitent.com\/wp-content\/uploads\/2025\/12\/Combined-diagram-of-closed-arches-150x150.png 150w\" sizes=\"(max-width: 500px) 100vw, 500px\" \/>\t\t\t\t\t\t\t\t\t\t\t\t\t\t\t<\/div>\n\t\t\t\t<\/div>\n\t\t<div class=\"elementor-element elementor-element-ad3c6e8 e-con-full e-flex e-con e-child\" data-id=\"ad3c6e8\" data-element_type=\"container\">\n\t\t\t\t<div class=\"elementor-element elementor-element-b698acd elementor-widget elementor-widget-heading\" data-id=\"b698acd\" data-element_type=\"widget\" data-widget_type=\"heading.default\">\n\t\t\t\t\t<h2 class=\"elementor-heading-title elementor-size-default\">C\u1ed5ng B\u01a1m H\u01a1i Ch\u1ed1ng Th\u1ea5m Kh\u00ed<\/h2>\t\t\t\t<\/div>\n\t\t\t\t<div class=\"elementor-element elementor-element-42f4813 secure-download-btn elementor-widget elementor-widget-shortcode\" data-id=\"42f4813\" data-element_type=\"widget\" data-widget_type=\"shortcode.default\">\n\t\t\t\t\t\t\t<div class=\"elementor-shortcode\">    <button class=\"secure-download-btn\" data-id=\"pdf49\" data-nonce=\"9c8c479a92\">\r\n        T\u1ea3i xu\u1ed1ng\r\n    <\/button>\r\n    <\/div>\n\t\t\t\t\t\t<\/div>\n\t\t\t\t<\/div>\n\t\t\t\t<\/div>\n\t\t<div class=\"elementor-element elementor-element-091391c e-con-full e-flex e-con e-child\" data-id=\"091391c\" data-element_type=\"container\">\n\t\t<div class=\"elementor-element elementor-element-610dc86 e-con-full e-flex e-con e-child\" data-id=\"610dc86\" data-element_type=\"container\">\n\t\t\t\t<div class=\"elementor-element elementor-element-89dd81c elementor-widget elementor-widget-image\" data-id=\"89dd81c\" data-element_type=\"widget\" data-widget_type=\"image.default\">\n\t\t\t\t\t\t\t\t\t\t\t\t\t\t\t<img decoding=\"async\" width=\"500\" height=\"500\" src=\"https:\/\/reeqitent.com\/wp-content\/uploads\/2025\/12\/Combined-diagram-of-inflatable-arches.png\" class=\"attachment-full size-full wp-image-3011\" alt=\"\" srcset=\"https:\/\/reeqitent.com\/wp-content\/uploads\/2025\/12\/Combined-diagram-of-inflatable-arches.png 500w, https:\/\/reeqitent.com\/wp-content\/uploads\/2025\/12\/Combined-diagram-of-inflatable-arches-300x300.png 300w, https:\/\/reeqitent.com\/wp-content\/uploads\/2025\/12\/Combined-diagram-of-inflatable-arches-150x150.png 150w\" sizes=\"(max-width: 500px) 100vw, 500px\" \/>\t\t\t\t\t\t\t\t\t\t\t\t\t\t\t<\/div>\n\t\t\t\t<\/div>\n\t\t<div class=\"elementor-element elementor-element-d645447 e-con-full e-flex e-con e-child\" data-id=\"d645447\" data-element_type=\"container\">\n\t\t\t\t<div class=\"elementor-element elementor-element-279186f elementor-widget elementor-widget-heading\" data-id=\"279186f\" data-element_type=\"widget\" data-widget_type=\"heading.default\">\n\t\t\t\t\t<h2 class=\"elementor-heading-title elementor-size-default\">C\u1ed5ng B\u01a1m H\u01a1i<\/h2>\t\t\t\t<\/div>\n\t\t\t\t<div class=\"elementor-element elementor-element-d420367 secure-download-btn elementor-widget elementor-widget-shortcode\" data-id=\"d420367\" data-element_type=\"widget\" data-widget_type=\"shortcode.default\">\n\t\t\t\t\t\t\t<div class=\"elementor-shortcode\">    <button class=\"secure-download-btn\" data-id=\"pdf50\" data-nonce=\"09c1e4570e\">\r\n        T\u1ea3i xu\u1ed1ng\r\n    <\/button>\r\n    <\/div>\n\t\t\t\t\t\t<\/div>\n\t\t\t\t<\/div>\n\t\t\t\t<\/div>\n\t\t<div class=\"elementor-element elementor-element-afd3cec e-con-full e-flex e-con e-child\" data-id=\"afd3cec\" data-element_type=\"container\">\n\t\t<div class=\"elementor-element elementor-element-30829ce e-con-full e-flex e-con e-child\" data-id=\"30829ce\" data-element_type=\"container\">\n\t\t\t\t<div class=\"elementor-element elementor-element-d06af29 elementor-widget elementor-widget-image\" data-id=\"d06af29\" data-element_type=\"widget\" data-widget_type=\"image.default\">\n\t\t\t\t\t\t\t\t\t\t\t\t\t\t\t<img decoding=\"async\" width=\"500\" height=\"500\" src=\"https:\/\/reeqitent.com\/wp-content\/uploads\/2025\/12\/Column-merging-diagram.png\" class=\"attachment-full size-full wp-image-3009\" alt=\"\" srcset=\"https:\/\/reeqitent.com\/wp-content\/uploads\/2025\/12\/Column-merging-diagram.png 500w, https:\/\/reeqitent.com\/wp-content\/uploads\/2025\/12\/Column-merging-diagram-300x300.png 300w, https:\/\/reeqitent.com\/wp-content\/uploads\/2025\/12\/Column-merging-diagram-150x150.png 150w\" sizes=\"(max-width: 500px) 100vw, 500px\" \/>\t\t\t\t\t\t\t\t\t\t\t\t\t\t\t<\/div>\n\t\t\t\t<\/div>\n\t\t<div class=\"elementor-element elementor-element-acc5169 e-con-full e-flex e-con e-child\" data-id=\"acc5169\" data-element_type=\"container\">\n\t\t\t\t<div class=\"elementor-element elementor-element-aaf981a elementor-widget elementor-widget-heading\" data-id=\"aaf981a\" data-element_type=\"widget\" data-widget_type=\"heading.default\">\n\t\t\t\t\t<h2 class=\"elementor-heading-title elementor-size-default\">C\u1ed9t B\u01a1m H\u01a1i Ch\u1ed1ng Th\u1ea5m Kh\u00ed<\/h2>\t\t\t\t<\/div>\n\t\t\t\t<div class=\"elementor-element elementor-element-937d653 secure-download-btn elementor-widget elementor-widget-shortcode\" data-id=\"937d653\" data-element_type=\"widget\" data-widget_type=\"shortcode.default\">\n\t\t\t\t\t\t\t<div class=\"elementor-shortcode\">    <button class=\"secure-download-btn\" data-id=\"pdf51\" data-nonce=\"6e20ee9ed3\">\r\n        T\u1ea3i xu\u1ed1ng\r\n    <\/button>\r\n    <\/div>\n\t\t\t\t\t\t<\/div>\n\t\t\t\t<\/div>\n\t\t\t\t<\/div>\n\t\t<div class=\"elementor-element elementor-element-52dfacb e-con-full e-flex e-con e-child\" data-id=\"52dfacb\" data-element_type=\"container\">\n\t\t<div class=\"elementor-element elementor-element-71907e3 e-con-full e-flex e-con e-child\" data-id=\"71907e3\" data-element_type=\"container\">\n\t\t\t\t<div class=\"elementor-element elementor-element-5fb800c elementor-widget elementor-widget-image\" data-id=\"5fb800c\" data-element_type=\"widget\" data-widget_type=\"image.default\">\n\t\t\t\t\t\t\t\t\t\t\t\t\t\t\t<img loading=\"lazy\" decoding=\"async\" width=\"500\" height=\"500\" src=\"https:\/\/reeqitent.com\/wp-content\/uploads\/2025\/12\/inflatable-bottle.png\" class=\"attachment-full size-full wp-image-3012\" alt=\"\" srcset=\"https:\/\/reeqitent.com\/wp-content\/uploads\/2025\/12\/inflatable-bottle.png 500w, https:\/\/reeqitent.com\/wp-content\/uploads\/2025\/12\/inflatable-bottle-300x300.png 300w, https:\/\/reeqitent.com\/wp-content\/uploads\/2025\/12\/inflatable-bottle-150x150.png 150w\" sizes=\"(max-width: 500px) 100vw, 500px\" \/>\t\t\t\t\t\t\t\t\t\t\t\t\t\t\t<\/div>\n\t\t\t\t<\/div>\n\t\t<div class=\"elementor-element elementor-element-283ce60 e-con-full e-flex e-con e-child\" data-id=\"283ce60\" data-element_type=\"container\">\n\t\t\t\t<div class=\"elementor-element elementor-element-afa05db elementor-widget elementor-widget-heading\" data-id=\"afa05db\" data-element_type=\"widget\" data-widget_type=\"heading.default\">\n\t\t\t\t\t<h2 class=\"elementor-heading-title elementor-size-default\">Chai B\u01a1m H\u01a1i Ch\u1ed1ng Th\u1ea5m Kh\u00ed<\/h2>\t\t\t\t<\/div>\n\t\t\t\t<div class=\"elementor-element elementor-element-96e0293 secure-download-btn elementor-widget elementor-widget-shortcode\" data-id=\"96e0293\" data-element_type=\"widget\" data-widget_type=\"shortcode.default\">\n\t\t\t\t\t\t\t<div class=\"elementor-shortcode\">    <button class=\"secure-download-btn\" data-id=\"pdf52\" data-nonce=\"e7fde01cf4\">\r\n        T\u1ea3i xu\u1ed1ng\r\n    <\/button>\r\n    <\/div>\n\t\t\t\t\t\t<\/div>\n\t\t\t\t<\/div>\n\t\t\t\t<\/div>\n\t\t<div class=\"elementor-element elementor-element-6e31865 e-con-full e-flex e-con e-child\" data-id=\"6e31865\" data-element_type=\"container\">\n\t\t<div class=\"elementor-element elementor-element-b4fe306 e-con-full e-flex e-con e-child\" data-id=\"b4fe306\" data-element_type=\"container\">\n\t\t\t\t<div class=\"elementor-element elementor-element-7542cf5 elementor-widget elementor-widget-image\" data-id=\"7542cf5\" data-element_type=\"widget\" data-widget_type=\"image.default\">\n\t\t\t\t\t\t\t\t\t\t\t\t\t\t\t<img loading=\"lazy\" decoding=\"async\" width=\"500\" height=\"500\" src=\"https:\/\/reeqitent.com\/wp-content\/uploads\/2025\/12\/inflatable-screen-1.png\" class=\"attachment-full size-full wp-image-3013\" alt=\"\" srcset=\"https:\/\/reeqitent.com\/wp-content\/uploads\/2025\/12\/inflatable-screen-1.png 500w, https:\/\/reeqitent.com\/wp-content\/uploads\/2025\/12\/inflatable-screen-1-300x300.png 300w, https:\/\/reeqitent.com\/wp-content\/uploads\/2025\/12\/inflatable-screen-1-150x150.png 150w\" sizes=\"(max-width: 500px) 100vw, 500px\" \/>\t\t\t\t\t\t\t\t\t\t\t\t\t\t\t<\/div>\n\t\t\t\t<\/div>\n\t\t<div class=\"elementor-element elementor-element-1f1ef3b e-con-full e-flex e-con e-child\" data-id=\"1f1ef3b\" data-element_type=\"container\">\n\t\t\t\t<div class=\"elementor-element elementor-element-f043dd3 elementor-widget elementor-widget-heading\" data-id=\"f043dd3\" data-element_type=\"widget\" data-widget_type=\"heading.default\">\n\t\t\t\t\t<h2 class=\"elementor-heading-title elementor-size-default\">M\u00e0n H\u00ecnh B\u01a1m H\u01a1i Ch\u1ed1ng Th\u1ea5m Kh\u00ed<\/h2>\t\t\t\t<\/div>\n\t\t\t\t<div class=\"elementor-element elementor-element-deaf24a secure-download-btn elementor-widget elementor-widget-shortcode\" data-id=\"deaf24a\" data-element_type=\"widget\" data-widget_type=\"shortcode.default\">\n\t\t\t\t\t\t\t<div class=\"elementor-shortcode\">    <button class=\"secure-download-btn\" data-id=\"pdf53\" data-nonce=\"5527162c78\">\r\n        T\u1ea3i xu\u1ed1ng\r\n    <\/button>\r\n    <\/div>\n\t\t\t\t\t\t<\/div>\n\t\t\t\t<\/div>\n\t\t\t\t<\/div>\n\t\t<div class=\"elementor-element elementor-element-5c38287 e-con-full e-flex e-con e-child\" data-id=\"5c38287\" data-element_type=\"container\">\n\t\t<div class=\"elementor-element elementor-element-f931706 e-con-full e-flex e-con e-child\" data-id=\"f931706\" data-element_type=\"container\">\n\t\t\t\t<div class=\"elementor-element elementor-element-5a9fb5f elementor-widget elementor-widget-image\" data-id=\"5a9fb5f\" data-element_type=\"widget\" data-widget_type=\"image.default\">\n\t\t\t\t\t\t\t\t\t\t\t\t\t\t\t<img loading=\"lazy\" decoding=\"async\" width=\"500\" height=\"500\" src=\"https:\/\/reeqitent.com\/wp-content\/uploads\/2025\/12\/Inflatable-shape-assembly.png\" class=\"attachment-full size-full wp-image-3014\" alt=\"\" srcset=\"https:\/\/reeqitent.com\/wp-content\/uploads\/2025\/12\/Inflatable-shape-assembly.png 500w, https:\/\/reeqitent.com\/wp-content\/uploads\/2025\/12\/Inflatable-shape-assembly-300x300.png 300w, https:\/\/reeqitent.com\/wp-content\/uploads\/2025\/12\/Inflatable-shape-assembly-150x150.png 150w\" sizes=\"(max-width: 500px) 100vw, 500px\" \/>\t\t\t\t\t\t\t\t\t\t\t\t\t\t\t<\/div>\n\t\t\t\t<\/div>\n\t\t<div class=\"elementor-element elementor-element-94566a6 e-con-full e-flex e-con e-child\" data-id=\"94566a6\" data-element_type=\"container\">\n\t\t\t\t<div class=\"elementor-element elementor-element-94c440b elementor-widget elementor-widget-heading\" data-id=\"94c440b\" data-element_type=\"widget\" data-widget_type=\"heading.default\">\n\t\t\t\t\t<h2 class=\"elementor-heading-title elementor-size-default\">Phao B\u01a1m H\u01a1i Ch\u1ed1ng Th\u1ea5m Kh\u00ed<\/h2>\t\t\t\t<\/div>\n\t\t\t\t<div class=\"elementor-element elementor-element-0f6e2a7 secure-download-btn elementor-widget elementor-widget-shortcode\" data-id=\"0f6e2a7\" data-element_type=\"widget\" data-widget_type=\"shortcode.default\">\n\t\t\t\t\t\t\t<div class=\"elementor-shortcode\">    <button class=\"secure-download-btn\" data-id=\"pdf54\" data-nonce=\"9b3523aa54\">\r\n        T\u1ea3i xu\u1ed1ng\r\n    <\/button>\r\n    <\/div>\n\t\t\t\t\t\t<\/div>\n\t\t\t\t<\/div>\n\t\t\t\t<\/div>\n\t\t<div class=\"elementor-element elementor-element-9a12511 e-con-full elementor-hidden-desktop elementor-hidden-tablet elementor-hidden-mobile e-flex e-con e-child\" data-id=\"9a12511\" data-element_type=\"container\">\n\t\t<div class=\"elementor-element elementor-element-808be73 e-con-full e-flex e-con e-child\" data-id=\"808be73\" data-element_type=\"container\">\n\t\t\t\t<div class=\"elementor-element elementor-element-3787f65 elementor-widget elementor-widget-image\" data-id=\"3787f65\" data-element_type=\"widget\" data-widget_type=\"image.default\">\n\t\t\t\t\t\t\t\t\t\t\t\t\t\t\t<img loading=\"lazy\" decoding=\"async\" width=\"500\" height=\"500\" src=\"https:\/\/reeqitent.com\/wp-content\/uploads\/2025\/12\/8M-sealed-flag-1.png\" class=\"attachment-full size-full wp-image-3113\" alt=\"\" srcset=\"https:\/\/reeqitent.com\/wp-content\/uploads\/2025\/12\/8M-sealed-flag-1.png 500w, https:\/\/reeqitent.com\/wp-content\/uploads\/2025\/12\/8M-sealed-flag-1-300x300.png 300w, https:\/\/reeqitent.com\/wp-content\/uploads\/2025\/12\/8M-sealed-flag-1-150x150.png 150w\" sizes=\"(max-width: 500px) 100vw, 500px\" \/>\t\t\t\t\t\t\t\t\t\t\t\t\t\t\t<\/div>\n\t\t\t\t<\/div>\n\t\t<div class=\"elementor-element elementor-element-b580320 e-con-full e-flex e-con e-child\" data-id=\"b580320\" data-element_type=\"container\">\n\t\t\t\t<div class=\"elementor-element elementor-element-d3a4aaa elementor-widget elementor-widget-heading\" data-id=\"d3a4aaa\" data-element_type=\"widget\" data-widget_type=\"heading.default\">\n\t\t\t\t\t<h2 class=\"elementor-heading-title elementor-size-default\">C\u1edd B\u01a1m H\u01a1i<\/h2>\t\t\t\t<\/div>\n\t\t\t\t<div class=\"elementor-element elementor-element-8f8d49d elementor-widget__width-inherit elementor-align-center elementor-widget elementor-widget-button\" data-id=\"8f8d49d\" data-element_type=\"widget\" data-widget_type=\"button.default\">\n\t\t\t\t\t\t\t\t\t\t<a class=\"elementor-button elementor-button-link elementor-size-sm\" href=\"#\">\n\t\t\t\t\t\t<span class=\"elementor-button-content-wrapper\">\n\t\t\t\t\t\t\t\t\t<span class=\"elementor-button-text\">T\u1ea3i xu\u1ed1ng<\/span>\n\t\t\t\t\t<\/span>\n\t\t\t\t\t<\/a>\n\t\t\t\t\t\t\t\t<\/div>\n\t\t\t\t<\/div>\n\t\t\t\t<\/div>\n\t\t\t\t\t<\/div>\n\t\t\t\t<\/div>\n\t\t\t\t<\/div>","protected":false},"excerpt":{"rendered":"<p>H\u01b0\u1edbng D\u1eabn S\u1eed D\u1ee5ng S\u1ea3n Ph\u1ea9m H\u00ecnh B\u01a1m H\u01a1i C\u1ed5ng B\u01a1m H\u01a1i Ch\u1ed1ng Th\u1ea5m Kh\u00ed C\u1ed5ng B\u01a1m H\u01a1i C\u1ed9t B\u01a1m H\u01a1i Ch\u1ed1ng Th\u1ea5m Kh\u00ed B\u00ecnh B\u01a1m H\u01a1i Ch\u1ed1ng Th\u1ea5m Kh\u00ed M\u00e0n H\u00ecnh B\u01a1m H\u01a1i Ch\u1ed1ng Th\u1ea5m Kh\u00ed [\u2026]<\/p>","protected":false},"author":2,"featured_media":0,"parent":0,"menu_order":0,"comment_status":"closed","ping_status":"closed","template":"","meta":{"site-sidebar-layout":"no-sidebar","site-content-layout":"","ast-site-content-layout":"full-width-container","site-content-style":"default","site-sidebar-style":"default","ast-global-header-display":"","ast-banner-title-visibility":"","ast-main-header-display":"","ast-hfb-above-header-display":"","ast-hfb-below-header-display":"","ast-hfb-mobile-header-display":"","site-post-title":"disabled","ast-breadcrumbs-content":"","ast-featured-img":"disabled","footer-sml-layout":"","ast-disable-related-posts":"","theme-transparent-header-meta":"default","adv-header-id-meta":"","stick-header-meta":"","header-above-stick-meta":"","header-main-stick-meta":"","header-below-stick-meta":"","astra-migrate-meta-layouts":"set","ast-page-background-enabled":"default","ast-page-background-meta":{"desktop":{"background-color":"var(--ast-global-color-5)","background-image":"","background-repeat":"repeat","background-position":"center center","background-size":"auto","background-attachment":"scroll","background-type":"","background-media":"","overlay-type":"","overlay-color":"","overlay-opacity":"","overlay-gradient":""},"tablet":{"background-color":"","background-image":"","background-repeat":"repeat","background-position":"center center","background-size":"auto","background-attachment":"scroll","background-type":"","background-media":"","overlay-type":"","overlay-color":"","overlay-opacity":"","overlay-gradient":""},"mobile":{"background-color":"","background-image":"","background-repeat":"repeat","background-position":"center center","background-size":"auto","background-attachment":"scroll","background-type":"","background-media":"","overlay-type":"","overlay-color":"","overlay-opacity":"","overlay-gradient":""}},"ast-content-background-meta":{"desktop":{"background-color":"var(--ast-global-color-4)","background-image":"","background-repeat":"repeat","background-position":"center center","background-size":"auto","background-attachment":"scroll","background-type":"","background-media":"","overlay-type":"","overlay-color":"","overlay-opacity":"","overlay-gradient":""},"tablet":{"background-color":"var(--ast-global-color-4)","background-image":"","background-repeat":"repeat","background-position":"center center","background-size":"auto","background-attachment":"scroll","background-type":"","background-media":"","overlay-type":"","overlay-color":"","overlay-opacity":"","overlay-gradient":""},"mobile":{"background-color":"var(--ast-global-color-4)","background-image":"","background-repeat":"repeat","background-position":"center center","background-size":"auto","background-attachment":"scroll","background-type":"","background-media":"","overlay-type":"","overlay-color":"","overlay-opacity":"","overlay-gradient":""}},"_daextinma_seo_power":"","_daextinma_enable_ail":"","footnotes":""},"class_list":["post-3090","page","type-page","status-publish","hentry"],"_links":{"self":[{"href":"https:\/\/reeqitent.com\/vi\/wp-json\/wp\/v2\/pages\/3090","targetHints":{"allow":["GET"]}}],"collection":[{"href":"https:\/\/reeqitent.com\/vi\/wp-json\/wp\/v2\/pages"}],"about":[{"href":"https:\/\/reeqitent.com\/vi\/wp-json\/wp\/v2\/types\/page"}],"author":[{"embeddable":true,"href":"https:\/\/reeqitent.com\/vi\/wp-json\/wp\/v2\/users\/2"}],"replies":[{"embeddable":true,"href":"https:\/\/reeqitent.com\/vi\/wp-json\/wp\/v2\/comments?post=3090"}],"version-history":[{"count":0,"href":"https:\/\/reeqitent.com\/vi\/wp-json\/wp\/v2\/pages\/3090\/revisions"}],"wp:attachment":[{"href":"https:\/\/reeqitent.com\/vi\/wp-json\/wp\/v2\/media?parent=3090"}],"curies":[{"name":"wp","href":"https:\/\/api.w.org\/{rel}","templated":true}]}}