{"id":2722,"date":"2025-09-12T10:15:43","date_gmt":"2025-09-12T10:15:43","guid":{"rendered":"https:\/\/reeqitent.com\/?page_id=2722"},"modified":"2025-09-15T03:48:27","modified_gmt":"2025-09-15T03:48:27","slug":"custom-car-sprayinflatable-booth","status":"publish","type":"page","link":"https:\/\/reeqitent.com\/vi\/custom-car-spray-inflatable-booth-01\/","title":{"rendered":"Bu\u1ed3ng Phun S\u01a1n \u00d4 T\u00f4 B\u01a1m H\u01a1i T\u00f9y Ch\u1ec9nh"},"content":{"rendered":"<div data-elementor-type=\"wp-page\" data-elementor-id=\"2722\" class=\"elementor elementor-2722\" data-elementor-post-type=\"page\">\n\t\t\t\t<div class=\"elementor-element elementor-element-e40d5e9 e-flex e-con-boxed e-con e-parent\" data-id=\"e40d5e9\" data-element_type=\"container\">\n\t\t\t\t\t<div class=\"e-con-inner\">\n\t\t<div class=\"elementor-element elementor-element-31d62b2 e-con-full e-flex e-con e-child\" data-id=\"31d62b2\" data-element_type=\"container\">\n\t\t\t\t<div class=\"elementor-element elementor-element-2d5a8bf elementor-widget elementor-widget-heading\" data-id=\"2d5a8bf\" data-element_type=\"widget\" data-widget_type=\"heading.default\">\n\t\t\t\t\t<h2 class=\"elementor-heading-title elementor-size-default\">Bu\u1ed3ng Phun S\u01a1n \u00d4 T\u00f4 B\u01a1m H\u01a1i T\u00f9y Ch\u1ec9nh<\/h2>\t\t\t\t<\/div>\n\t\t\t\t<div class=\"elementor-element elementor-element-666580f elementor-widget elementor-widget-heading\" data-id=\"666580f\" data-element_type=\"widget\" data-widget_type=\"heading.default\">\n\t\t\t\t\t<h2 class=\"elementor-heading-title elementor-size-default\">Phun S\u01a1n \u00d4 T\u00f4 T\u1ef1 L\u00e0m S\u1ea1ch, \u1ede B\u1ea5t C\u1ee9 \u0110\u00e2u<\/h2>\t\t\t\t<\/div>\n\t\t\t\t<\/div>\n\t\t<div class=\"elementor-element elementor-element-389d04e e-con-full e-flex e-con e-child\" data-id=\"389d04e\" data-element_type=\"container\">\n\t\t\t\t<div class=\"elementor-element elementor-element-bf26d7c elementor-widget elementor-widget-heading\" data-id=\"bf26d7c\" data-element_type=\"widget\" data-widget_type=\"heading.default\">\n\t\t\t\t\t<h2 class=\"elementor-heading-title elementor-size-default\">Bu\u1ed3ng phun s\u01a1n \u00f4 t\u00f4 b\u01a1m h\u01a1i t\u1ef1 l\u00e0m v\u1edbi k\u00edch th\u01b0\u1edbc linh ho\u1ea1t, b\u1ed9 l\u1ecdc b\u1ee5i c\u00f3 th\u1ec3 thay th\u1ebf v\u00e0 kh\u00f4ng gian l\u00e0m vi\u1ec7c s\u1ea1ch s\u1ebd\u2014ng\u0103n ng\u1eeba b\u1ee5i lan t\u1ecfa v\u00e0 v\u1ebft b\u1ea9n tr\u00ean s\u00e0n \u0111\u1ec3 s\u01a1n an to\u00e0n, chuy\u00ean nghi\u1ec7p t\u1ea1i nh\u00e0<\/h2>\t\t\t\t<\/div>\n\t\t\t\t<\/div>\n\t\t\t\t\t<\/div>\n\t\t\t\t<\/div>\n\t\t<div class=\"elementor-element elementor-element-b65c824 e-flex e-con-boxed e-con e-parent\" data-id=\"b65c824\" data-element_type=\"container\" data-settings=\"{&quot;background_background&quot;:&quot;classic&quot;}\">\n\t\t\t\t\t<div class=\"e-con-inner\">\n\t\t<div class=\"elementor-element elementor-element-2ed66b6 e-con-full e-flex e-con e-child\" data-id=\"2ed66b6\" data-element_type=\"container\">\n\t\t\t\t<div class=\"elementor-element elementor-element-206b4b7 elementor-widget elementor-widget-heading\" data-id=\"206b4b7\" data-element_type=\"widget\" data-widget_type=\"heading.default\">\n\t\t\t\t\t<p class=\"elementor-heading-title elementor-size-default\">Th\u00f4ng S\u1ed1 S\u1ea3n Ph\u1ea9m\n<\/p>\t\t\t\t<\/div>\n\t\t\t\t<div class=\"elementor-element elementor-element-60a37ed elementor-widget elementor-widget-text-editor\" data-id=\"60a37ed\" data-element_type=\"widget\" data-widget_type=\"text-editor.default\">\n\t\t\t\t\t\t\t\t\t<p><strong>Ch\u1ea5t li\u1ec7u:<\/strong>V\u1ea3i Oxford 210D<\/p><p><strong>Lo\u1ea1i b\u01a1m h\u01a1i:<\/strong>Kh\u00f4ng kh\u00ed li\u00ean t\u1ee5c<\/p><p><strong>K\u00edch th\u01b0\u1edbc:<\/strong>D 4m X R 2.5m X C 2.2m<\/p><p><strong>G\u00f3i h\u00e0ng:<\/strong>90X49X48cm<\/p><p><strong>Tr\u1ecdng l\u01b0\u1ee3ng:<\/strong>28kg<\/p><p><strong>Th\u1eddi gian b\u01a1m h\u01a1i:<\/strong>th\u1ed5i kh\u00ed li\u00ean t\u1ee5c<\/p><p><strong>Nh\u00e2n l\u1ef1c:<\/strong>1~2 ng\u01b0\u1eddi<\/p>\t\t\t\t\t\t\t\t<\/div>\n\t\t\t\t<\/div>\n\t\t<div class=\"elementor-element elementor-element-b9ae39f e-con-full e-flex e-con e-child\" data-id=\"b9ae39f\" data-element_type=\"container\">\n\t\t\t\t<div class=\"elementor-element elementor-element-9cf8788 lunboImag elementor-arrows-position-inside elementor-pagination-position-outside elementor-widget elementor-widget-image-carousel\" data-id=\"9cf8788\" data-element_type=\"widget\" data-settings=\"{&quot;slides_to_show&quot;:&quot;2&quot;,&quot;image_spacing_custom&quot;:{&quot;unit&quot;:&quot;px&quot;,&quot;size&quot;:32,&quot;sizes&quot;:[]},&quot;navigation&quot;:&quot;both&quot;,&quot;autoplay&quot;:&quot;yes&quot;,&quot;pause_on_hover&quot;:&quot;yes&quot;,&quot;pause_on_interaction&quot;:&quot;yes&quot;,&quot;autoplay_speed&quot;:5000,&quot;infinite&quot;:&quot;yes&quot;,&quot;speed&quot;:500,&quot;image_spacing_custom_tablet&quot;:{&quot;unit&quot;:&quot;px&quot;,&quot;size&quot;:&quot;&quot;,&quot;sizes&quot;:[]},&quot;image_spacing_custom_mobile&quot;:{&quot;unit&quot;:&quot;px&quot;,&quot;size&quot;:&quot;&quot;,&quot;sizes&quot;:[]}}\" data-widget_type=\"image-carousel.default\">\n\t\t\t\t\t\t\t<div class=\"elementor-image-carousel-wrapper swiper\" role=\"region\" aria-roledescription=\"carousel\" aria-label=\"\u56fe\u50cf\u8f6e\u64ad\" dir=\"ltr\">\n\t\t\t<div class=\"elementor-image-carousel swiper-wrapper\" aria-live=\"off\">\n\t\t\t\t\t\t\t\t<div class=\"swiper-slide\" role=\"group\" aria-roledescription=\"slide\" aria-label=\"1 \u0438\u0437 8\"><figure class=\"swiper-slide-inner\"><img decoding=\"async\" class=\"swiper-slide-image\" src=\"https:\/\/reeqitent.com\/wp-content\/uploads\/2025\/09\/48071a55a584cbd71b3290b046b378f5-scaled.jpg\" alt=\"inflatable-car-painting-booth-01\" \/><\/figure><\/div><div class=\"swiper-slide\" role=\"group\" aria-roledescription=\"slide\" aria-label=\"2 \u0438\u0437 8\"><figure class=\"swiper-slide-inner\"><img decoding=\"async\" class=\"swiper-slide-image\" src=\"https:\/\/reeqitent.com\/wp-content\/uploads\/2025\/09\/4c8dbb89d1bdface57c5129e4311565c.jpg\" alt=\"inflatable-car-painting-booth-02\" \/><\/figure><\/div><div class=\"swiper-slide\" role=\"group\" aria-roledescription=\"slide\" aria-label=\"3 \u0438\u0437 8\"><figure class=\"swiper-slide-inner\"><img decoding=\"async\" class=\"swiper-slide-image\" src=\"https:\/\/reeqitent.com\/wp-content\/uploads\/2025\/09\/d125e176903d91cc23cfbab4f52aaff1.jpg\" alt=\"inflatable-car-painting-booth-03\" \/><\/figure><\/div><div class=\"swiper-slide\" role=\"group\" aria-roledescription=\"slide\" aria-label=\"4 \u0438\u0437 8\"><figure class=\"swiper-slide-inner\"><img decoding=\"async\" class=\"swiper-slide-image\" src=\"https:\/\/reeqitent.com\/wp-content\/uploads\/2025\/09\/ee2469eb5d34e11a8b3f5ccda007e7d1.jpg\" alt=\"inflatable-car-painting-booth-04\" \/><\/figure><\/div><div class=\"swiper-slide\" role=\"group\" aria-roledescription=\"slide\" aria-label=\"5 \u0438\u0437 8\"><figure class=\"swiper-slide-inner\"><img decoding=\"async\" class=\"swiper-slide-image\" src=\"https:\/\/reeqitent.com\/wp-content\/uploads\/2025\/09\/7dbb01bd88d8ced4a02e1f8c881a8af0.jpg\" alt=\"inflatable-car-painting-booth-05\" \/><\/figure><\/div><div class=\"swiper-slide\" role=\"group\" aria-roledescription=\"slide\" aria-label=\"6 \u0438\u0437 8\"><figure class=\"swiper-slide-inner\"><img decoding=\"async\" class=\"swiper-slide-image\" src=\"https:\/\/reeqitent.com\/wp-content\/uploads\/2025\/09\/f5353cedc52685b558beeee385eb326f.jpg\" alt=\"inflatable-car-painting-booth-06\" \/><\/figure><\/div><div class=\"swiper-slide\" role=\"group\" aria-roledescription=\"slide\" aria-label=\"7 \u0438\u0437 8\"><figure class=\"swiper-slide-inner\"><img decoding=\"async\" class=\"swiper-slide-image\" src=\"https:\/\/reeqitent.com\/wp-content\/uploads\/2025\/09\/891fbb7ec6d0ca122f112daef2742b20.jpg\" alt=\"inflatable-car-painting-booth-07\" \/><\/figure><\/div><div class=\"swiper-slide\" role=\"group\" aria-roledescription=\"slide\" aria-label=\"8 \u0438\u0437 8\"><figure class=\"swiper-slide-inner\"><img decoding=\"async\" class=\"swiper-slide-image\" src=\"https:\/\/reeqitent.com\/wp-content\/uploads\/2025\/09\/4859979877da905b5c56b0607f62d3ab.jpg\" alt=\"inflatable-car-painting-booth-08\" \/><\/figure><\/div>\t\t\t<\/div>\n\t\t\t\t\t\t\t\t\t\t\t\t<div class=\"elementor-swiper-button elementor-swiper-button-prev\" role=\"button\" tabindex=\"0\">\n\t\t\t\t\t\t<svg aria-hidden=\"true\" class=\"e-font-icon-svg e-eicon-chevron-left\" viewbox=\"0 0 1000 1000\" xmlns=\"http:\/\/www.w3.org\/2000\/svg\"><path d=\"M646 125C629 125 613 133 604 142L308 442C296 454 292 471 292 487 292 504 296 521 308 533L604 854C617 867 629 875 646 875 663 875 679 871 692 858 704 846 713 829 713 812 713 796 708 779 692 767L438 487 692 225C700 217 708 204 708 187 708 171 704 154 692 142 675 129 663 125 646 125Z\"><\/path><\/svg>\t\t\t\t\t<\/div>\n\t\t\t\t\t<div class=\"elementor-swiper-button elementor-swiper-button-next\" role=\"button\" tabindex=\"0\">\n\t\t\t\t\t\t<svg aria-hidden=\"true\" class=\"e-font-icon-svg e-eicon-chevron-right\" viewbox=\"0 0 1000 1000\" xmlns=\"http:\/\/www.w3.org\/2000\/svg\"><path d=\"M696 533C708 521 713 504 713 487 713 471 708 454 696 446L400 146C388 133 375 125 354 125 338 125 325 129 313 142 300 154 292 171 292 187 292 204 296 221 308 233L563 492 304 771C292 783 288 800 288 817 288 833 296 850 308 863 321 871 338 875 354 875 371 875 388 867 400 854L696 533Z\"><\/path><\/svg>\t\t\t\t\t<\/div>\n\t\t\t\t\n\t\t\t\t\t\t\t\t\t<div class=\"swiper-pagination\"><\/div>\n\t\t\t\t\t\t\t\t\t<\/div>\n\t\t\t\t\t\t<\/div>\n\t\t\t\t<\/div>\n\t\t\t\t\t<\/div>\n\t\t\t\t<\/div>\n\t\t<div class=\"elementor-element elementor-element-19dee9c e-flex e-con-boxed e-con e-child\" data-id=\"19dee9c\" data-element_type=\"container\">\n\t\t\t\t\t<div class=\"e-con-inner\">\n\t\t\t\t<div class=\"elementor-element elementor-element-ff9dc50 elementor-widget elementor-widget-heading\" data-id=\"ff9dc50\" data-element_type=\"widget\" data-widget_type=\"heading.default\">\n\t\t\t\t\t<h2 class=\"elementor-heading-title elementor-size-default\">Bu\u1ed3ng Phun S\u01a1n \u00d4 T\u00f4 B\u01a1m H\u01a1i T\u00f9y Ch\u1ec9nh \u2013 C\u00e2u H\u1ecfi Th\u01b0\u1eddng G\u1eb7p \n<\/h2>\t\t\t\t<\/div>\n\t\t\t\t<div class=\"elementor-element elementor-element-c9b62e5 elementor-widget-mobile__width-inherit elementor-widget elementor-widget-n-accordion\" data-id=\"c9b62e5\" data-element_type=\"widget\" data-settings=\"{&quot;default_state&quot;:&quot;expanded&quot;,&quot;max_items_expended&quot;:&quot;one&quot;,&quot;n_accordion_animation_duration&quot;:{&quot;unit&quot;:&quot;ms&quot;,&quot;size&quot;:400,&quot;sizes&quot;:[]}}\" data-widget_type=\"nested-accordion.default\">\n\t\t\t\t\t\t\t<div class=\"e-n-accordion\" aria-label=\"Accordion. M\u1edf li\u00ean k\u1ebft b\u1eb1ng Enter ho\u1eb7c Space, \u0111\u00f3ng b\u1eb1ng Escape, v\u00e0 \u0111i\u1ec1u h\u01b0\u1edbng b\u1eb1ng c\u00e1c ph\u00edm M\u0169i t\u00ean\">\n\t\t\t\t\t\t<details id=\"e-n-accordion-item-2110\" class=\"e-n-accordion-item\" open>\n\t\t\t\t<summary class=\"e-n-accordion-item-title\" data-accordion-index=\"1\" tabindex=\"0\" aria-expanded=\"true\" aria-controls=\"e-n-accordion-item-2110\" >\n\t\t\t\t\t<span class='e-n-accordion-item-title-header'><div class=\"e-n-accordion-item-title-text\"> 1. Bu\u1ed3ng phun s\u01a1n \u00f4 t\u00f4 b\u01a1m h\u01a1i d\u00f9ng \u0111\u1ec3 l\u00e0m g\u00ec? <\/div><\/span>\n\t\t\t\t\t\t\t\t\t<\/summary>\n\t\t\t\t<div role=\"region\" aria-labelledby=\"e-n-accordion-item-2110\" class=\"elementor-element elementor-element-e78e97a e-con-full e-flex e-con e-child\" data-id=\"e78e97a\" data-element_type=\"container\">\n\t\t\t\t<div class=\"elementor-element elementor-element-345e5c3 elementor-widget__width-initial elementor-widget-mobile__width-inherit elementor-widget elementor-widget-text-editor\" data-id=\"345e5c3\" data-element_type=\"widget\" data-widget_type=\"text-editor.default\">\n\t\t\t\t\t\t\t\t\t<ul><li><p>N\u00f3 cung c\u1ea5p kh\u00f4ng gian k\u00edn, s\u1ea1ch \u0111\u1ec3 s\u01a1n \u00f4 t\u00f4 ho\u1eb7c thi\u1ebft k\u1ebf t\u1ef1 l\u00e0m, ng\u0103n b\u1ee5i v\u00e0 s\u01a1n bay ra ngo\u00e0i.<\/p><\/li><\/ul>\t\t\t\t\t\t\t\t<\/div>\n\t\t\t\t<\/div>\n\t\t\t\t\t<\/details>\n\t\t\t\t\t\t<details id=\"e-n-accordion-item-2111\" class=\"e-n-accordion-item\" >\n\t\t\t\t<summary class=\"e-n-accordion-item-title\" data-accordion-index=\"2\" tabindex=\"-1\" aria-expanded=\"false\" aria-controls=\"e-n-accordion-item-2111\" >\n\t\t\t\t\t<span class='e-n-accordion-item-title-header'><div class=\"e-n-accordion-item-title-text\"> 2. C\u00f3 th\u1ec3 t\u00f9y ch\u1ec9nh k\u00edch th\u01b0\u1edbc bu\u1ed3ng kh\u00f4ng? <\/div><\/span>\n\t\t\t\t\t\t\t\t\t<\/summary>\n\t\t\t\t<div role=\"region\" aria-labelledby=\"e-n-accordion-item-2111\" class=\"elementor-element elementor-element-ead0e07 e-con-full e-flex e-con e-child\" data-id=\"ead0e07\" data-element_type=\"container\">\n\t\t\t\t<div class=\"elementor-element elementor-element-50b2311 elementor-widget__width-initial elementor-widget-mobile__width-inherit elementor-widget elementor-widget-text-editor\" data-id=\"50b2311\" data-element_type=\"widget\" data-widget_type=\"text-editor.default\">\n\t\t\t\t\t\t\t\t\t<ul><li><p>C\u00f3. Bu\u1ed3ng phun s\u01a1n \u00f4 t\u00f4 b\u01a1m h\u01a1i c\u00f3 nhi\u1ec1u k\u00edch th\u01b0\u1edbc kh\u00e1c nhau ph\u00f9 h\u1ee3p v\u1edbi \u00f4 t\u00f4, xe m\u00e1y ho\u1eb7c c\u00e1c b\u1ed9 ph\u1eadn.<\/p><\/li><\/ul>\t\t\t\t\t\t\t\t<\/div>\n\t\t\t\t<\/div>\n\t\t\t\t\t<\/details>\n\t\t\t\t\t\t<details id=\"e-n-accordion-item-2112\" class=\"e-n-accordion-item\" >\n\t\t\t\t<summary class=\"e-n-accordion-item-title\" data-accordion-index=\"3\" tabindex=\"-1\" aria-expanded=\"false\" aria-controls=\"e-n-accordion-item-2112\" >\n\t\t\t\t\t<span class='e-n-accordion-item-title-header'><div class=\"e-n-accordion-item-title-text\"> 3. L\u00e0m th\u1ebf n\u00e0o \u0111\u1ec3 gi\u1eef kh\u00f4ng gian l\u00e0m vi\u1ec7c s\u1ea1ch s\u1ebd? <\/div><\/span>\n\t\t\t\t\t\t\t\t\t<\/summary>\n\t\t\t\t<div role=\"region\" aria-labelledby=\"e-n-accordion-item-2112\" class=\"elementor-element elementor-element-cb75874 e-con-full e-flex e-con e-child\" data-id=\"cb75874\" data-element_type=\"container\">\n\t\t\t\t<div class=\"elementor-element elementor-element-1b80b19 elementor-widget__width-initial elementor-widget-mobile__width-inherit elementor-widget elementor-widget-text-editor\" data-id=\"1b80b19\" data-element_type=\"widget\" data-widget_type=\"text-editor.default\">\n\t\t\t\t\t\t\t\t\t<ul><li><p>N\u00f3 bao g\u1ed3m b\u1ed9 l\u1ecdc b\u1ee5i c\u00f3 th\u1ec3 thay th\u1ebf gi\u00fap ch\u1eb7n b\u1ee5i v\u00e0 c\u00e1c h\u1ea1t, \u0111\u1ea3m b\u1ea3o m\u00f4i tr\u01b0\u1eddng phun s\u1ea1ch v\u00e0 an to\u00e0n.<\/p><\/li><\/ul>\t\t\t\t\t\t\t\t<\/div>\n\t\t\t\t<\/div>\n\t\t\t\t\t<\/details>\n\t\t\t\t\t\t<details id=\"e-n-accordion-item-2113\" class=\"e-n-accordion-item\" >\n\t\t\t\t<summary class=\"e-n-accordion-item-title\" data-accordion-index=\"4\" tabindex=\"-1\" aria-expanded=\"false\" aria-controls=\"e-n-accordion-item-2113\" >\n\t\t\t\t\t<span class='e-n-accordion-item-title-header'><div class=\"e-n-accordion-item-title-text\"> 4. C\u00f3 d\u1ec5 d\u00e0ng \u0111\u1ec3 thi\u1ebft l\u1eadp v\u00e0 c\u1ea5t gi\u1eef kh\u00f4ng? <\/div><\/span>\n\t\t\t\t\t\t\t\t\t<\/summary>\n\t\t\t\t<div role=\"region\" aria-labelledby=\"e-n-accordion-item-2113\" class=\"elementor-element elementor-element-fee7785 e-flex e-con-boxed e-con e-child\" data-id=\"fee7785\" data-element_type=\"container\">\n\t\t\t\t\t<div class=\"e-con-inner\">\n\t\t\t\t<div class=\"elementor-element elementor-element-51f2556 elementor-widget__width-initial elementor-widget-mobile__width-inherit elementor-widget elementor-widget-text-editor\" data-id=\"51f2556\" data-element_type=\"widget\" data-widget_type=\"text-editor.default\">\n\t\t\t\t\t\t\t\t\t<ul><li><p>Ch\u1eafc ch\u1eafn r\u1ed3i. N\u00f3 ph\u1ed3ng l\u00ean nhanh ch\u00f3ng, nh\u1eb9 v\u00e0 c\u00f3 th\u1ec3 \u0111\u01b0\u1ee3c g\u1ea5p g\u1ecdn g\u00e0ng \u0111\u1ec3 c\u1ea5t gi\u1eef ti\u1ec7n l\u1ee3i.<\/p><\/li><\/ul>\t\t\t\t\t\t\t\t<\/div>\n\t\t\t\t\t<\/div>\n\t\t\t\t<\/div>\n\t\t\t\t\t<\/details>\n\t\t\t\t\t\t<details id=\"e-n-accordion-item-2114\" class=\"e-n-accordion-item\" >\n\t\t\t\t<summary class=\"e-n-accordion-item-title\" data-accordion-index=\"5\" tabindex=\"-1\" aria-expanded=\"false\" aria-controls=\"e-n-accordion-item-2114\" >\n\t\t\t\t\t<span class='e-n-accordion-item-title-header'><div class=\"e-n-accordion-item-title-text\"> 5. C\u00f3 th\u1ec3 s\u1eed d\u1ee5ng trong nh\u00e0 v\u00e0 ngo\u00e0i tr\u1eddi kh\u00f4ng? <\/div><\/span>\n\t\t\t\t\t\t\t\t\t<\/summary>\n\t\t\t\t<div role=\"region\" aria-labelledby=\"e-n-accordion-item-2114\" class=\"elementor-element elementor-element-bb7f922 e-flex e-con-boxed e-con e-child\" data-id=\"bb7f922\" data-element_type=\"container\">\n\t\t\t\t\t<div class=\"e-con-inner\">\n\t\t\t\t<div class=\"elementor-element elementor-element-b53c8cb elementor-widget__width-initial elementor-widget-mobile__width-inherit elementor-widget elementor-widget-text-editor\" data-id=\"b53c8cb\" data-element_type=\"widget\" data-widget_type=\"text-editor.default\">\n\t\t\t\t\t\t\t\t\t<ul><li><p>C\u00f3. N\u00f3 ph\u00f9 h\u1ee3p cho c\u1ea3 s\u1eed d\u1ee5ng trong nh\u00e0 v\u00e0 ngo\u00e0i tr\u1eddi, mi\u1ec5n l\u00e0 khu v\u1ef1c \u0111\u01b0\u1ee3c th\u00f4ng gi\u00f3 t\u1ed1t v\u00e0 an to\u00e0n \u0111\u1ec3 phun.<\/p><\/li><\/ul>\t\t\t\t\t\t\t\t<\/div>\n\t\t\t\t\t<\/div>\n\t\t\t\t<\/div>\n\t\t\t\t\t<\/details>\n\t\t\t\t\t<\/div>\n\t\t\t\t\t\t<\/div>\n\t\t\t\t\t<\/div>\n\t\t\t\t<\/div>\n\t\t\t\t<\/div>","protected":false},"excerpt":{"rendered":"<p>Custom Car Spray Inflatable Booth Clean DIY Car Spray, Anywhere DIY car spray inflatable booth with flexible size, replaceable dust [&hellip;]<\/p>","protected":false},"author":2,"featured_media":2730,"parent":0,"menu_order":0,"comment_status":"closed","ping_status":"closed","template":"","meta":{"site-sidebar-layout":"no-sidebar","site-content-layout":"","ast-site-content-layout":"full-width-container","site-content-style":"default","site-sidebar-style":"default","ast-global-header-display":"","ast-banner-title-visibility":"","ast-main-header-display":"","ast-hfb-above-header-display":"","ast-hfb-below-header-display":"","ast-hfb-mobile-header-display":"","site-post-title":"disabled","ast-breadcrumbs-content":"","ast-featured-img":"disabled","footer-sml-layout":"","ast-disable-related-posts":"","theme-transparent-header-meta":"","adv-header-id-meta":"","stick-header-meta":"","header-above-stick-meta":"","header-main-stick-meta":"","header-below-stick-meta":"","astra-migrate-meta-layouts":"default","ast-page-background-enabled":"default","ast-page-background-meta":{"desktop":{"background-color":"var(--ast-global-color-5)","background-image":"","background-repeat":"repeat","background-position":"center center","background-size":"auto","background-attachment":"scroll","background-type":"","background-media":"","overlay-type":"","overlay-color":"","overlay-opacity":"","overlay-gradient":""},"tablet":{"background-color":"","background-image":"","background-repeat":"repeat","background-position":"center center","background-size":"auto","background-attachment":"scroll","background-type":"","background-media":"","overlay-type":"","overlay-color":"","overlay-opacity":"","overlay-gradient":""},"mobile":{"background-color":"","background-image":"","background-repeat":"repeat","background-position":"center center","background-size":"auto","background-attachment":"scroll","background-type":"","background-media":"","overlay-type":"","overlay-color":"","overlay-opacity":"","overlay-gradient":""}},"ast-content-background-meta":{"desktop":{"background-color":"var(--ast-global-color-4)","background-image":"","background-repeat":"repeat","background-position":"center center","background-size":"auto","background-attachment":"scroll","background-type":"","background-media":"","overlay-type":"","overlay-color":"","overlay-opacity":"","overlay-gradient":""},"tablet":{"background-color":"var(--ast-global-color-4)","background-image":"","background-repeat":"repeat","background-position":"center center","background-size":"auto","background-attachment":"scroll","background-type":"","background-media":"","overlay-type":"","overlay-color":"","overlay-opacity":"","overlay-gradient":""},"mobile":{"background-color":"var(--ast-global-color-4)","background-image":"","background-repeat":"repeat","background-position":"center center","background-size":"auto","background-attachment":"scroll","background-type":"","background-media":"","overlay-type":"","overlay-color":"","overlay-opacity":"","overlay-gradient":""}},"_daextinma_seo_power":"","_daextinma_enable_ail":"","footnotes":""},"class_list":["post-2722","page","type-page","status-publish","has-post-thumbnail","hentry"],"_links":{"self":[{"href":"https:\/\/reeqitent.com\/vi\/wp-json\/wp\/v2\/pages\/2722","targetHints":{"allow":["GET"]}}],"collection":[{"href":"https:\/\/reeqitent.com\/vi\/wp-json\/wp\/v2\/pages"}],"about":[{"href":"https:\/\/reeqitent.com\/vi\/wp-json\/wp\/v2\/types\/page"}],"author":[{"embeddable":true,"href":"https:\/\/reeqitent.com\/vi\/wp-json\/wp\/v2\/users\/2"}],"replies":[{"embeddable":true,"href":"https:\/\/reeqitent.com\/vi\/wp-json\/wp\/v2\/comments?post=2722"}],"version-history":[{"count":0,"href":"https:\/\/reeqitent.com\/vi\/wp-json\/wp\/v2\/pages\/2722\/revisions"}],"wp:featuredmedia":[{"embeddable":true,"href":"https:\/\/reeqitent.com\/vi\/wp-json\/wp\/v2\/media\/2730"}],"wp:attachment":[{"href":"https:\/\/reeqitent.com\/vi\/wp-json\/wp\/v2\/media?parent=2722"}],"curies":[{"name":"wp","href":"https:\/\/api.w.org\/{rel}","templated":true}]}}