{"id":2704,"date":"2025-09-12T10:13:42","date_gmt":"2025-09-12T10:13:42","guid":{"rendered":"https:\/\/reeqitent.com\/?page_id=2704"},"modified":"2025-12-29T03:59:55","modified_gmt":"2025-12-29T03:59:55","slug":"smart-air-pump","status":"publish","type":"page","link":"https:\/\/reeqitent.com\/vi\/smart-air-pump\/","title":{"rendered":"B\u01a1m H\u01a1i Th\u00f4ng Minh"},"content":{"rendered":"<div data-elementor-type=\"wp-page\" data-elementor-id=\"2704\" class=\"elementor elementor-2704\" data-elementor-post-type=\"page\">\n\t\t\t\t<div class=\"elementor-element elementor-element-5190329 e-flex e-con-boxed e-con e-parent\" data-id=\"5190329\" data-element_type=\"container\">\n\t\t\t\t\t<div class=\"e-con-inner\">\n\t\t<div class=\"elementor-element elementor-element-a6569bc e-con-full e-flex e-con e-child\" data-id=\"a6569bc\" data-element_type=\"container\">\n\t\t\t\t<div class=\"elementor-element elementor-element-2448f3a elementor-widget elementor-widget-heading\" data-id=\"2448f3a\" data-element_type=\"widget\" data-widget_type=\"heading.default\">\n\t\t\t\t\t<h2 class=\"elementor-heading-title elementor-size-default\">B\u01a1m H\u01a1i Th\u00f4ng Minh<\/h2>\t\t\t\t<\/div>\n\t\t\t\t<div class=\"elementor-element elementor-element-f45c44e elementor-widget elementor-widget-heading\" data-id=\"f45c44e\" data-element_type=\"widget\" data-widget_type=\"heading.default\">\n\t\t\t\t\t<h2 class=\"elementor-heading-title elementor-size-default\">Power Air, B\u1ea5t c\u1ee9 l\u00fac n\u00e0o, B\u1ea5t c\u1ee9 n\u01a1i \u0111\u00e2u<\/h2>\t\t\t\t<\/div>\n\t\t\t\t<\/div>\n\t\t<div class=\"elementor-element elementor-element-e568446 e-con-full e-flex e-con e-child\" data-id=\"e568446\" data-element_type=\"container\">\n\t\t\t\t<div class=\"elementor-element elementor-element-af533f7 elementor-widget elementor-widget-heading\" data-id=\"af533f7\" data-element_type=\"widget\" data-widget_type=\"heading.default\">\n\t\t\t\t\t<h2 class=\"elementor-heading-title elementor-size-default\">B\u01a1m kh\u00ed th\u00f4ng minh k\u1ebft h\u1ee3p ki\u1ec3m so\u00e1t \u00e1p su\u1ea5t th\u00f4ng minh, b\u01a1m nhanh, ch\u1ee9c n\u0103ng pin d\u1ef1 ph\u00f2ng v\u00e0 \u0111\u00e8n LED \u2014 gi\u1ea3i ph\u00e1p t\u1ea5t c\u1ea3 trong m\u1ed9t \u0111\u00e1ng tin c\u1eady cho c\u00e1c s\u1ea3n ph\u1ea9m b\u01a1m h\u01a1i ngo\u00e0i tr\u1eddi v\u00e0 c\u00e1c cu\u1ed9c phi\u00eau l\u01b0u c\u1ee7a b\u1ea1n<\/h2>\t\t\t\t<\/div>\n\t\t\t\t<\/div>\n\t\t\t\t\t<\/div>\n\t\t\t\t<\/div>\n\t\t<div class=\"elementor-element elementor-element-be59c52 e-flex e-con-boxed e-con e-parent\" data-id=\"be59c52\" data-element_type=\"container\" data-settings=\"{&quot;background_background&quot;:&quot;classic&quot;}\">\n\t\t\t\t\t<div class=\"e-con-inner\">\n\t\t<div class=\"elementor-element elementor-element-5bb116c e-con-full e-flex e-con e-child\" data-id=\"5bb116c\" data-element_type=\"container\">\n\t\t\t\t<div class=\"elementor-element elementor-element-febaa03 elementor-widget elementor-widget-heading\" data-id=\"febaa03\" data-element_type=\"widget\" data-widget_type=\"heading.default\">\n\t\t\t\t\t<p class=\"elementor-heading-title elementor-size-default\">Th\u00f4ng S\u1ed1 S\u1ea3n Ph\u1ea9m\n<\/p>\t\t\t\t<\/div>\n\t\t\t\t<div class=\"elementor-element elementor-element-415df1c elementor-widget elementor-widget-text-editor\" data-id=\"415df1c\" data-element_type=\"widget\" data-widget_type=\"text-editor.default\">\n\t\t\t\t\t\t\t\t\t<p><strong>C\u00f4ng su\u1ea5t:<\/strong>120W<\/p><p><strong>\u00c1p su\u1ea5t t\u1ed1i \u0111a: <\/strong>2.9Psi(20Kpa)<\/p><p><strong>K\u00edch th\u01b0\u1edbc:<\/strong>D 10cm X R 7cm X C 10.5cm<\/p><p><strong>G\u00f3i h\u00e0ng:<\/strong>80X64X64cm<\/p><p><strong>Tr\u1ecdng l\u01b0\u1ee3ng:<\/strong>750g<\/p><p><strong>\u0110i\u1ec7n \u00e1p ngu\u1ed3n:<\/strong>DC12V<\/p><p><strong>Dung l\u01b0\u1ee3ng pin:<\/strong>9000mAh<\/p><p><strong>Th\u1eddi gian l\u00e0m vi\u1ec7c:<\/strong>30~45 ph\u00fat<\/p><p><strong>\u0110\u1ea7u v\u00e0o s\u1ea1c:<\/strong>5V\/2A<\/p><p><strong>Th\u1eddi gian s\u1ea1c:<\/strong>10 gi\u1edd<\/p>\t\t\t\t\t\t\t\t<\/div>\n\t\t\t\t<\/div>\n\t\t<div class=\"elementor-element elementor-element-4c1d23e e-con-full e-flex e-con e-child\" data-id=\"4c1d23e\" data-element_type=\"container\">\n\t\t\t\t<div class=\"elementor-element elementor-element-c2e42f9 lunboImag elementor-arrows-position-inside elementor-pagination-position-outside elementor-widget elementor-widget-image-carousel\" data-id=\"c2e42f9\" data-element_type=\"widget\" data-settings=\"{&quot;slides_to_show&quot;:&quot;2&quot;,&quot;image_spacing_custom&quot;:{&quot;unit&quot;:&quot;px&quot;,&quot;size&quot;:32,&quot;sizes&quot;:[]},&quot;navigation&quot;:&quot;both&quot;,&quot;autoplay&quot;:&quot;yes&quot;,&quot;pause_on_hover&quot;:&quot;yes&quot;,&quot;pause_on_interaction&quot;:&quot;yes&quot;,&quot;autoplay_speed&quot;:5000,&quot;infinite&quot;:&quot;yes&quot;,&quot;speed&quot;:500,&quot;image_spacing_custom_tablet&quot;:{&quot;unit&quot;:&quot;px&quot;,&quot;size&quot;:&quot;&quot;,&quot;sizes&quot;:[]},&quot;image_spacing_custom_mobile&quot;:{&quot;unit&quot;:&quot;px&quot;,&quot;size&quot;:&quot;&quot;,&quot;sizes&quot;:[]}}\" data-widget_type=\"image-carousel.default\">\n\t\t\t\t\t\t\t<div class=\"elementor-image-carousel-wrapper swiper\" role=\"region\" aria-roledescription=\"carousel\" aria-label=\"\u56fe\u50cf\u8f6e\u64ad\" dir=\"ltr\">\n\t\t\t<div class=\"elementor-image-carousel swiper-wrapper\" aria-live=\"off\">\n\t\t\t\t\t\t\t\t<div class=\"swiper-slide\" role=\"group\" aria-roledescription=\"slide\" aria-label=\"1 \/ 6\"><figure class=\"swiper-slide-inner\"><img decoding=\"async\" class=\"swiper-slide-image\" src=\"https:\/\/reeqitent.com\/wp-content\/uploads\/2025\/09\/b6a0d1270335bf929799531212eda5c9.jpg\" alt=\"b6a0d1270335bf929799531212eda5c9\" \/><\/figure><\/div><div class=\"swiper-slide\" role=\"group\" aria-roledescription=\"slide\" aria-label=\"2 \/ 6\"><figure class=\"swiper-slide-inner\"><img decoding=\"async\" class=\"swiper-slide-image\" src=\"https:\/\/reeqitent.com\/wp-content\/uploads\/2025\/09\/1c7c0be04d6b269cac9083f50d2943cf.jpg\" alt=\"1c7c0be04d6b269cac9083f50d2943cf\" \/><\/figure><\/div><div class=\"swiper-slide\" role=\"group\" aria-roledescription=\"slide\" aria-label=\"3 \/ 6\"><figure class=\"swiper-slide-inner\"><img decoding=\"async\" class=\"swiper-slide-image\" src=\"https:\/\/reeqitent.com\/wp-content\/uploads\/2025\/09\/64fc958c0300b4a982964346f1e39bdd.jpg\" alt=\"64fc958c0300b4a982964346f1e39bdd\" \/><\/figure><\/div><div class=\"swiper-slide\" role=\"group\" aria-roledescription=\"slide\" aria-label=\"4 \/ 6\"><figure class=\"swiper-slide-inner\"><img decoding=\"async\" class=\"swiper-slide-image\" src=\"https:\/\/reeqitent.com\/wp-content\/uploads\/2025\/09\/e8576e3d7c23d6f2a2afc11cf31ce802.jpg\" alt=\"e8576e3d7c23d6f2a2afc11cf31ce802\" \/><\/figure><\/div><div class=\"swiper-slide\" role=\"group\" aria-roledescription=\"slide\" aria-label=\"5 \/ 6\"><figure class=\"swiper-slide-inner\"><img decoding=\"async\" class=\"swiper-slide-image\" src=\"https:\/\/reeqitent.com\/wp-content\/uploads\/2025\/09\/f01ab1209b9c5346e910119c011c0601.jpg\" alt=\"001\" \/><\/figure><\/div><div class=\"swiper-slide\" role=\"group\" aria-roledescription=\"slide\" aria-label=\"6 \/ 6\"><figure class=\"swiper-slide-inner\"><img decoding=\"async\" class=\"swiper-slide-image\" src=\"https:\/\/reeqitent.com\/wp-content\/uploads\/2025\/09\/55e1c6d3f43130ee1b27524f8bc01663.jpg\" alt=\"55e1c6d3f43130ee1b27524f8bc01663\" \/><\/figure><\/div>\t\t\t<\/div>\n\t\t\t\t\t\t\t\t\t\t\t\t<div class=\"elementor-swiper-button elementor-swiper-button-prev\" role=\"button\" tabindex=\"0\">\n\t\t\t\t\t\t<svg aria-hidden=\"true\" class=\"e-font-icon-svg e-eicon-chevron-left\" viewbox=\"0 0 1000 1000\" xmlns=\"http:\/\/www.w3.org\/2000\/svg\"><path d=\"M646 125C629 125 613 133 604 142L308 442C296 454 292 471 292 487 292 504 296 521 308 533L604 854C617 867 629 875 646 875 663 875 679 871 692 858 704 846 713 829 713 812 713 796 708 779 692 767L438 487 692 225C700 217 708 204 708 187 708 171 704 154 692 142 675 129 663 125 646 125Z\"><\/path><\/svg>\t\t\t\t\t<\/div>\n\t\t\t\t\t<div class=\"elementor-swiper-button elementor-swiper-button-next\" role=\"button\" tabindex=\"0\">\n\t\t\t\t\t\t<svg aria-hidden=\"true\" class=\"e-font-icon-svg e-eicon-chevron-right\" viewbox=\"0 0 1000 1000\" xmlns=\"http:\/\/www.w3.org\/2000\/svg\"><path d=\"M696 533C708 521 713 504 713 487 713 471 708 454 696 446L400 146C388 133 375 125 354 125 338 125 325 129 313 142 300 154 292 171 292 187 292 204 296 221 308 233L563 492 304 771C292 783 288 800 288 817 288 833 296 850 308 863 321 871 338 875 354 875 371 875 388 867 400 854L696 533Z\"><\/path><\/svg>\t\t\t\t\t<\/div>\n\t\t\t\t\n\t\t\t\t\t\t\t\t\t<div class=\"swiper-pagination\"><\/div>\n\t\t\t\t\t\t\t\t\t<\/div>\n\t\t\t\t\t\t<\/div>\n\t\t\t\t<\/div>\n\t\t\t\t\t<\/div>\n\t\t\t\t<\/div>\n\t\t<div class=\"elementor-element elementor-element-efd96a5 e-flex e-con-boxed e-con e-child\" data-id=\"efd96a5\" data-element_type=\"container\">\n\t\t\t\t\t<div class=\"e-con-inner\">\n\t\t\t\t<div class=\"elementor-element elementor-element-f4abd43 elementor-widget elementor-widget-heading\" data-id=\"f4abd43\" data-element_type=\"widget\" data-widget_type=\"heading.default\">\n\t\t\t\t\t<h2 class=\"elementor-heading-title elementor-size-default\">B\u01a1m kh\u00ed th\u00f4ng minh - C\u00e2u h\u1ecfi th\u01b0\u1eddng g\u1eb7p \n<\/h2>\t\t\t\t<\/div>\n\t\t\t\t<div class=\"elementor-element elementor-element-325a9e5 elementor-widget-mobile__width-inherit elementor-widget elementor-widget-n-accordion\" data-id=\"325a9e5\" data-element_type=\"widget\" data-settings=\"{&quot;default_state&quot;:&quot;expanded&quot;,&quot;max_items_expended&quot;:&quot;one&quot;,&quot;n_accordion_animation_duration&quot;:{&quot;unit&quot;:&quot;ms&quot;,&quot;size&quot;:400,&quot;sizes&quot;:[]}}\" data-widget_type=\"nested-accordion.default\">\n\t\t\t\t\t\t\t<div class=\"e-n-accordion\" aria-label=\"Accordion. M\u1edf li\u00ean k\u1ebft b\u1eb1ng Enter ho\u1eb7c Space, \u0111\u00f3ng b\u1eb1ng Escape, v\u00e0 \u0111i\u1ec1u h\u01b0\u1edbng b\u1eb1ng c\u00e1c ph\u00edm M\u0169i t\u00ean\">\n\t\t\t\t\t\t<details id=\"e-n-accordion-item-5270\" class=\"e-n-accordion-item\" open>\n\t\t\t\t<summary class=\"e-n-accordion-item-title\" data-accordion-index=\"1\" tabindex=\"0\" aria-expanded=\"true\" aria-controls=\"e-n-accordion-item-5270\" >\n\t\t\t\t\t<span class='e-n-accordion-item-title-header'><div class=\"e-n-accordion-item-title-text\"> 1. B\u01a1m kh\u00ed th\u00f4ng minh c\u00f3 th\u1ec3 b\u01a1m nh\u1eefng s\u1ea3n ph\u1ea9m n\u00e0o? <\/div><\/span>\n\t\t\t\t\t\t\t\t\t<\/summary>\n\t\t\t\t<div role=\"region\" aria-labelledby=\"e-n-accordion-item-5270\" class=\"elementor-element elementor-element-33270fe e-con-full e-flex e-con e-child\" data-id=\"33270fe\" data-element_type=\"container\">\n\t\t\t\t<div class=\"elementor-element elementor-element-a092f94 elementor-widget__width-initial elementor-widget-mobile__width-inherit elementor-widget elementor-widget-text-editor\" data-id=\"a092f94\" data-element_type=\"widget\" data-widget_type=\"text-editor.default\">\n\t\t\t\t\t\t\t\t\t<ul><li><p>N\u00f3 ph\u00f9 h\u1ee3p cho l\u1ec1u b\u01a1m h\u01a1i, v\u00f2m, gh\u1ebf sofa, \u0111\u1ec7m, v\u00e1n l\u01b0\u1edbt s\u00f3ng v\u00e0 c\u00e1c s\u1ea3n ph\u1ea9m b\u01a1m h\u01a1i kh\u00e1c.<\/p><\/li><\/ul>\t\t\t\t\t\t\t\t<\/div>\n\t\t\t\t<\/div>\n\t\t\t\t\t<\/details>\n\t\t\t\t\t\t<details id=\"e-n-accordion-item-5271\" class=\"e-n-accordion-item\" >\n\t\t\t\t<summary class=\"e-n-accordion-item-title\" data-accordion-index=\"2\" tabindex=\"-1\" aria-expanded=\"false\" aria-controls=\"e-n-accordion-item-5271\" >\n\t\t\t\t\t<span class='e-n-accordion-item-title-header'><div class=\"e-n-accordion-item-title-text\"> 2. Pin d\u00f9ng \u0111\u01b0\u1ee3c bao l\u00e2u cho m\u1ed7i l\u1ea7n s\u1ea1c? <\/div><\/span>\n\t\t\t\t\t\t\t\t\t<\/summary>\n\t\t\t\t<div role=\"region\" aria-labelledby=\"e-n-accordion-item-5271\" class=\"elementor-element elementor-element-a7b3f86 e-con-full e-flex e-con e-child\" data-id=\"a7b3f86\" data-element_type=\"container\">\n\t\t\t\t<div class=\"elementor-element elementor-element-2250764 elementor-widget__width-initial elementor-widget-mobile__width-inherit elementor-widget elementor-widget-text-editor\" data-id=\"2250764\" data-element_type=\"widget\" data-widget_type=\"text-editor.default\">\n\t\t\t\t\t\t\t\t\t<ul><li><p>Pin t\u00edch h\u1ee3p 9000mAh cung c\u1ea5p kho\u1ea3ng 30\u201345 ph\u00fat ho\u1ea1t \u0111\u1ed9ng li\u00ean t\u1ee5c.<\/p><\/li><\/ul>\t\t\t\t\t\t\t\t<\/div>\n\t\t\t\t<\/div>\n\t\t\t\t\t<\/details>\n\t\t\t\t\t\t<details id=\"e-n-accordion-item-5272\" class=\"e-n-accordion-item\" >\n\t\t\t\t<summary class=\"e-n-accordion-item-title\" data-accordion-index=\"3\" tabindex=\"-1\" aria-expanded=\"false\" aria-controls=\"e-n-accordion-item-5272\" >\n\t\t\t\t\t<span class='e-n-accordion-item-title-header'><div class=\"e-n-accordion-item-title-text\"> 3. N\u00f3 c\u00f3 t\u1ef1 \u0111\u1ed9ng d\u1eebng khi \u0111\u1ea1t \u00e1p su\u1ea5t \u0111\u00e3 c\u00e0i \u0111\u1eb7t kh\u00f4ng? <\/div><\/span>\n\t\t\t\t\t\t\t\t\t<\/summary>\n\t\t\t\t<div role=\"region\" aria-labelledby=\"e-n-accordion-item-5272\" class=\"elementor-element elementor-element-0a6d071 e-con-full e-flex e-con e-child\" data-id=\"0a6d071\" data-element_type=\"container\">\n\t\t\t\t<div class=\"elementor-element elementor-element-499ae8c elementor-widget__width-initial elementor-widget-mobile__width-inherit elementor-widget elementor-widget-text-editor\" data-id=\"499ae8c\" data-element_type=\"widget\" data-widget_type=\"text-editor.default\">\n\t\t\t\t\t\t\t\t\t<ul><li><p>V\u00e2ng. M\u00e1y b\u01a1m kh\u00ed th\u00f4ng minh c\u00f3 ch\u1ee9c n\u0103ng gi\u00e1m s\u00e1t \u00e1p su\u1ea5t th\u00f4ng minh v\u00e0 t\u1ef1 \u0111\u1ed9ng d\u1eebng ho\u1eb7c b\u01a1m l\u1ea1i khi \u0111\u1ea1t \u0111\u01b0\u1ee3c \u00e1p su\u1ea5t PSI m\u1ee5c ti\u00eau.<\/p><\/li><\/ul>\t\t\t\t\t\t\t\t<\/div>\n\t\t\t\t<\/div>\n\t\t\t\t\t<\/details>\n\t\t\t\t\t\t<details id=\"e-n-accordion-item-5273\" class=\"e-n-accordion-item\" >\n\t\t\t\t<summary class=\"e-n-accordion-item-title\" data-accordion-index=\"4\" tabindex=\"-1\" aria-expanded=\"false\" aria-controls=\"e-n-accordion-item-5273\" >\n\t\t\t\t\t<span class='e-n-accordion-item-title-header'><div class=\"e-n-accordion-item-title-text\"> 4. N\u00f3 c\u00f3 th\u1ec3 \u0111\u01b0\u1ee3c s\u1eed d\u1ee5ng nh\u01b0 m\u1ed9t pin d\u1ef1 ph\u00f2ng kh\u00f4ng? <\/div><\/span>\n\t\t\t\t\t\t\t\t\t<\/summary>\n\t\t\t\t<div role=\"region\" aria-labelledby=\"e-n-accordion-item-5273\" class=\"elementor-element elementor-element-4843181 e-flex e-con-boxed e-con e-child\" data-id=\"4843181\" data-element_type=\"container\">\n\t\t\t\t\t<div class=\"e-con-inner\">\n\t\t\t\t<div class=\"elementor-element elementor-element-1815423 elementor-widget__width-initial elementor-widget-mobile__width-inherit elementor-widget elementor-widget-text-editor\" data-id=\"1815423\" data-element_type=\"widget\" data-widget_type=\"text-editor.default\">\n\t\t\t\t\t\t\t\t\t<ul><li><p>Ch\u1eafc ch\u1eafn r\u1ed3i. N\u00f3 cung c\u1ea5p \u0111\u1ea7u ra USB 5V\/2A, v\u00ec v\u1eady b\u1ea1n c\u00f3 th\u1ec3 s\u1ea1c \u0111i\u1ec7n tho\u1ea1i v\u00e0 thi\u1ebft b\u1ecb khi \u1edf ngo\u00e0i tr\u1eddi.<\/p><\/li><\/ul>\t\t\t\t\t\t\t\t<\/div>\n\t\t\t\t\t<\/div>\n\t\t\t\t<\/div>\n\t\t\t\t\t<\/details>\n\t\t\t\t\t\t<details id=\"e-n-accordion-item-5274\" class=\"e-n-accordion-item\" >\n\t\t\t\t<summary class=\"e-n-accordion-item-title\" data-accordion-index=\"5\" tabindex=\"-1\" aria-expanded=\"false\" aria-controls=\"e-n-accordion-item-5274\" >\n\t\t\t\t\t<span class='e-n-accordion-item-title-header'><div class=\"e-n-accordion-item-title-text\">  5. M\u00e1y b\u01a1m c\u00f3 ch\u1ed1ng n\u01b0\u1edbc kh\u00f4ng? <\/div><\/span>\n\t\t\t\t\t\t\t\t\t<\/summary>\n\t\t\t\t<div role=\"region\" aria-labelledby=\"e-n-accordion-item-5274\" class=\"elementor-element elementor-element-53ecfc0 e-flex e-con-boxed e-con e-child\" data-id=\"53ecfc0\" data-element_type=\"container\">\n\t\t\t\t\t<div class=\"e-con-inner\">\n\t\t\t\t<div class=\"elementor-element elementor-element-f541cf7 elementor-widget__width-initial elementor-widget-mobile__width-inherit elementor-widget elementor-widget-text-editor\" data-id=\"f541cf7\" data-element_type=\"widget\" data-widget_type=\"text-editor.default\">\n\t\t\t\t\t\t\t\t\t<ul><li><p>Kh\u00f4ng. M\u00e1y b\u01a1m kh\u00f4ng ch\u1ed1ng n\u01b0\u1edbc. Vui l\u00f2ng tr\u00e1nh s\u1eed d\u1ee5ng ho\u1eb7c l\u01b0u tr\u1eef trong m\u00f4i tr\u01b0\u1eddng \u1ea9m \u01b0\u1edbt.<\/p><\/li><\/ul>\t\t\t\t\t\t\t\t<\/div>\n\t\t\t\t\t<\/div>\n\t\t\t\t<\/div>\n\t\t\t\t\t<\/details>\n\t\t\t\t\t<\/div>\n\t\t\t\t\t\t<\/div>\n\t\t\t\t\t<\/div>\n\t\t\t\t<\/div>\n\t\t\t\t<\/div>","protected":false},"excerpt":{"rendered":"<p>Smart Air Pump Power Air,Anytime, Anywhere The Smart Air Pump combines intelligent pressure control, fast inflation, power bank function, and [&hellip;]<\/p>","protected":false},"author":2,"featured_media":0,"parent":0,"menu_order":0,"comment_status":"closed","ping_status":"closed","template":"","meta":{"site-sidebar-layout":"no-sidebar","site-content-layout":"","ast-site-content-layout":"full-width-container","site-content-style":"default","site-sidebar-style":"default","ast-global-header-display":"","ast-banner-title-visibility":"","ast-main-header-display":"","ast-hfb-above-header-display":"","ast-hfb-below-header-display":"","ast-hfb-mobile-header-display":"","site-post-title":"disabled","ast-breadcrumbs-content":"","ast-featured-img":"disabled","footer-sml-layout":"","ast-disable-related-posts":"","theme-transparent-header-meta":"","adv-header-id-meta":"","stick-header-meta":"","header-above-stick-meta":"","header-main-stick-meta":"","header-below-stick-meta":"","astra-migrate-meta-layouts":"default","ast-page-background-enabled":"default","ast-page-background-meta":{"desktop":{"background-color":"var(--ast-global-color-5)","background-image":"","background-repeat":"repeat","background-position":"center center","background-size":"auto","background-attachment":"scroll","background-type":"","background-media":"","overlay-type":"","overlay-color":"","overlay-opacity":"","overlay-gradient":""},"tablet":{"background-color":"","background-image":"","background-repeat":"repeat","background-position":"center center","background-size":"auto","background-attachment":"scroll","background-type":"","background-media":"","overlay-type":"","overlay-color":"","overlay-opacity":"","overlay-gradient":""},"mobile":{"background-color":"","background-image":"","background-repeat":"repeat","background-position":"center center","background-size":"auto","background-attachment":"scroll","background-type":"","background-media":"","overlay-type":"","overlay-color":"","overlay-opacity":"","overlay-gradient":""}},"ast-content-background-meta":{"desktop":{"background-color":"var(--ast-global-color-4)","background-image":"","background-repeat":"repeat","background-position":"center center","background-size":"auto","background-attachment":"scroll","background-type":"","background-media":"","overlay-type":"","overlay-color":"","overlay-opacity":"","overlay-gradient":""},"tablet":{"background-color":"var(--ast-global-color-4)","background-image":"","background-repeat":"repeat","background-position":"center center","background-size":"auto","background-attachment":"scroll","background-type":"","background-media":"","overlay-type":"","overlay-color":"","overlay-opacity":"","overlay-gradient":""},"mobile":{"background-color":"var(--ast-global-color-4)","background-image":"","background-repeat":"repeat","background-position":"center center","background-size":"auto","background-attachment":"scroll","background-type":"","background-media":"","overlay-type":"","overlay-color":"","overlay-opacity":"","overlay-gradient":""}},"_daextinma_seo_power":"","_daextinma_enable_ail":"","footnotes":""},"class_list":["post-2704","page","type-page","status-publish","hentry"],"_links":{"self":[{"href":"https:\/\/reeqitent.com\/vi\/wp-json\/wp\/v2\/pages\/2704","targetHints":{"allow":["GET"]}}],"collection":[{"href":"https:\/\/reeqitent.com\/vi\/wp-json\/wp\/v2\/pages"}],"about":[{"href":"https:\/\/reeqitent.com\/vi\/wp-json\/wp\/v2\/types\/page"}],"author":[{"embeddable":true,"href":"https:\/\/reeqitent.com\/vi\/wp-json\/wp\/v2\/users\/2"}],"replies":[{"embeddable":true,"href":"https:\/\/reeqitent.com\/vi\/wp-json\/wp\/v2\/comments?post=2704"}],"version-history":[{"count":0,"href":"https:\/\/reeqitent.com\/vi\/wp-json\/wp\/v2\/pages\/2704\/revisions"}],"wp:attachment":[{"href":"https:\/\/reeqitent.com\/vi\/wp-json\/wp\/v2\/media?parent=2704"}],"curies":[{"name":"wp","href":"https:\/\/api.w.org\/{rel}","templated":true}]}}