{"id":2482,"date":"2025-09-01T04:02:47","date_gmt":"2025-09-01T04:02:47","guid":{"rendered":"https:\/\/reeqitent.com\/?page_id=2482"},"modified":"2026-03-12T10:37:00","modified_gmt":"2026-03-12T10:37:00","slug":"blog","status":"publish","type":"page","link":"https:\/\/reeqitent.com\/vi\/blog\/","title":{"rendered":"Blog"},"content":{"rendered":"<div id=\"ez-toc-container\" class=\"ez-toc-v2_0_80 counter-hierarchy ez-toc-counter ez-toc-grey ez-toc-container-direction\">\n<div class=\"ez-toc-title-container\">\n<p class=\"ez-toc-title\" style=\"cursor:inherit\">M\u1ee5c l\u1ee5c<\/p>\n<span class=\"ez-toc-title-toggle\"><a href=\"#\" class=\"ez-toc-pull-right ez-toc-btn ez-toc-btn-xs ez-toc-btn-default ez-toc-toggle\" aria-label=\"Chuy\u1ec3n \u0111\u1ed5i M\u1ee5c l\u1ee5c\"><span class=\"ez-toc-js-icon-con\"><span class=\"\"><span class=\"eztoc-hide\" style=\"display:none;\">Chuy\u1ec3n \u0111\u1ed5i<\/span><span class=\"ez-toc-icon-toggle-span\"><svg style=\"fill: #999;color:#999\" xmlns=\"http:\/\/www.w3.org\/2000\/svg\" class=\"list-377408\" width=\"20px\" height=\"20px\" viewbox=\"0 0 24 24\" fill=\"none\"><path d=\"M6 6H4v2h2V6zm14 0H8v2h12V6zM4 11h2v2H4v-2zm16 0H8v2h12v-2zM4 16h2v2H4v-2zm16 0H8v2h12v-2z\" fill=\"currentColor\"><\/path><\/svg><svg style=\"fill: #999;color:#999\" class=\"arrow-unsorted-368013\" xmlns=\"http:\/\/www.w3.org\/2000\/svg\" width=\"10px\" height=\"10px\" viewbox=\"0 0 24 24\" version=\"1.2\" baseprofile=\"tiny\"><path d=\"M18.2 9.3l-6.2-6.3-6.2 6.3c-.2.2-.3.4-.3.7s.1.5.3.7c.2.2.4.3.7.3h11c.3 0 .5-.1.7-.3.2-.2.3-.5.3-.7s-.1-.5-.3-.7zM5.8 14.7l6.2 6.3 6.2-6.3c.2-.2.3-.5.3-.7s-.1-.5-.3-.7c-.2-.2-.4-.3-.7-.3h-11c-.3 0-.5.1-.7.3-.2.2-.3.5-.3.7s.1.5.3.7z\"\/><\/svg><\/span><\/span><\/span><\/a><\/span><\/div>\n<nav><ul class='ez-toc-list ez-toc-list-level-1' ><li class='ez-toc-page-1 ez-toc-heading-level-2'><a class=\"ez-toc-link ez-toc-heading-1\" href=\"https:\/\/reeqitent.com\/vi\/what-is-an-outdoor-inflatable-tent-house\/#1_What_Is_an_Outdoor_Inflatable_Tent_House\" >1. Nh\u00e0 L\u1ec1u B\u01a1m H\u01a1i Ngo\u00e0i Tr\u1eddi L\u00e0 G\u00ec?<\/a><\/li><li class='ez-toc-page-1 ez-toc-heading-level-2'><a class=\"ez-toc-link ez-toc-heading-2\" href=\"https:\/\/reeqitent.com\/vi\/what-is-an-outdoor-inflatable-tent-house\/#2_How_Does_an_Outdoor_Inflatable_Tent_House_Work_Technology_and_Materials\" >2. Nh\u00e0 L\u1ec1u B\u01a1m H\u01a1i Ngo\u00e0i Tr\u1eddi Ho\u1ea1t \u0110\u1ed9ng Nh\u01b0 Th\u1ebf N\u00e0o? C\u00f4ng Ngh\u1ec7 v\u00e0 V\u1eadt Li\u1ec7u<\/a><\/li><li class='ez-toc-page-1 ez-toc-heading-level-2'><a class=\"ez-toc-link ez-toc-heading-3\" href=\"https:\/\/reeqitent.com\/vi\/what-is-an-outdoor-inflatable-tent-house\/#3_Benefits_and_Typical_Use_Cases\" >3. L\u1ee3i \u00edch v\u00e0 c\u00e1c tr\u01b0\u1eddng h\u1ee3p s\u1eed d\u1ee5ng \u0111i\u1ec3n h\u00ecnh<\/a><\/li><li class='ez-toc-page-1 ez-toc-heading-level-2'><a class=\"ez-toc-link ez-toc-heading-4\" href=\"https:\/\/reeqitent.com\/vi\/what-is-an-outdoor-inflatable-tent-house\/#4_Durability_and_Weather_Resistance_Analysis\" >4. Ph\u00e2n t\u00edch \u0111\u1ed9 b\u1ec1n v\u00e0 kh\u1ea3 n\u0103ng ch\u1ed1ng ch\u1ecbu th\u1eddi ti\u1ebft<\/a><\/li><li class='ez-toc-page-1 ez-toc-heading-level-2'><a class=\"ez-toc-link ez-toc-heading-5\" href=\"https:\/\/reeqitent.com\/vi\/what-is-an-outdoor-inflatable-tent-house\/#5_How_to_Set_Up_and_Maintain_an_Outdoor_Inflatable_Tent_House\" >5. C\u00e1ch L\u1eafp \u0110\u1eb7t v\u00e0 B\u1ea3o Tr\u00ec Nh\u00e0 L\u1ec1u B\u01a1m H\u01a1i Ngo\u00e0i Tr\u1eddi<\/a><\/li><li class='ez-toc-page-1 ez-toc-heading-level-2'><a class=\"ez-toc-link ez-toc-heading-6\" href=\"https:\/\/reeqitent.com\/vi\/what-is-an-outdoor-inflatable-tent-house\/#6_Buying_Guide_Best_Products_Rental_Options_and_Regional_Suppliers\" >6. H\u01b0\u1edbng d\u1eabn mua h\u00e0ng: S\u1ea3n ph\u1ea9m t\u1ed1t nh\u1ea5t, l\u1ef1a ch\u1ecdn thu\u00ea v\u00e0 nh\u00e0 cung c\u1ea5p khu v\u1ef1c<\/a><\/li><li class='ez-toc-page-1 ez-toc-heading-level-2'><a class=\"ez-toc-link ez-toc-heading-7\" href=\"https:\/\/reeqitent.com\/vi\/what-is-an-outdoor-inflatable-tent-house\/#7_FAQs_Addressing_Common_Concerns\" >7. C\u00e2u h\u1ecfi th\u01b0\u1eddng g\u1eb7p: Gi\u1ea3i \u0111\u00e1p c\u00e1c th\u1eafc m\u1eafc ph\u1ed5 bi\u1ebfn<\/a><\/li><\/ul><\/nav><\/div>\n\t\t<div data-elementor-type=\"wp-page\" data-elementor-id=\"2482\" class=\"elementor elementor-2482\" data-elementor-post-type=\"page\">\n\t\t\t\t<div class=\"elementor-element elementor-element-0ca19da e-flex e-con-boxed e-con e-parent\" data-id=\"0ca19da\" data-element_type=\"container\" data-settings=\"{&quot;background_background&quot;:&quot;classic&quot;}\">\n\t\t\t\t\t<div class=\"e-con-inner\">\n\t\t\t\t<div class=\"elementor-element elementor-element-36fa726 elementor-widget elementor-widget-heading\" data-id=\"36fa726\" data-element_type=\"widget\" data-widget_type=\"heading.default\">\n\t\t\t\t\t<h2 class=\"elementor-heading-title elementor-size-default\">Ti\u1ebfp N\u0103ng L\u01b0\u1ee3ng Cho Th\u01b0\u01a1ng Hi\u1ec7u C\u1ee7a B\u1ea1n V\u1edbi Air<\/h2>\t\t\t\t<\/div>\n\t\t\t\t<div class=\"elementor-element elementor-element-4a3db3e elementor-widget elementor-widget-text-editor\" data-id=\"4a3db3e\" data-element_type=\"widget\" data-widget_type=\"text-editor.default\">\n\t\t\t\t\t\t\t\t\t<p>T\u0103ng C\u01b0\u1eddng Hi\u1ec3n Th\u1ecb Th\u01b0\u01a1ng Hi\u1ec7u Ngo\u00e0i Tr\u1eddi V\u1edbi Gi\u1ea3i Ph\u00e1p Qu\u1ea3ng C\u00e1o B\u01a1m H\u01a1i<\/p>\t\t\t\t\t\t\t\t<\/div>\n\t\t\t\t\t<\/div>\n\t\t\t\t<\/div>\n\t\t<div class=\"elementor-element elementor-element-cee2f0e e-flex e-con-boxed e-con e-parent\" data-id=\"cee2f0e\" data-element_type=\"container\">\n\t\t\t\t\t<div class=\"e-con-inner\">\n\t\t\t\t<div class=\"elementor-element elementor-element-dcbd429 elementor-widget elementor-widget-heading\" data-id=\"dcbd429\" data-element_type=\"widget\" data-widget_type=\"heading.default\">\n\t\t\t\t\t<h2 class=\"elementor-heading-title elementor-size-default\">Th\u00f4ng Tin Ng\u00e0nh &amp; N\u1ed9i Dung H\u1eefu \u00cdch<\/h2>\t\t\t\t<\/div>\n\t\t\t\t<div class=\"elementor-element elementor-element-2f7e0e5 elementor-grid-3 elementor-grid-tablet-2 elementor-grid-mobile-1 elementor-posts--thumbnail-top elementor-card-shadow-yes elementor-posts__hover-gradient elementor-widget elementor-widget-posts\" data-id=\"2f7e0e5\" data-element_type=\"widget\" data-settings=\"{&quot;pagination_type&quot;:&quot;numbers_and_prev_next&quot;,&quot;cards_columns&quot;:&quot;3&quot;,&quot;cards_columns_tablet&quot;:&quot;2&quot;,&quot;cards_columns_mobile&quot;:&quot;1&quot;,&quot;cards_row_gap&quot;:{&quot;unit&quot;:&quot;px&quot;,&quot;size&quot;:35,&quot;sizes&quot;:[]},&quot;cards_row_gap_tablet&quot;:{&quot;unit&quot;:&quot;px&quot;,&quot;size&quot;:&quot;&quot;,&quot;sizes&quot;:[]},&quot;cards_row_gap_mobile&quot;:{&quot;unit&quot;:&quot;px&quot;,&quot;size&quot;:&quot;&quot;,&quot;sizes&quot;:[]}}\" data-widget_type=\"posts.cards\">\n\t\t\t\t<div class=\"elementor-widget-container\">\n\t\t\t\t\t\t\t<div class=\"elementor-posts-container elementor-posts elementor-posts--skin-cards elementor-grid\" role=\"list\">\n\t\t\t\t<article class=\"elementor-post elementor-grid-item post-5529 post type-post status-publish format-standard hentry category-inflatable-tent tag-industrial-tent-for-sale tag-permanent-event-tent\" role=\"listitem\">\n\t\t\t<div class=\"elementor-post__card\">\n\t\t\t\t<div class=\"elementor-post__text\">\n\t\t\t\t<h3 class=\"elementor-post__title\">\n\t\t\t<a href=\"https:\/\/reeqitent.com\/vi\/industrial-tent-for-sale-2026\/\" target=\"&quot;_blank&quot;\">\n\t\t\t\tL\u1ec1u C\u00f4ng Nghi\u1ec7p B\u00e1n | H\u01b0\u1edbng D\u1eabn Mua S\u1eafm To\u00e0n Di\u1ec7n v\u00e0 Top 2026 L\u1ef1a Ch\u1ecdn\t\t\t<\/a>\n\t\t<\/h3>\n\t\t\t\t<div class=\"elementor-post__excerpt\">\n\t\t\t<p>Kh\u00e1m ph\u00e1 c\u00e1c l\u1ef1a ch\u1ecdn l\u1ec1u c\u00f4ng nghi\u1ec7p \u0111\u01b0\u1ee3c \u0111\u00e1nh gi\u00e1 cao \u0111\u1ec3 b\u00e1n trong n\u0103m 2024. L\u1ec1u b\u1ec1n, ch\u1ed1ng ch\u1ecbu th\u1eddi ti\u1ebft v\u00e0 c\u00f3 th\u1ec3 t\u00f9y ch\u1ec9nh v\u1edbi s\u1ef1 h\u1ed7 tr\u1ee3 chuy\u00ean nghi\u1ec7p. Nh\u1eadn b\u00e1o gi\u00e1 mi\u1ec5n ph\u00ed ngay h\u00f4m nay!<\/p>\t\t<\/div>\n\t\t\t\t<\/div>\n\t\t\t\t<div class=\"elementor-post__meta-data\">\n\t\t\t\t\t<span class=\"elementor-post-date\">\n\t\t\t9 Th\u00e1ng 4, 2026\t\t<\/span>\n\t\t\t\t<span class=\"elementor-post-avatar\">\n\t\t\tKh\u00f4ng c\u00f3 b\u00ecnh lu\u1eadn\t\t<\/span>\n\t\t\t\t<\/div>\n\t\t\t\t\t<\/div>\n\t\t<\/article>\n\t\t\t\t<article class=\"elementor-post elementor-grid-item post-5537 post type-post status-publish format-standard hentry category-inflatable-advertising-tent tag-3-man-camping-tent tag-3-man-pop-up-tent tag-3-man-tents tag-3-man-waterproof-tent tag-3-person-pop-up-tent tag-3-person-tents-for-sale tag-camping-tent-3-person tag-three-man-tent-pop-up\" role=\"listitem\">\n\t\t\t<div class=\"elementor-post__card\">\n\t\t\t\t<div class=\"elementor-post__text\">\n\t\t\t\t<h3 class=\"elementor-post__title\">\n\t\t\t<a href=\"https:\/\/reeqitent.com\/vi\/top-3-man-waterproof-tents-2026\/\" target=\"&quot;_blank&quot;\">\n\t\t\t\tTop 10 L\u1ec1u Ch\u1ed1ng N\u01b0\u1edbc 3 Ng\u01b0\u1eddi T\u1ed1t Nh\u1ea5t cho Cu\u1ed9c Phi\u00eau L\u01b0u C\u1eafm Tr\u1ea1i v\u00e0o N\u0103m 2026\t\t\t<\/a>\n\t\t<\/h3>\n\t\t\t\t<div class=\"elementor-post__excerpt\">\n\t\t\t<p>Kh\u00e1m ph\u00e1 nh\u1eefng l\u1ec1u ch\u1ed1ng th\u1ea5m n\u01b0\u1edbc t\u1ed1t nh\u1ea5t cho 3 ng\u01b0\u1eddi c\u1eafm tr\u1ea1i n\u0103m 2023. Gi\u1eef kh\u00f4 r\u00e1o, tho\u1ea3i m\u00e1i v\u00e0 s\u1eb5n s\u00e0ng cho m\u1ecdi cu\u1ed9c phi\u00eau l\u01b0u v\u1edbi nh\u1eefng l\u1ef1a ch\u1ecdn h\u00e0ng \u0111\u1ea7u \u0111\u01b0\u1ee3c chuy\u00ean gia \u0111\u00e1nh gi\u00e1 c\u1ee7a ch\u00fang t\u00f4i. Mua ngay!<\/p>\t\t<\/div>\n\t\t\t\t<\/div>\n\t\t\t\t<div class=\"elementor-post__meta-data\">\n\t\t\t\t\t<span class=\"elementor-post-date\">\n\t\t\t9 Th\u00e1ng 4, 2026\t\t<\/span>\n\t\t\t\t<span class=\"elementor-post-avatar\">\n\t\t\tKh\u00f4ng c\u00f3 b\u00ecnh lu\u1eadn\t\t<\/span>\n\t\t\t\t<\/div>\n\t\t\t\t\t<\/div>\n\t\t<\/article>\n\t\t\t\t<article class=\"elementor-post elementor-grid-item post-5528 post type-post status-publish format-standard hentry category-inflatable-tent tag-dome-canopy tag-dome-outdoor-tent tag-dome-party-tent tag-dome-tents-for-sale tag-event-dome-tent tag-huge-dome-tent tag-large-dome-tents tag-largest-dome-tent tag-tent-dome\" role=\"listitem\">\n\t\t\t<div class=\"elementor-post__card\">\n\t\t\t\t<div class=\"elementor-post__text\">\n\t\t\t\t<h3 class=\"elementor-post__title\">\n\t\t\t<a href=\"https:\/\/reeqitent.com\/vi\/huge-dome-tent-buying-guide\/\" target=\"&quot;_blank&quot;\">\n\t\t\t\tH\u01b0\u1edbng d\u1eabn mua L\u1ec1u Tr\u1ea1i K\u00edch Th\u01b0\u1edbc L\u1edbn: Nh\u1eefng L\u1ec1u Tr\u1ea1i K\u00edch Th\u01b0\u1edbc L\u1edbn T\u1ed1t Nh\u1ea5t cho S\u1ef1 Ki\u1ec7n &amp; S\u1eed D\u1ee5ng Doanh Nghi\u1ec7p\t\t\t<\/a>\n\t\t<\/h3>\n\t\t\t\t<div class=\"elementor-post__excerpt\">\n\t\t\t<p>Kh\u00e1m ph\u00e1 h\u01b0\u1edbng d\u1eabn mua l\u1ec1u m\u00e1i v\u00f2m l\u1edbn t\u1ed1i \u01b0u cho s\u1ef1 ki\u1ec7n doanh nghi\u1ec7p. T\u00ecm l\u1ec1u m\u00e1i v\u00f2m l\u1edbn b\u1ec1n b\u1ec9, ch\u1ed1ng ch\u1ecbu th\u1eddi ti\u1ebft v\u1edbi c\u00e1ch l\u1eafp \u0111\u1eb7t d\u1ec5 d\u00e0ng. Nh\u1eadn m\u1eb9o chuy\u00ean gia v\u00e0 so s\u00e1nh c\u00e1c th\u01b0\u01a1ng hi\u1ec7u h\u00e0ng \u0111\u1ea7u ngay b\u00e2y gi\u1edd!<\/p>\t\t<\/div>\n\t\t\t\t<\/div>\n\t\t\t\t<div class=\"elementor-post__meta-data\">\n\t\t\t\t\t<span class=\"elementor-post-date\">\n\t\t\t7 Th\u00e1ng 4, 2026\t\t<\/span>\n\t\t\t\t<span class=\"elementor-post-avatar\">\n\t\t\tKh\u00f4ng c\u00f3 b\u00ecnh lu\u1eadn\t\t<\/span>\n\t\t\t\t<\/div>\n\t\t\t\t\t<\/div>\n\t\t<\/article>\n\t\t\t\t<article class=\"elementor-post elementor-grid-item post-5527 post type-post status-publish format-standard hentry category-inflatable-tent tag-buy-pole-tent tag-commercial-tent-poles tag-pole-party-tent tag-pole-tent-for-sale tag-pole-tent-manufacturers\" role=\"listitem\">\n\t\t\t<div class=\"elementor-post__card\">\n\t\t\t\t<div class=\"elementor-post__text\">\n\t\t\t\t<h3 class=\"elementor-post__title\">\n\t\t\t<a href=\"https:\/\/reeqitent.com\/vi\/buy-pole-tent-guide\/\" target=\"&quot;_blank&quot;\">\n\t\t\t\tMua L\u1ec1u C\u1ed9t: H\u01b0\u1edbng D\u1eabn T\u1ed1i \u01afu \u0111\u1ec3 Ch\u1ecdn L\u1ef1a L\u1ec1u C\u1ed9t Ho\u00e0n H\u1ea3o cho Nhu C\u1ea7u C\u1ee7a B\u1ea1n\t\t\t<\/a>\n\t\t<\/h3>\n\t\t\t\t<div class=\"elementor-post__excerpt\">\n\t\t\t<p>B\u1ea1n \u0111ang t\u00ecm mua l\u1ec1u c\u1ed9t? Kh\u00e1m ph\u00e1 nh\u1eefng m\u1eb9o chuy\u00ean gia v\u1ec1 c\u00e1ch ch\u1ecdn k\u00edch th\u01b0\u1edbc, ch\u1ea5t li\u1ec7u, nh\u00e0 s\u1ea3n xu\u1ea5t uy t\u00edn v\u00e0 gi\u00e1 c\u1ea3. S\u1edf h\u1eefu ngay l\u1ec1u c\u1ed9t ho\u00e0n h\u1ea3o cho s\u1ef1 ki\u1ec7n ho\u00e0n h\u1ea3o!<\/p>\t\t<\/div>\n\t\t\t\t<\/div>\n\t\t\t\t<div class=\"elementor-post__meta-data\">\n\t\t\t\t\t<span class=\"elementor-post-date\">\n\t\t\t7 Th\u00e1ng 4, 2026\t\t<\/span>\n\t\t\t\t<span class=\"elementor-post-avatar\">\n\t\t\tKh\u00f4ng c\u00f3 b\u00ecnh lu\u1eadn\t\t<\/span>\n\t\t\t\t<\/div>\n\t\t\t\t\t<\/div>\n\t\t<\/article>\n\t\t\t\t<article class=\"elementor-post elementor-grid-item post-5526 post type-post status-publish format-standard hentry category-inflatable-advertising-tent tag-blow-up-car-tent tag-inflatable-tailgate-tent\" role=\"listitem\">\n\t\t\t<div class=\"elementor-post__card\">\n\t\t\t\t<div class=\"elementor-post__text\">\n\t\t\t\t<h3 class=\"elementor-post__title\">\n\t\t\t<a href=\"https:\/\/reeqitent.com\/vi\/best-blow-up-car-tent\/\" target=\"&quot;_blank&quot;\">\n\t\t\t\tL\u1ec1u \u00d4 T\u00f4 Th\u1ed5i H\u01a1i T\u1ed1t Nh\u1ea5t: H\u01b0\u1edbng D\u1eabn T\u1ed1i \u01afu v\u1ec1 L\u1eafp \u0110\u1eb7t, \u0110\u1ed9 B\u1ec1n &amp; S\u1eed D\u1ee5ng\t\t\t<\/a>\n\t\t<\/h3>\n\t\t\t\t<div class=\"elementor-post__excerpt\">\n\t\t\t<p>Kh\u00e1m ph\u00e1 l\u1ec1u \u00f4 t\u00f4 b\u01a1m h\u01a1i t\u1ed1t nh\u1ea5t v\u1edbi l\u1eafp \u0111\u1eb7t nhanh ch\u00f3ng, ch\u1ea5t li\u1ec7u b\u1ec1n b\u1ec9 v\u00e0 b\u1ea3o v\u1ec7 \u0111\u00e1ng tin c\u1eady. Ho\u00e0n h\u1ea3o cho xe c\u1ed9 v\u00e0 \u0111\u1ed9i xe\u2014mua ngay \u0111\u1ec3 c\u00f3 ch\u1ed7 tr\u00fa \u1ea9n ti\u1ec7n l\u1ee3i!<\/p>\t\t<\/div>\n\t\t\t\t<\/div>\n\t\t\t\t<div class=\"elementor-post__meta-data\">\n\t\t\t\t\t<span class=\"elementor-post-date\">\n\t\t\t7 Th\u00e1ng 4, 2026\t\t<\/span>\n\t\t\t\t<span class=\"elementor-post-avatar\">\n\t\t\tKh\u00f4ng c\u00f3 b\u00ecnh lu\u1eadn\t\t<\/span>\n\t\t\t\t<\/div>\n\t\t\t\t\t<\/div>\n\t\t<\/article>\n\t\t\t\t<article class=\"elementor-post elementor-grid-item post-5444 post type-post status-publish format-standard has-post-thumbnail hentry category-inflatable-advertising-tent tag-what-is-an-outdoor-inflatable-tent-house\" role=\"listitem\">\n\t\t\t<div class=\"elementor-post__card\">\n\t\t\t\t<a class=\"elementor-post__thumbnail__link\" href=\"https:\/\/reeqitent.com\/vi\/what-is-an-outdoor-inflatable-tent-house\/\" tabindex=\"-1\" target=\"_blank\"><div class=\"elementor-post__thumbnail\"><img fetchpriority=\"high\" decoding=\"async\" width=\"800\" height=\"446\" src=\"https:\/\/reeqitent.com\/wp-content\/uploads\/2026\/04\/What-Is-an-Outdoor-Inflatable-Tent-House-2-1.webp\" class=\"attachment-full size-full wp-image-5524\" alt=\"What Is An Outdoor Inflatable Tent House\" srcset=\"https:\/\/reeqitent.com\/wp-content\/uploads\/2026\/04\/What-Is-an-Outdoor-Inflatable-Tent-House-2-1.webp 800w, https:\/\/reeqitent.com\/wp-content\/uploads\/2026\/04\/What-Is-an-Outdoor-Inflatable-Tent-House-2-1-300x167.webp 300w, https:\/\/reeqitent.com\/wp-content\/uploads\/2026\/04\/What-Is-an-Outdoor-Inflatable-Tent-House-2-1-768x428.webp 768w, https:\/\/reeqitent.com\/wp-content\/uploads\/2026\/04\/What-Is-an-Outdoor-Inflatable-Tent-House-2-1-18x10.webp 18w\" sizes=\"(max-width: 800px) 100vw, 800px\" \/><\/div><\/a>\n\t\t\t\t<div class=\"elementor-post__text\">\n\t\t\t\t<h3 class=\"elementor-post__title\">\n\t\t\t<a href=\"https:\/\/reeqitent.com\/vi\/what-is-an-outdoor-inflatable-tent-house\/\" target=\"&quot;_blank&quot;\">\n\t\t\t\tL\u1ec1u H\u01a1i Ngo\u00e0i Tr\u1eddi L\u00e0 G\u00ec? H\u01b0\u1edbng D\u1eabn Ho\u00e0n Ch\u1ec9nh Cho N\u0103m 2026\t\t\t<\/a>\n\t\t<\/h3>\n\t\t\t\t<div class=\"elementor-post__excerpt\">\n\t\t\t<p>T\u00ecm hi\u1ec3u v\u1ec1 nh\u00e0 l\u1ec1u b\u01a1m h\u01a1i ngo\u00e0i tr\u1eddi l\u00e0 g\u00ec, c\u00e1ch n\u00f3 ho\u1ea1t \u0111\u1ed9ng v\u00e0 t\u1ea1i sao n\u00f3 l\u00e0 n\u01a1i tr\u00fa \u1ea9n l\u00fd t\u01b0\u1edfng cho c\u00e1c s\u1ef1 ki\u1ec7n v\u00e0 t\u00ecnh hu\u1ed1ng kh\u1ea9n c\u1ea5p. H\u1ecdc c\u00e1c m\u1eb9o l\u1eafp \u0111\u1eb7t v\u00e0 l\u1eddi khuy\u00ean mua h\u00e0ng ngay h\u00f4m nay!<\/p>\t\t<\/div>\n\t\t\t\t<\/div>\n\t\t\t\t<div class=\"elementor-post__meta-data\">\n\t\t\t\t\t<span class=\"elementor-post-date\">\n\t\t\tTh\u00e1ng 4 6, 2026\t\t<\/span>\n\t\t\t\t<span class=\"elementor-post-avatar\">\n\t\t\tKh\u00f4ng c\u00f3 b\u00ecnh lu\u1eadn\t\t<\/span>\n\t\t\t\t<\/div>\n\t\t\t\t\t<\/div>\n\t\t<\/article>\n\t\t\t\t<\/div>\n\t\t\n\t\t\t\t<div class=\"e-load-more-anchor\" data-page=\"1\" data-max-page=\"37\" data-next-page=\"https:\/\/reeqitent.com\/vi\/wp-json\/wp\/v2\/pages\/2482\/page\/2\/\"><\/div>\n\t\t\t\t<nav class=\"elementor-pagination\" aria-label=\"Ph\u00e2n trang\">\n\t\t\t<span class=\"page-numbers prev\">\u00ab Tr\u01b0\u1edbc<\/span>\n<span aria-current=\"page\" class=\"page-numbers current\"><span class=\"elementor-screen-only\">Trang<\/span>1<\/span>\n<a class=\"page-numbers\" href=\"https:\/\/reeqitent.com\/vi\/wp-json\/wp\/v2\/pages\/2482\/page\/2\/\"><span class=\"elementor-screen-only\">Trang<\/span>2<\/a>\n<a class=\"page-numbers\" href=\"https:\/\/reeqitent.com\/vi\/wp-json\/wp\/v2\/pages\/2482\/page\/3\/\"><span class=\"elementor-screen-only\">Trang<\/span>3<\/a>\n<span class=\"page-numbers dots\">&hellip;<\/span>\n<a class=\"page-numbers\" href=\"https:\/\/reeqitent.com\/vi\/wp-json\/wp\/v2\/pages\/2482\/page\/37\/\"><span class=\"elementor-screen-only\">Trang<\/span>37<\/a>\n<a class=\"page-numbers next\" href=\"https:\/\/reeqitent.com\/vi\/wp-json\/wp\/v2\/pages\/2482\/page\/2\/\">Ti\u1ebfp \u00bb<\/a>\t\t<\/nav>\n\t\t\t\t\t\t<\/div>\n\t\t\t\t<\/div>\n\t\t\t\t\t<\/div>\n\t\t\t\t<\/div>\n\t\t\t\t<\/div>","protected":false},"excerpt":{"rendered":"<p>T\u0103ng C\u01b0\u1eddng Th\u01b0\u01a1ng Hi\u1ec7u C\u1ee7a B\u1ea1n V\u1edbi Air Boost T\u0103ng Hi\u1ec7u Qu\u1ea3 Th\u01b0\u01a1ng Hi\u1ec7u Ngo\u00e0i Tr\u1eddi V\u1edbi Gi\u1ea3i Ph\u00e1p Qu\u1ea3ng C\u00e1o B\u01a1m H\u01a1i Th\u00f4ng Tin Ng\u00e0nh &amp; N\u1ed9i Dung H\u1eefu \u00cdch<\/p>","protected":false},"author":2,"featured_media":0,"parent":0,"menu_order":0,"comment_status":"closed","ping_status":"closed","template":"","meta":{"site-sidebar-layout":"no-sidebar","site-content-layout":"","ast-site-content-layout":"full-width-container","site-content-style":"default","site-sidebar-style":"default","ast-global-header-display":"","ast-banner-title-visibility":"","ast-main-header-display":"","ast-hfb-above-header-display":"","ast-hfb-below-header-display":"","ast-hfb-mobile-header-display":"","site-post-title":"disabled","ast-breadcrumbs-content":"","ast-featured-img":"disabled","footer-sml-layout":"","ast-disable-related-posts":"","theme-transparent-header-meta":"","adv-header-id-meta":"","stick-header-meta":"","header-above-stick-meta":"","header-main-stick-meta":"","header-below-stick-meta":"","astra-migrate-meta-layouts":"default","ast-page-background-enabled":"default","ast-page-background-meta":{"desktop":{"background-color":"var(--ast-global-color-5)","background-image":"","background-repeat":"repeat","background-position":"center center","background-size":"auto","background-attachment":"scroll","background-type":"","background-media":"","overlay-type":"","overlay-color":"","overlay-opacity":"","overlay-gradient":""},"tablet":{"background-color":"","background-image":"","background-repeat":"repeat","background-position":"center center","background-size":"auto","background-attachment":"scroll","background-type":"","background-media":"","overlay-type":"","overlay-color":"","overlay-opacity":"","overlay-gradient":""},"mobile":{"background-color":"","background-image":"","background-repeat":"repeat","background-position":"center center","background-size":"auto","background-attachment":"scroll","background-type":"","background-media":"","overlay-type":"","overlay-color":"","overlay-opacity":"","overlay-gradient":""}},"ast-content-background-meta":{"desktop":{"background-color":"var(--ast-global-color-4)","background-image":"","background-repeat":"repeat","background-position":"center center","background-size":"auto","background-attachment":"scroll","background-type":"","background-media":"","overlay-type":"","overlay-color":"","overlay-opacity":"","overlay-gradient":""},"tablet":{"background-color":"var(--ast-global-color-4)","background-image":"","background-repeat":"repeat","background-position":"center center","background-size":"auto","background-attachment":"scroll","background-type":"","background-media":"","overlay-type":"","overlay-color":"","overlay-opacity":"","overlay-gradient":""},"mobile":{"background-color":"var(--ast-global-color-4)","background-image":"","background-repeat":"repeat","background-position":"center center","background-size":"auto","background-attachment":"scroll","background-type":"","background-media":"","overlay-type":"","overlay-color":"","overlay-opacity":"","overlay-gradient":""}},"_daextinma_seo_power":"","_daextinma_enable_ail":"","footnotes":""},"class_list":["post-2482","page","type-page","status-publish","hentry"],"_links":{"self":[{"href":"https:\/\/reeqitent.com\/vi\/wp-json\/wp\/v2\/pages\/2482","targetHints":{"allow":["GET"]}}],"collection":[{"href":"https:\/\/reeqitent.com\/vi\/wp-json\/wp\/v2\/pages"}],"about":[{"href":"https:\/\/reeqitent.com\/vi\/wp-json\/wp\/v2\/types\/page"}],"author":[{"embeddable":true,"href":"https:\/\/reeqitent.com\/vi\/wp-json\/wp\/v2\/users\/2"}],"replies":[{"embeddable":true,"href":"https:\/\/reeqitent.com\/vi\/wp-json\/wp\/v2\/comments?post=2482"}],"version-history":[{"count":33,"href":"https:\/\/reeqitent.com\/vi\/wp-json\/wp\/v2\/pages\/2482\/revisions"}],"predecessor-version":[{"id":4784,"href":"https:\/\/reeqitent.com\/vi\/wp-json\/wp\/v2\/pages\/2482\/revisions\/4784"}],"wp:attachment":[{"href":"https:\/\/reeqitent.com\/vi\/wp-json\/wp\/v2\/media?parent=2482"}],"curies":[{"name":"wp","href":"https:\/\/api.w.org\/{rel}","templated":true}]}}