{"id":3194,"date":"2025-12-26T09:44:23","date_gmt":"2025-12-26T09:44:23","guid":{"rendered":"https:\/\/reeqitent.com\/?page_id=3194"},"modified":"2025-12-29T06:23:32","modified_gmt":"2025-12-29T06:23:32","slug":"video-manual","status":"publish","type":"page","link":"https:\/\/reeqitent.com\/tr\/video-manual\/","title":{"rendered":"Video K\u0131lavuz"},"content":{"rendered":"<div data-elementor-type=\"wp-page\" data-elementor-id=\"3194\" class=\"elementor elementor-3194\" data-elementor-post-type=\"page\">\n\t\t\t\t<div class=\"elementor-element elementor-element-3981386 e-con-full e-flex e-con e-parent\" data-id=\"3981386\" data-element_type=\"container\" data-settings=\"{&quot;background_background&quot;:&quot;classic&quot;}\">\n\t\t\t\t<div class=\"elementor-element elementor-element-aa0684f elementor-widget__width-inherit elementor-widget elementor-widget-heading\" data-id=\"aa0684f\" data-element_type=\"widget\" data-widget_type=\"heading.default\">\n\t\t\t\t\t<h2 class=\"elementor-heading-title elementor-size-default\">Video K\u0131lavuz<\/h2>\t\t\t\t<\/div>\n\t\t\t\t<\/div>\n\t\t<div class=\"elementor-element elementor-element-15c0200 e-grid e-con-boxed e-con e-parent\" data-id=\"15c0200\" data-element_type=\"container\" data-settings=\"{&quot;background_background&quot;:&quot;classic&quot;}\">\n\t\t\t\t\t<div class=\"e-con-inner\">\n\t\t<div class=\"elementor-element elementor-element-2fd5c10 e-con-full e-flex e-con e-child\" data-id=\"2fd5c10\" data-element_type=\"container\">\n\t\t\t\t<div class=\"elementor-element elementor-element-636adcb elementor-widget elementor-widget-video\" data-id=\"636adcb\" data-element_type=\"widget\" data-settings=\"{&quot;youtube_url&quot;:&quot;https:\\\/\\\/youtu.be\\\/d3qt6ax9LA8&quot;,&quot;video_type&quot;:&quot;youtube&quot;,&quot;controls&quot;:&quot;yes&quot;}\" data-widget_type=\"video.default\">\n\t\t\t\t\t\t\t<div class=\"elementor-wrapper elementor-open-inline\">\n\t\t\t<div class=\"elementor-video\"><\/div>\t\t<\/div>\n\t\t\t\t\t\t<\/div>\n\t\t\t\t<div class=\"elementor-element elementor-element-cdcd430 elementor-widget elementor-widget-heading\" data-id=\"cdcd430\" data-element_type=\"widget\" data-widget_type=\"heading.default\">\n\t\t\t\t\t<h2 class=\"elementor-heading-title elementor-size-default\">\u015ei\u015fme \u00c7ad\u0131r<\/h2>\t\t\t\t<\/div>\n\t\t\t\t<\/div>\n\t\t<div class=\"elementor-element elementor-element-c08fccd e-con-full e-flex e-con e-child\" data-id=\"c08fccd\" data-element_type=\"container\">\n\t\t\t\t<div class=\"elementor-element elementor-element-e0ad1fd elementor-widget elementor-widget-video\" data-id=\"e0ad1fd\" data-element_type=\"widget\" data-settings=\"{&quot;youtube_url&quot;:&quot;https:\\\/\\\/youtu.be\\\/-x4V4BKgE34&quot;,&quot;video_type&quot;:&quot;youtube&quot;,&quot;controls&quot;:&quot;yes&quot;}\" data-widget_type=\"video.default\">\n\t\t\t\t\t\t\t<div class=\"elementor-wrapper elementor-open-inline\">\n\t\t\t<div class=\"elementor-video\"><\/div>\t\t<\/div>\n\t\t\t\t\t\t<\/div>\n\t\t\t\t<div class=\"elementor-element elementor-element-de2bf9f elementor-widget elementor-widget-heading\" data-id=\"de2bf9f\" data-element_type=\"widget\" data-widget_type=\"heading.default\">\n\t\t\t\t\t<h2 class=\"elementor-heading-title elementor-size-default\">\u015ei\u015fme \u00c7ad\u0131r<\/h2>\t\t\t\t<\/div>\n\t\t\t\t<\/div>\n\t\t<div class=\"elementor-element elementor-element-4cd63ee e-con-full e-flex e-con e-child\" data-id=\"4cd63ee\" data-element_type=\"container\">\n\t\t\t\t<div class=\"elementor-element elementor-element-5c98699 elementor-widget elementor-widget-video\" data-id=\"5c98699\" data-element_type=\"widget\" data-settings=\"{&quot;youtube_url&quot;:&quot;https:\\\/\\\/youtu.be\\\/-xN3EOiy2DU&quot;,&quot;video_type&quot;:&quot;youtube&quot;,&quot;controls&quot;:&quot;yes&quot;}\" data-widget_type=\"video.default\">\n\t\t\t\t\t\t\t<div class=\"elementor-wrapper elementor-open-inline\">\n\t\t\t<div class=\"elementor-video\"><\/div>\t\t<\/div>\n\t\t\t\t\t\t<\/div>\n\t\t\t\t<div class=\"elementor-element elementor-element-0ec4e03 elementor-widget elementor-widget-heading\" data-id=\"0ec4e03\" data-element_type=\"widget\" data-widget_type=\"heading.default\">\n\t\t\t\t\t<h2 class=\"elementor-heading-title elementor-size-default\">\u015ei\u015fme \u00c7ad\u0131r<\/h2>\t\t\t\t<\/div>\n\t\t\t\t<\/div>\n\t\t<div class=\"elementor-element elementor-element-de15c71 e-con-full e-flex e-con e-child\" data-id=\"de15c71\" data-element_type=\"container\">\n\t\t\t\t<div class=\"elementor-element elementor-element-3848b1d elementor-widget elementor-widget-video\" data-id=\"3848b1d\" data-element_type=\"widget\" data-settings=\"{&quot;youtube_url&quot;:&quot;https:\\\/\\\/youtu.be\\\/-xN3EOiy2DU&quot;,&quot;video_type&quot;:&quot;youtube&quot;,&quot;controls&quot;:&quot;yes&quot;}\" data-widget_type=\"video.default\">\n\t\t\t\t\t\t\t<div class=\"elementor-wrapper elementor-open-inline\">\n\t\t\t<div class=\"elementor-video\"><\/div>\t\t<\/div>\n\t\t\t\t\t\t<\/div>\n\t\t\t\t<div class=\"elementor-element elementor-element-b67670a elementor-widget elementor-widget-heading\" data-id=\"b67670a\" data-element_type=\"widget\" data-widget_type=\"heading.default\">\n\t\t\t\t\t<h2 class=\"elementor-heading-title elementor-size-default\">\u015ei\u015fme \u00c7ad\u0131r<\/h2>\t\t\t\t<\/div>\n\t\t\t\t<\/div>\n\t\t<div class=\"elementor-element elementor-element-71895ff e-con-full e-flex e-con e-child\" data-id=\"71895ff\" data-element_type=\"container\">\n\t\t\t\t<div class=\"elementor-element elementor-element-6c3add6 elementor-widget elementor-widget-video\" data-id=\"6c3add6\" data-element_type=\"widget\" data-settings=\"{&quot;youtube_url&quot;:&quot;https:\\\/\\\/youtu.be\\\/-xN3EOiy2DU&quot;,&quot;video_type&quot;:&quot;youtube&quot;,&quot;controls&quot;:&quot;yes&quot;}\" data-widget_type=\"video.default\">\n\t\t\t\t\t\t\t<div class=\"elementor-wrapper elementor-open-inline\">\n\t\t\t<div class=\"elementor-video\"><\/div>\t\t<\/div>\n\t\t\t\t\t\t<\/div>\n\t\t\t\t<div class=\"elementor-element elementor-element-d736e79 elementor-widget elementor-widget-heading\" data-id=\"d736e79\" data-element_type=\"widget\" data-widget_type=\"heading.default\">\n\t\t\t\t\t<h2 class=\"elementor-heading-title elementor-size-default\">\u015ei\u015fme \u00c7ad\u0131r<\/h2>\t\t\t\t<\/div>\n\t\t\t\t<\/div>\n\t\t<div class=\"elementor-element elementor-element-2cf6192 e-con-full e-flex e-con e-child\" data-id=\"2cf6192\" data-element_type=\"container\">\n\t\t\t\t<div class=\"elementor-element elementor-element-96ec428 elementor-widget elementor-widget-video\" data-id=\"96ec428\" data-element_type=\"widget\" data-settings=\"{&quot;youtube_url&quot;:&quot;https:\\\/\\\/youtu.be\\\/09IFTX-YPWs&quot;,&quot;video_type&quot;:&quot;youtube&quot;,&quot;controls&quot;:&quot;yes&quot;}\" data-widget_type=\"video.default\">\n\t\t\t\t\t\t\t<div class=\"elementor-wrapper elementor-open-inline\">\n\t\t\t<div class=\"elementor-video\"><\/div>\t\t<\/div>\n\t\t\t\t\t\t<\/div>\n\t\t\t\t<div class=\"elementor-element elementor-element-f9cc08c elementor-widget elementor-widget-heading\" data-id=\"f9cc08c\" data-element_type=\"widget\" data-widget_type=\"heading.default\">\n\t\t\t\t\t<h2 class=\"elementor-heading-title elementor-size-default\">\u015ei\u015fme \u00c7ad\u0131r<\/h2>\t\t\t\t<\/div>\n\t\t\t\t<\/div>\n\t\t\t\t\t<\/div>\n\t\t\t\t<\/div>\n\t\t\t\t<\/div>","protected":false},"excerpt":{"rendered":"<p>Video K\u0131lavuzu https:\/\/youtu.be\/d3qt6ax9LA8 \u015ei\u015fme \u00c7ad\u0131r https:\/\/youtu.be\/-x4V4BKgE34 \u015ei\u015fme \u00c7ad\u0131r https:\/\/youtu.be\/-xN3EOiy2DU \u015ei\u015fme \u00c7ad\u0131r https:\/\/youtu.be\/-xN3EOiy2DU \u015ei\u015fme \u00c7ad\u0131r https:\/\/youtu.be\/-xN3EOiy2DU \u015ei\u015fme \u00c7ad\u0131r https:\/\/youtu.be\/09IFTX-YPWs \u015ei\u015fme \u00c7ad\u0131r<\/p>","protected":false},"author":2,"featured_media":0,"parent":0,"menu_order":0,"comment_status":"closed","ping_status":"closed","template":"","meta":{"site-sidebar-layout":"no-sidebar","site-content-layout":"","ast-site-content-layout":"full-width-container","site-content-style":"default","site-sidebar-style":"default","ast-global-header-display":"","ast-banner-title-visibility":"","ast-main-header-display":"","ast-hfb-above-header-display":"","ast-hfb-below-header-display":"","ast-hfb-mobile-header-display":"","site-post-title":"disabled","ast-breadcrumbs-content":"","ast-featured-img":"disabled","footer-sml-layout":"","ast-disable-related-posts":"","theme-transparent-header-meta":"default","adv-header-id-meta":"","stick-header-meta":"","header-above-stick-meta":"","header-main-stick-meta":"","header-below-stick-meta":"","astra-migrate-meta-layouts":"set","ast-page-background-enabled":"default","ast-page-background-meta":{"desktop":{"background-color":"var(--ast-global-color-5)","background-image":"","background-repeat":"repeat","background-position":"center center","background-size":"auto","background-attachment":"scroll","background-type":"","background-media":"","overlay-type":"","overlay-color":"","overlay-opacity":"","overlay-gradient":""},"tablet":{"background-color":"","background-image":"","background-repeat":"repeat","background-position":"center center","background-size":"auto","background-attachment":"scroll","background-type":"","background-media":"","overlay-type":"","overlay-color":"","overlay-opacity":"","overlay-gradient":""},"mobile":{"background-color":"","background-image":"","background-repeat":"repeat","background-position":"center center","background-size":"auto","background-attachment":"scroll","background-type":"","background-media":"","overlay-type":"","overlay-color":"","overlay-opacity":"","overlay-gradient":""}},"ast-content-background-meta":{"desktop":{"background-color":"var(--ast-global-color-4)","background-image":"","background-repeat":"repeat","background-position":"center center","background-size":"auto","background-attachment":"scroll","background-type":"","background-media":"","overlay-type":"","overlay-color":"","overlay-opacity":"","overlay-gradient":""},"tablet":{"background-color":"var(--ast-global-color-4)","background-image":"","background-repeat":"repeat","background-position":"center center","background-size":"auto","background-attachment":"scroll","background-type":"","background-media":"","overlay-type":"","overlay-color":"","overlay-opacity":"","overlay-gradient":""},"mobile":{"background-color":"var(--ast-global-color-4)","background-image":"","background-repeat":"repeat","background-position":"center center","background-size":"auto","background-attachment":"scroll","background-type":"","background-media":"","overlay-type":"","overlay-color":"","overlay-opacity":"","overlay-gradient":""}},"_daextinma_seo_power":"","_daextinma_enable_ail":"","footnotes":""},"class_list":["post-3194","page","type-page","status-publish","hentry"],"_links":{"self":[{"href":"https:\/\/reeqitent.com\/tr\/wp-json\/wp\/v2\/pages\/3194","targetHints":{"allow":["GET"]}}],"collection":[{"href":"https:\/\/reeqitent.com\/tr\/wp-json\/wp\/v2\/pages"}],"about":[{"href":"https:\/\/reeqitent.com\/tr\/wp-json\/wp\/v2\/types\/page"}],"author":[{"embeddable":true,"href":"https:\/\/reeqitent.com\/tr\/wp-json\/wp\/v2\/users\/2"}],"replies":[{"embeddable":true,"href":"https:\/\/reeqitent.com\/tr\/wp-json\/wp\/v2\/comments?post=3194"}],"version-history":[{"count":0,"href":"https:\/\/reeqitent.com\/tr\/wp-json\/wp\/v2\/pages\/3194\/revisions"}],"wp:attachment":[{"href":"https:\/\/reeqitent.com\/tr\/wp-json\/wp\/v2\/media?parent=3194"}],"curies":[{"name":"wp","href":"https:\/\/api.w.org\/{rel}","templated":true}]}}