{"id":3153,"date":"2025-12-26T09:36:19","date_gmt":"2025-12-26T09:36:19","guid":{"rendered":"https:\/\/reeqitent.com\/?page_id=3153"},"modified":"2025-12-31T07:19:44","modified_gmt":"2025-12-31T07:19:44","slug":"2d-template-inflatable-tent-2","status":"publish","type":"page","link":"https:\/\/reeqitent.com\/tr\/2d-template-inflatable-tent-2\/","title":{"rendered":"2D \u015eablon \u015ei\u015fme \u00c7ad\u0131r"},"content":{"rendered":"<div data-elementor-type=\"wp-page\" data-elementor-id=\"3153\" class=\"elementor elementor-3153\" data-elementor-post-type=\"page\">\n\t\t\t\t<div class=\"elementor-element elementor-element-9ded1fa e-con-full e-flex e-con e-parent\" data-id=\"9ded1fa\" data-element_type=\"container\" data-settings=\"{&quot;background_background&quot;:&quot;classic&quot;}\">\n\t\t\t\t<div class=\"elementor-element elementor-element-e5801ec elementor-widget__width-inherit elementor-widget elementor-widget-heading\" data-id=\"e5801ec\" data-element_type=\"widget\" data-widget_type=\"heading.default\">\n\t\t\t\t\t<h2 class=\"elementor-heading-title elementor-size-default\">2D \u015eablon | \u015ei\u015fme \u00c7ad\u0131r<\/h2>\t\t\t\t<\/div>\n\t\t\t\t<\/div>\n\t\t<div class=\"elementor-element elementor-element-6121207 e-grid e-con-boxed e-con e-parent\" data-id=\"6121207\" data-element_type=\"container\">\n\t\t\t\t\t<div class=\"e-con-inner\">\n\t\t<div class=\"elementor-element elementor-element-662bb37 e-con-full e-flex e-con e-child\" data-id=\"662bb37\" data-element_type=\"container\">\n\t\t<div class=\"elementor-element elementor-element-e553efc e-con-full e-flex e-con e-child\" data-id=\"e553efc\" data-element_type=\"container\">\n\t\t\t\t<div class=\"elementor-element elementor-element-b743dc6 elementor-widget elementor-widget-image\" data-id=\"b743dc6\" data-element_type=\"widget\" data-widget_type=\"image.default\">\n\t\t\t\t\t\t\t\t\t\t\t\t\t\t\t<img fetchpriority=\"high\" decoding=\"async\" width=\"500\" height=\"500\" src=\"https:\/\/reeqitent.com\/wp-content\/uploads\/2025\/12\/X6-tent.png\" class=\"attachment-full size-full wp-image-3024\" alt=\"\" srcset=\"https:\/\/reeqitent.com\/wp-content\/uploads\/2025\/12\/X6-tent.png 500w, https:\/\/reeqitent.com\/wp-content\/uploads\/2025\/12\/X6-tent-300x300.png 300w, https:\/\/reeqitent.com\/wp-content\/uploads\/2025\/12\/X6-tent-150x150.png 150w\" sizes=\"(max-width: 500px) 100vw, 500px\" \/>\t\t\t\t\t\t\t\t\t\t\t\t\t\t\t<\/div>\n\t\t\t\t<\/div>\n\t\t<div class=\"elementor-element elementor-element-f19f3d4 e-con-full e-flex e-con e-child\" data-id=\"f19f3d4\" data-element_type=\"container\">\n\t\t\t\t<div class=\"elementor-element elementor-element-4bf05c1 elementor-widget elementor-widget-heading\" data-id=\"4bf05c1\" data-element_type=\"widget\" data-widget_type=\"heading.default\">\n\t\t\t\t\t<h2 class=\"elementor-heading-title elementor-size-default\">X6 \u00c7ad\u0131r<\/h2>\t\t\t\t<\/div>\n\t\t\t\t<div class=\"elementor-element elementor-element-f729ba8 secure-download-btn elementor-widget elementor-widget-shortcode\" data-id=\"f729ba8\" data-element_type=\"widget\" data-widget_type=\"shortcode.default\">\n\t\t\t\t\t\t\t<div class=\"elementor-shortcode\">    <button class=\"secure-download-btn\" data-id=\"pdf14\" data-nonce=\"6ed7117a57\">\r\n        \u0130ndir\r\n    <\/button>\r\n    <\/div>\n\t\t\t\t\t\t<\/div>\n\t\t\t\t<\/div>\n\t\t\t\t<\/div>\n\t\t<div class=\"elementor-element elementor-element-ec6ba06 e-con-full e-flex e-con e-child\" data-id=\"ec6ba06\" data-element_type=\"container\">\n\t\t<div class=\"elementor-element elementor-element-9a05e7c e-con-full e-flex e-con e-child\" data-id=\"9a05e7c\" data-element_type=\"container\">\n\t\t\t\t<div class=\"elementor-element elementor-element-1cd8c4d elementor-widget elementor-widget-image\" data-id=\"1cd8c4d\" data-element_type=\"widget\" data-widget_type=\"image.default\">\n\t\t\t\t\t\t\t\t\t\t\t\t\t\t\t<img decoding=\"async\" width=\"500\" height=\"500\" src=\"https:\/\/reeqitent.com\/wp-content\/uploads\/2025\/12\/XII-Tent.png\" class=\"attachment-full size-full wp-image-3025\" alt=\"\" srcset=\"https:\/\/reeqitent.com\/wp-content\/uploads\/2025\/12\/XII-Tent.png 500w, https:\/\/reeqitent.com\/wp-content\/uploads\/2025\/12\/XII-Tent-300x300.png 300w, https:\/\/reeqitent.com\/wp-content\/uploads\/2025\/12\/XII-Tent-150x150.png 150w\" sizes=\"(max-width: 500px) 100vw, 500px\" \/>\t\t\t\t\t\t\t\t\t\t\t\t\t\t\t<\/div>\n\t\t\t\t<\/div>\n\t\t<div class=\"elementor-element elementor-element-3a0d357 e-con-full e-flex e-con e-child\" data-id=\"3a0d357\" data-element_type=\"container\">\n\t\t\t\t<div class=\"elementor-element elementor-element-b2525b2 elementor-widget elementor-widget-heading\" data-id=\"b2525b2\" data-element_type=\"widget\" data-widget_type=\"heading.default\">\n\t\t\t\t\t<h2 class=\"elementor-heading-title elementor-size-default\">XII-\u00c7ad\u0131r \u015fablonu (4X4M)<\/h2>\t\t\t\t<\/div>\n\t\t\t\t<div class=\"elementor-element elementor-element-e9b0a28 secure-download-btn elementor-widget elementor-widget-shortcode\" data-id=\"e9b0a28\" data-element_type=\"widget\" data-widget_type=\"shortcode.default\">\n\t\t\t\t\t\t\t<div class=\"elementor-shortcode\">    <button class=\"secure-download-btn\" data-id=\"pdf15\" data-nonce=\"0d48eb336e\">\r\n        \u0130ndir\r\n    <\/button>\r\n    <\/div>\n\t\t\t\t\t\t<\/div>\n\t\t\t\t<\/div>\n\t\t\t\t<\/div>\n\t\t<div class=\"elementor-element elementor-element-9925227 e-con-full e-flex e-con e-child\" data-id=\"9925227\" data-element_type=\"container\">\n\t\t<div class=\"elementor-element elementor-element-db44c0a e-con-full e-flex e-con e-child\" data-id=\"db44c0a\" data-element_type=\"container\">\n\t\t\t\t<div class=\"elementor-element elementor-element-5238d0f elementor-widget elementor-widget-image\" data-id=\"5238d0f\" data-element_type=\"widget\" data-widget_type=\"image.default\">\n\t\t\t\t\t\t\t\t\t\t\t\t\t\t\t<img decoding=\"async\" width=\"500\" height=\"500\" src=\"https:\/\/reeqitent.com\/wp-content\/uploads\/2025\/12\/XII-Tent.png\" class=\"attachment-full size-full wp-image-3025\" alt=\"\" srcset=\"https:\/\/reeqitent.com\/wp-content\/uploads\/2025\/12\/XII-Tent.png 500w, https:\/\/reeqitent.com\/wp-content\/uploads\/2025\/12\/XII-Tent-300x300.png 300w, https:\/\/reeqitent.com\/wp-content\/uploads\/2025\/12\/XII-Tent-150x150.png 150w\" sizes=\"(max-width: 500px) 100vw, 500px\" \/>\t\t\t\t\t\t\t\t\t\t\t\t\t\t\t<\/div>\n\t\t\t\t<\/div>\n\t\t<div class=\"elementor-element elementor-element-ef15fa3 e-con-full e-flex e-con e-child\" data-id=\"ef15fa3\" data-element_type=\"container\">\n\t\t\t\t<div class=\"elementor-element elementor-element-fc38847 elementor-widget elementor-widget-heading\" data-id=\"fc38847\" data-element_type=\"widget\" data-widget_type=\"heading.default\">\n\t\t\t\t\t<h2 class=\"elementor-heading-title elementor-size-default\">XII-\u00c7ad\u0131r \u015fablonu (6X6M)<\/h2>\t\t\t\t<\/div>\n\t\t\t\t<div class=\"elementor-element elementor-element-356d92e secure-download-btn elementor-widget elementor-widget-shortcode\" data-id=\"356d92e\" data-element_type=\"widget\" data-widget_type=\"shortcode.default\">\n\t\t\t\t\t\t\t<div class=\"elementor-shortcode\">    <button class=\"secure-download-btn\" data-id=\"pdf16\" data-nonce=\"8c7d901f18\">\r\n        \u0130ndir\r\n    <\/button>\r\n    <\/div>\n\t\t\t\t\t\t<\/div>\n\t\t\t\t<\/div>\n\t\t\t\t<\/div>\n\t\t<div class=\"elementor-element elementor-element-3697ddc e-con-full e-flex e-con e-child\" data-id=\"3697ddc\" data-element_type=\"container\">\n\t\t<div class=\"elementor-element elementor-element-6bf9904 e-con-full e-flex e-con e-child\" data-id=\"6bf9904\" data-element_type=\"container\">\n\t\t\t\t<div class=\"elementor-element elementor-element-aadb0e3 elementor-widget elementor-widget-image\" data-id=\"aadb0e3\" data-element_type=\"widget\" data-widget_type=\"image.default\">\n\t\t\t\t\t\t\t\t\t\t\t\t\t\t\t<img decoding=\"async\" width=\"500\" height=\"500\" src=\"https:\/\/reeqitent.com\/wp-content\/uploads\/2025\/12\/XII-Tent.png\" class=\"attachment-full size-full wp-image-3025\" alt=\"\" srcset=\"https:\/\/reeqitent.com\/wp-content\/uploads\/2025\/12\/XII-Tent.png 500w, https:\/\/reeqitent.com\/wp-content\/uploads\/2025\/12\/XII-Tent-300x300.png 300w, https:\/\/reeqitent.com\/wp-content\/uploads\/2025\/12\/XII-Tent-150x150.png 150w\" sizes=\"(max-width: 500px) 100vw, 500px\" \/>\t\t\t\t\t\t\t\t\t\t\t\t\t\t\t<\/div>\n\t\t\t\t<\/div>\n\t\t<div class=\"elementor-element elementor-element-4d05bba e-con-full e-flex e-con e-child\" data-id=\"4d05bba\" data-element_type=\"container\">\n\t\t\t\t<div class=\"elementor-element elementor-element-570cf1d elementor-widget elementor-widget-heading\" data-id=\"570cf1d\" data-element_type=\"widget\" data-widget_type=\"heading.default\">\n\t\t\t\t\t<h2 class=\"elementor-heading-title elementor-size-default\">XII-\u00c7ad\u0131r \u015fablonu (8X8M)<\/h2>\t\t\t\t<\/div>\n\t\t\t\t<div class=\"elementor-element elementor-element-2586eb6 secure-download-btn elementor-widget elementor-widget-shortcode\" data-id=\"2586eb6\" data-element_type=\"widget\" data-widget_type=\"shortcode.default\">\n\t\t\t\t\t\t\t<div class=\"elementor-shortcode\">    <button class=\"secure-download-btn\" data-id=\"pdf17\" data-nonce=\"d213900c40\">\r\n        \u0130ndir\r\n    <\/button>\r\n    <\/div>\n\t\t\t\t\t\t<\/div>\n\t\t\t\t<\/div>\n\t\t\t\t<\/div>\n\t\t<div class=\"elementor-element elementor-element-0ff62f3 e-con-full e-flex e-con e-child\" data-id=\"0ff62f3\" data-element_type=\"container\">\n\t\t<div class=\"elementor-element elementor-element-79c4c76 e-con-full e-flex e-con e-child\" data-id=\"79c4c76\" data-element_type=\"container\">\n\t\t\t\t<div class=\"elementor-element elementor-element-8c38cb5 elementor-widget elementor-widget-image\" data-id=\"8c38cb5\" data-element_type=\"widget\" data-widget_type=\"image.default\">\n\t\t\t\t\t\t\t\t\t\t\t\t\t\t\t<img decoding=\"async\" width=\"500\" height=\"500\" src=\"https:\/\/reeqitent.com\/wp-content\/uploads\/2025\/12\/XII-Tent.png\" class=\"attachment-full size-full wp-image-3025\" alt=\"\" srcset=\"https:\/\/reeqitent.com\/wp-content\/uploads\/2025\/12\/XII-Tent.png 500w, https:\/\/reeqitent.com\/wp-content\/uploads\/2025\/12\/XII-Tent-300x300.png 300w, https:\/\/reeqitent.com\/wp-content\/uploads\/2025\/12\/XII-Tent-150x150.png 150w\" sizes=\"(max-width: 500px) 100vw, 500px\" \/>\t\t\t\t\t\t\t\t\t\t\t\t\t\t\t<\/div>\n\t\t\t\t<\/div>\n\t\t<div class=\"elementor-element elementor-element-51d22b5 e-con-full e-flex e-con e-child\" data-id=\"51d22b5\" data-element_type=\"container\">\n\t\t\t\t<div class=\"elementor-element elementor-element-6e54877 elementor-widget elementor-widget-heading\" data-id=\"6e54877\" data-element_type=\"widget\" data-widget_type=\"heading.default\">\n\t\t\t\t\t<h2 class=\"elementor-heading-title elementor-size-default\">XII-\u00c7ad\u0131r \u015fablonu (10X10M)<\/h2>\t\t\t\t<\/div>\n\t\t\t\t<div class=\"elementor-element elementor-element-0131ca0 secure-download-btn elementor-widget elementor-widget-shortcode\" data-id=\"0131ca0\" data-element_type=\"widget\" data-widget_type=\"shortcode.default\">\n\t\t\t\t\t\t\t<div class=\"elementor-shortcode\">    <button class=\"secure-download-btn\" data-id=\"pdf18\" data-nonce=\"c8fc3c568f\">\r\n        \u0130ndir\r\n    <\/button>\r\n    <\/div>\n\t\t\t\t\t\t<\/div>\n\t\t\t\t<\/div>\n\t\t\t\t<\/div>\n\t\t<div class=\"elementor-element elementor-element-269c9a2 e-con-full e-flex e-con e-child\" data-id=\"269c9a2\" data-element_type=\"container\">\n\t\t<div class=\"elementor-element elementor-element-91b9c7d e-con-full e-flex e-con e-child\" data-id=\"91b9c7d\" data-element_type=\"container\">\n\t\t\t\t<div class=\"elementor-element elementor-element-98e0d8b elementor-widget elementor-widget-image\" data-id=\"98e0d8b\" data-element_type=\"widget\" data-widget_type=\"image.default\">\n\t\t\t\t\t\t\t\t\t\t\t\t\t\t\t<img decoding=\"async\" width=\"500\" height=\"500\" src=\"https:\/\/reeqitent.com\/wp-content\/uploads\/2025\/12\/XL-A-tent.png\" class=\"attachment-full size-full wp-image-3026\" alt=\"\" srcset=\"https:\/\/reeqitent.com\/wp-content\/uploads\/2025\/12\/XL-A-tent.png 500w, https:\/\/reeqitent.com\/wp-content\/uploads\/2025\/12\/XL-A-tent-300x300.png 300w, https:\/\/reeqitent.com\/wp-content\/uploads\/2025\/12\/XL-A-tent-150x150.png 150w\" sizes=\"(max-width: 500px) 100vw, 500px\" \/>\t\t\t\t\t\t\t\t\t\t\t\t\t\t\t<\/div>\n\t\t\t\t<\/div>\n\t\t<div class=\"elementor-element elementor-element-68cd02b e-con-full e-flex e-con e-child\" data-id=\"68cd02b\" data-element_type=\"container\">\n\t\t\t\t<div class=\"elementor-element elementor-element-a28a66d elementor-widget elementor-widget-heading\" data-id=\"a28a66d\" data-element_type=\"widget\" data-widget_type=\"heading.default\">\n\t\t\t\t\t<h2 class=\"elementor-heading-title elementor-size-default\">XL-A \u00c7ad\u0131r \u015fablonu (4X6M)<\/h2>\t\t\t\t<\/div>\n\t\t\t\t<div class=\"elementor-element elementor-element-9a5f8db secure-download-btn elementor-widget elementor-widget-shortcode\" data-id=\"9a5f8db\" data-element_type=\"widget\" data-widget_type=\"shortcode.default\">\n\t\t\t\t\t\t\t<div class=\"elementor-shortcode\">    <button class=\"secure-download-btn\" data-id=\"pdf19\" data-nonce=\"89e8454291\">\r\n        \u0130ndir\r\n    <\/button>\r\n    <\/div>\n\t\t\t\t\t\t<\/div>\n\t\t\t\t<\/div>\n\t\t\t\t<\/div>\n\t\t<div class=\"elementor-element elementor-element-7956174 e-con-full e-flex e-con e-child\" data-id=\"7956174\" data-element_type=\"container\">\n\t\t<div class=\"elementor-element elementor-element-2758004 e-con-full e-flex e-con e-child\" data-id=\"2758004\" data-element_type=\"container\">\n\t\t\t\t<div class=\"elementor-element elementor-element-ff5ea83 elementor-widget elementor-widget-image\" data-id=\"ff5ea83\" data-element_type=\"widget\" data-widget_type=\"image.default\">\n\t\t\t\t\t\t\t\t\t\t\t\t\t\t\t<img decoding=\"async\" width=\"500\" height=\"500\" src=\"https:\/\/reeqitent.com\/wp-content\/uploads\/2025\/12\/XL-A-tent.png\" class=\"attachment-full size-full wp-image-3026\" alt=\"\" srcset=\"https:\/\/reeqitent.com\/wp-content\/uploads\/2025\/12\/XL-A-tent.png 500w, https:\/\/reeqitent.com\/wp-content\/uploads\/2025\/12\/XL-A-tent-300x300.png 300w, https:\/\/reeqitent.com\/wp-content\/uploads\/2025\/12\/XL-A-tent-150x150.png 150w\" sizes=\"(max-width: 500px) 100vw, 500px\" \/>\t\t\t\t\t\t\t\t\t\t\t\t\t\t\t<\/div>\n\t\t\t\t<\/div>\n\t\t<div class=\"elementor-element elementor-element-115674f e-con-full e-flex e-con e-child\" data-id=\"115674f\" data-element_type=\"container\">\n\t\t\t\t<div class=\"elementor-element elementor-element-7396365 elementor-widget elementor-widget-heading\" data-id=\"7396365\" data-element_type=\"widget\" data-widget_type=\"heading.default\">\n\t\t\t\t\t<h2 class=\"elementor-heading-title elementor-size-default\">XL-A \u00c7ad\u0131r \u015fablonu (5X7.5M)<\/h2>\t\t\t\t<\/div>\n\t\t\t\t<div class=\"elementor-element elementor-element-5ce03dd secure-download-btn elementor-widget elementor-widget-shortcode\" data-id=\"5ce03dd\" data-element_type=\"widget\" data-widget_type=\"shortcode.default\">\n\t\t\t\t\t\t\t<div class=\"elementor-shortcode\">    <button class=\"secure-download-btn\" data-id=\"pdf20\" data-nonce=\"5810798c84\">\r\n        \u0130ndir\r\n    <\/button>\r\n    <\/div>\n\t\t\t\t\t\t<\/div>\n\t\t\t\t<\/div>\n\t\t\t\t<\/div>\n\t\t<div class=\"elementor-element elementor-element-3c92bf1 e-con-full e-flex e-con e-child\" data-id=\"3c92bf1\" data-element_type=\"container\">\n\t\t<div class=\"elementor-element elementor-element-318ae79 e-con-full e-flex e-con e-child\" data-id=\"318ae79\" data-element_type=\"container\">\n\t\t\t\t<div class=\"elementor-element elementor-element-c31af59 elementor-widget elementor-widget-image\" data-id=\"c31af59\" data-element_type=\"widget\" data-widget_type=\"image.default\">\n\t\t\t\t\t\t\t\t\t\t\t\t\t\t\t<img decoding=\"async\" width=\"500\" height=\"500\" src=\"https:\/\/reeqitent.com\/wp-content\/uploads\/2025\/12\/XL-A-tent.png\" class=\"attachment-full size-full wp-image-3026\" alt=\"\" srcset=\"https:\/\/reeqitent.com\/wp-content\/uploads\/2025\/12\/XL-A-tent.png 500w, https:\/\/reeqitent.com\/wp-content\/uploads\/2025\/12\/XL-A-tent-300x300.png 300w, https:\/\/reeqitent.com\/wp-content\/uploads\/2025\/12\/XL-A-tent-150x150.png 150w\" sizes=\"(max-width: 500px) 100vw, 500px\" \/>\t\t\t\t\t\t\t\t\t\t\t\t\t\t\t<\/div>\n\t\t\t\t<\/div>\n\t\t<div class=\"elementor-element elementor-element-c3368a6 e-con-full e-flex e-con e-child\" data-id=\"c3368a6\" data-element_type=\"container\">\n\t\t\t\t<div class=\"elementor-element elementor-element-3aa0127 elementor-widget elementor-widget-heading\" data-id=\"3aa0127\" data-element_type=\"widget\" data-widget_type=\"heading.default\">\n\t\t\t\t\t<h2 class=\"elementor-heading-title elementor-size-default\">XL-A \u00c7ad\u0131r \u015fablonu (3X4.5M)<\/h2>\t\t\t\t<\/div>\n\t\t\t\t<div class=\"elementor-element elementor-element-93ef7e2 secure-download-btn elementor-widget elementor-widget-shortcode\" data-id=\"93ef7e2\" data-element_type=\"widget\" data-widget_type=\"shortcode.default\">\n\t\t\t\t\t\t\t<div class=\"elementor-shortcode\">    <button class=\"secure-download-btn\" data-id=\"pdf21\" data-nonce=\"6c847c9335\">\r\n        \u0130ndir\r\n    <\/button>\r\n    <\/div>\n\t\t\t\t\t\t<\/div>\n\t\t\t\t<\/div>\n\t\t\t\t<\/div>\n\t\t<div class=\"elementor-element elementor-element-f988a6b e-con-full e-flex e-con e-child\" data-id=\"f988a6b\" data-element_type=\"container\">\n\t\t<div class=\"elementor-element elementor-element-8164c9c e-con-full e-flex e-con e-child\" data-id=\"8164c9c\" data-element_type=\"container\">\n\t\t\t\t<div class=\"elementor-element elementor-element-54eaf85 elementor-widget elementor-widget-image\" data-id=\"54eaf85\" data-element_type=\"widget\" data-widget_type=\"image.default\">\n\t\t\t\t\t\t\t\t\t\t\t\t\t\t\t<img loading=\"lazy\" decoding=\"async\" width=\"500\" height=\"500\" src=\"https:\/\/reeqitent.com\/wp-content\/uploads\/2025\/12\/XL-B-Tent.png\" class=\"attachment-full size-full wp-image-3027\" alt=\"\" srcset=\"https:\/\/reeqitent.com\/wp-content\/uploads\/2025\/12\/XL-B-Tent.png 500w, https:\/\/reeqitent.com\/wp-content\/uploads\/2025\/12\/XL-B-Tent-300x300.png 300w, https:\/\/reeqitent.com\/wp-content\/uploads\/2025\/12\/XL-B-Tent-150x150.png 150w\" sizes=\"(max-width: 500px) 100vw, 500px\" \/>\t\t\t\t\t\t\t\t\t\t\t\t\t\t\t<\/div>\n\t\t\t\t<\/div>\n\t\t<div class=\"elementor-element elementor-element-960d7c8 e-con-full e-flex e-con e-child\" data-id=\"960d7c8\" data-element_type=\"container\">\n\t\t\t\t<div class=\"elementor-element elementor-element-b85be4f elementor-widget elementor-widget-heading\" data-id=\"b85be4f\" data-element_type=\"widget\" data-widget_type=\"heading.default\">\n\t\t\t\t\t<h2 class=\"elementor-heading-title elementor-size-default\">XLB-\u00c7ad\u0131r<\/h2>\t\t\t\t<\/div>\n\t\t\t\t<div class=\"elementor-element elementor-element-3098e3c secure-download-btn elementor-widget elementor-widget-shortcode\" data-id=\"3098e3c\" data-element_type=\"widget\" data-widget_type=\"shortcode.default\">\n\t\t\t\t\t\t\t<div class=\"elementor-shortcode\">    <button class=\"secure-download-btn\" data-id=\"pdf22\" data-nonce=\"a08051da97\">\r\n        \u0130ndir\r\n    <\/button>\r\n    <\/div>\n\t\t\t\t\t\t<\/div>\n\t\t\t\t<\/div>\n\t\t\t\t<\/div>\n\t\t\t\t\t<\/div>\n\t\t\t\t<\/div>\n\t\t\t\t<\/div>","protected":false},"excerpt":{"rendered":"<p>2D Template | Inflatable Tent X6 Tent XII-Tent template (4X4M) XII-Tent template (6X6M) XII-Tent template (8X8M) XII-Tent template (10X10M) XL-A [&hellip;]<\/p>","protected":false},"author":2,"featured_media":0,"parent":0,"menu_order":0,"comment_status":"closed","ping_status":"closed","template":"","meta":{"site-sidebar-layout":"no-sidebar","site-content-layout":"","ast-site-content-layout":"full-width-container","site-content-style":"default","site-sidebar-style":"default","ast-global-header-display":"","ast-banner-title-visibility":"","ast-main-header-display":"","ast-hfb-above-header-display":"","ast-hfb-below-header-display":"","ast-hfb-mobile-header-display":"","site-post-title":"disabled","ast-breadcrumbs-content":"","ast-featured-img":"disabled","footer-sml-layout":"","ast-disable-related-posts":"","theme-transparent-header-meta":"default","adv-header-id-meta":"","stick-header-meta":"","header-above-stick-meta":"","header-main-stick-meta":"","header-below-stick-meta":"","astra-migrate-meta-layouts":"set","ast-page-background-enabled":"default","ast-page-background-meta":{"desktop":{"background-color":"var(--ast-global-color-5)","background-image":"","background-repeat":"repeat","background-position":"center center","background-size":"auto","background-attachment":"scroll","background-type":"","background-media":"","overlay-type":"","overlay-color":"","overlay-opacity":"","overlay-gradient":""},"tablet":{"background-color":"","background-image":"","background-repeat":"repeat","background-position":"center center","background-size":"auto","background-attachment":"scroll","background-type":"","background-media":"","overlay-type":"","overlay-color":"","overlay-opacity":"","overlay-gradient":""},"mobile":{"background-color":"","background-image":"","background-repeat":"repeat","background-position":"center center","background-size":"auto","background-attachment":"scroll","background-type":"","background-media":"","overlay-type":"","overlay-color":"","overlay-opacity":"","overlay-gradient":""}},"ast-content-background-meta":{"desktop":{"background-color":"var(--ast-global-color-4)","background-image":"","background-repeat":"repeat","background-position":"center center","background-size":"auto","background-attachment":"scroll","background-type":"","background-media":"","overlay-type":"","overlay-color":"","overlay-opacity":"","overlay-gradient":""},"tablet":{"background-color":"var(--ast-global-color-4)","background-image":"","background-repeat":"repeat","background-position":"center center","background-size":"auto","background-attachment":"scroll","background-type":"","background-media":"","overlay-type":"","overlay-color":"","overlay-opacity":"","overlay-gradient":""},"mobile":{"background-color":"var(--ast-global-color-4)","background-image":"","background-repeat":"repeat","background-position":"center center","background-size":"auto","background-attachment":"scroll","background-type":"","background-media":"","overlay-type":"","overlay-color":"","overlay-opacity":"","overlay-gradient":""}},"_daextinma_seo_power":"","_daextinma_enable_ail":"","footnotes":""},"class_list":["post-3153","page","type-page","status-publish","hentry"],"_links":{"self":[{"href":"https:\/\/reeqitent.com\/tr\/wp-json\/wp\/v2\/pages\/3153","targetHints":{"allow":["GET"]}}],"collection":[{"href":"https:\/\/reeqitent.com\/tr\/wp-json\/wp\/v2\/pages"}],"about":[{"href":"https:\/\/reeqitent.com\/tr\/wp-json\/wp\/v2\/types\/page"}],"author":[{"embeddable":true,"href":"https:\/\/reeqitent.com\/tr\/wp-json\/wp\/v2\/users\/2"}],"replies":[{"embeddable":true,"href":"https:\/\/reeqitent.com\/tr\/wp-json\/wp\/v2\/comments?post=3153"}],"version-history":[{"count":0,"href":"https:\/\/reeqitent.com\/tr\/wp-json\/wp\/v2\/pages\/3153\/revisions"}],"wp:attachment":[{"href":"https:\/\/reeqitent.com\/tr\/wp-json\/wp\/v2\/media?parent=3153"}],"curies":[{"name":"wp","href":"https:\/\/api.w.org\/{rel}","templated":true}]}}