{"id":3150,"date":"2025-12-26T09:35:00","date_gmt":"2025-12-26T09:35:00","guid":{"rendered":"https:\/\/reeqitent.com\/?page_id=3150"},"modified":"2025-12-31T07:20:41","modified_gmt":"2025-12-31T07:20:41","slug":"2d-template-inflatable-tent","status":"publish","type":"page","link":"https:\/\/reeqitent.com\/tr\/2d-template-inflatable-tent\/","title":{"rendered":"2D \u015eablon \u015ei\u015fme Mobilya"},"content":{"rendered":"<div data-elementor-type=\"wp-page\" data-elementor-id=\"3150\" class=\"elementor elementor-3150\" data-elementor-post-type=\"page\">\n\t\t\t\t<div class=\"elementor-element elementor-element-fb974af e-con-full e-flex e-con e-parent\" data-id=\"fb974af\" data-element_type=\"container\" data-settings=\"{&quot;background_background&quot;:&quot;classic&quot;}\">\n\t\t\t\t<div class=\"elementor-element elementor-element-d6ec359 elementor-widget__width-inherit elementor-widget elementor-widget-heading\" data-id=\"d6ec359\" data-element_type=\"widget\" data-widget_type=\"heading.default\">\n\t\t\t\t\t<h2 class=\"elementor-heading-title elementor-size-default\">2D \u015eablon | \u015ei\u015fme Mobilya<\/h2>\t\t\t\t<\/div>\n\t\t\t\t<\/div>\n\t\t<div class=\"elementor-element elementor-element-1b35a5e e-grid e-con-boxed e-con e-parent\" data-id=\"1b35a5e\" data-element_type=\"container\">\n\t\t\t\t\t<div class=\"e-con-inner\">\n\t\t<div class=\"elementor-element elementor-element-d107d9e e-con-full e-flex e-con e-child\" data-id=\"d107d9e\" data-element_type=\"container\">\n\t\t<div class=\"elementor-element elementor-element-da39a02 e-con-full e-flex e-con e-child\" data-id=\"da39a02\" data-element_type=\"container\">\n\t\t\t\t<div class=\"elementor-element elementor-element-da7da3a elementor-widget elementor-widget-image\" data-id=\"da7da3a\" data-element_type=\"widget\" data-widget_type=\"image.default\">\n\t\t\t\t\t\t\t\t\t\t\t\t\t\t\t<img fetchpriority=\"high\" decoding=\"async\" width=\"500\" height=\"500\" src=\"https:\/\/reeqitent.com\/wp-content\/uploads\/2025\/12\/Single-bar.png\" class=\"attachment-full size-full wp-image-3003\" alt=\"\" srcset=\"https:\/\/reeqitent.com\/wp-content\/uploads\/2025\/12\/Single-bar.png 500w, https:\/\/reeqitent.com\/wp-content\/uploads\/2025\/12\/Single-bar-300x300.png 300w, https:\/\/reeqitent.com\/wp-content\/uploads\/2025\/12\/Single-bar-150x150.png 150w\" sizes=\"(max-width: 500px) 100vw, 500px\" \/>\t\t\t\t\t\t\t\t\t\t\t\t\t\t\t<\/div>\n\t\t\t\t<\/div>\n\t\t<div class=\"elementor-element elementor-element-5567f4a e-con-full e-flex e-con e-child\" data-id=\"5567f4a\" data-element_type=\"container\">\n\t\t\t\t<div class=\"elementor-element elementor-element-e56922d elementor-widget elementor-widget-heading\" data-id=\"e56922d\" data-element_type=\"widget\" data-widget_type=\"heading.default\">\n\t\t\t\t\t<h2 class=\"elementor-heading-title elementor-size-default\">Masa I<\/h2>\t\t\t\t<\/div>\n\t\t\t\t<div class=\"elementor-element elementor-element-3565d49 secure-download-btn elementor-widget elementor-widget-shortcode\" data-id=\"3565d49\" data-element_type=\"widget\" data-widget_type=\"shortcode.default\">\n\t\t\t\t\t\t\t<div class=\"elementor-shortcode\">    <button class=\"secure-download-btn\" data-id=\"pdf23\" data-nonce=\"684bdd0621\">\r\n        \u0130ndir\r\n    <\/button>\r\n    <\/div>\n\t\t\t\t\t\t<\/div>\n\t\t\t\t<\/div>\n\t\t\t\t<\/div>\n\t\t<div class=\"elementor-element elementor-element-5673814 e-con-full e-flex e-con e-child\" data-id=\"5673814\" data-element_type=\"container\">\n\t\t<div class=\"elementor-element elementor-element-e52ca34 e-con-full e-flex e-con e-child\" data-id=\"e52ca34\" data-element_type=\"container\">\n\t\t\t\t<div class=\"elementor-element elementor-element-8261526 elementor-widget elementor-widget-image\" data-id=\"8261526\" data-element_type=\"widget\" data-widget_type=\"image.default\">\n\t\t\t\t\t\t\t\t\t\t\t\t\t\t\t<img decoding=\"async\" width=\"500\" height=\"500\" src=\"https:\/\/reeqitent.com\/wp-content\/uploads\/2025\/12\/Double-bar-counter.png\" class=\"attachment-full size-full wp-image-2997\" alt=\"\" srcset=\"https:\/\/reeqitent.com\/wp-content\/uploads\/2025\/12\/Double-bar-counter.png 500w, https:\/\/reeqitent.com\/wp-content\/uploads\/2025\/12\/Double-bar-counter-300x300.png 300w, https:\/\/reeqitent.com\/wp-content\/uploads\/2025\/12\/Double-bar-counter-150x150.png 150w\" sizes=\"(max-width: 500px) 100vw, 500px\" \/>\t\t\t\t\t\t\t\t\t\t\t\t\t\t\t<\/div>\n\t\t\t\t<\/div>\n\t\t<div class=\"elementor-element elementor-element-8b30d7d e-con-full e-flex e-con e-child\" data-id=\"8b30d7d\" data-element_type=\"container\">\n\t\t\t\t<div class=\"elementor-element elementor-element-bc7c2b6 elementor-widget elementor-widget-heading\" data-id=\"bc7c2b6\" data-element_type=\"widget\" data-widget_type=\"heading.default\">\n\t\t\t\t\t<h2 class=\"elementor-heading-title elementor-size-default\">Masa II<\/h2>\t\t\t\t<\/div>\n\t\t\t\t<div class=\"elementor-element elementor-element-b07cf2f secure-download-btn elementor-widget elementor-widget-shortcode\" data-id=\"b07cf2f\" data-element_type=\"widget\" data-widget_type=\"shortcode.default\">\n\t\t\t\t\t\t\t<div class=\"elementor-shortcode\">    <button class=\"secure-download-btn\" data-id=\"pdf24\" data-nonce=\"0431cc0221\">\r\n        \u0130ndir\r\n    <\/button>\r\n    <\/div>\n\t\t\t\t\t\t<\/div>\n\t\t\t\t<\/div>\n\t\t\t\t<\/div>\n\t\t<div class=\"elementor-element elementor-element-c1ccf71 e-con-full e-flex e-con e-child\" data-id=\"c1ccf71\" data-element_type=\"container\">\n\t\t<div class=\"elementor-element elementor-element-cb43c3f e-con-full e-flex e-con e-child\" data-id=\"cb43c3f\" data-element_type=\"container\">\n\t\t\t\t<div class=\"elementor-element elementor-element-b873b96 elementor-widget elementor-widget-image\" data-id=\"b873b96\" data-element_type=\"widget\" data-widget_type=\"image.default\">\n\t\t\t\t\t\t\t\t\t\t\t\t\t\t\t<img decoding=\"async\" width=\"500\" height=\"500\" src=\"https:\/\/reeqitent.com\/wp-content\/uploads\/2025\/12\/Straight-double-bar.png\" class=\"attachment-full size-full wp-image-3005\" alt=\"\" srcset=\"https:\/\/reeqitent.com\/wp-content\/uploads\/2025\/12\/Straight-double-bar.png 500w, https:\/\/reeqitent.com\/wp-content\/uploads\/2025\/12\/Straight-double-bar-300x300.png 300w, https:\/\/reeqitent.com\/wp-content\/uploads\/2025\/12\/Straight-double-bar-150x150.png 150w\" sizes=\"(max-width: 500px) 100vw, 500px\" \/>\t\t\t\t\t\t\t\t\t\t\t\t\t\t\t<\/div>\n\t\t\t\t<\/div>\n\t\t<div class=\"elementor-element elementor-element-09520af e-con-full e-flex e-con e-child\" data-id=\"09520af\" data-element_type=\"container\">\n\t\t\t\t<div class=\"elementor-element elementor-element-793ceb9 elementor-widget elementor-widget-heading\" data-id=\"793ceb9\" data-element_type=\"widget\" data-widget_type=\"heading.default\">\n\t\t\t\t\t<h2 class=\"elementor-heading-title elementor-size-default\">Masa IV<\/h2>\t\t\t\t<\/div>\n\t\t\t\t<div class=\"elementor-element elementor-element-9f974b1 secure-download-btn elementor-widget elementor-widget-shortcode\" data-id=\"9f974b1\" data-element_type=\"widget\" data-widget_type=\"shortcode.default\">\n\t\t\t\t\t\t\t<div class=\"elementor-shortcode\">    <button class=\"secure-download-btn\" data-id=\"pdf25\" data-nonce=\"547e84f195\">\r\n        \u0130ndir\r\n    <\/button>\r\n    <\/div>\n\t\t\t\t\t\t<\/div>\n\t\t\t\t<\/div>\n\t\t\t\t<\/div>\n\t\t<div class=\"elementor-element elementor-element-77a062f e-con-full e-flex e-con e-child\" data-id=\"77a062f\" data-element_type=\"container\">\n\t\t<div class=\"elementor-element elementor-element-776018e e-con-full e-flex e-con e-child\" data-id=\"776018e\" data-element_type=\"container\">\n\t\t\t\t<div class=\"elementor-element elementor-element-c25249b elementor-widget elementor-widget-image\" data-id=\"c25249b\" data-element_type=\"widget\" data-widget_type=\"image.default\">\n\t\t\t\t\t\t\t\t\t\t\t\t\t\t\t<img loading=\"lazy\" decoding=\"async\" width=\"500\" height=\"500\" src=\"https:\/\/reeqitent.com\/wp-content\/uploads\/2025\/12\/Tavern-table.png\" class=\"attachment-full size-full wp-image-3007\" alt=\"\" srcset=\"https:\/\/reeqitent.com\/wp-content\/uploads\/2025\/12\/Tavern-table.png 500w, https:\/\/reeqitent.com\/wp-content\/uploads\/2025\/12\/Tavern-table-300x300.png 300w, https:\/\/reeqitent.com\/wp-content\/uploads\/2025\/12\/Tavern-table-150x150.png 150w\" sizes=\"(max-width: 500px) 100vw, 500px\" \/>\t\t\t\t\t\t\t\t\t\t\t\t\t\t\t<\/div>\n\t\t\t\t<\/div>\n\t\t<div class=\"elementor-element elementor-element-aa6a93f e-con-full e-flex e-con e-child\" data-id=\"aa6a93f\" data-element_type=\"container\">\n\t\t\t\t<div class=\"elementor-element elementor-element-e7138d1 elementor-widget elementor-widget-heading\" data-id=\"e7138d1\" data-element_type=\"widget\" data-widget_type=\"heading.default\">\n\t\t\t\t\t<h2 class=\"elementor-heading-title elementor-size-default\">Masa III<\/h2>\t\t\t\t<\/div>\n\t\t\t\t<div class=\"elementor-element elementor-element-1fe2a8d secure-download-btn elementor-widget elementor-widget-shortcode\" data-id=\"1fe2a8d\" data-element_type=\"widget\" data-widget_type=\"shortcode.default\">\n\t\t\t\t\t\t\t<div class=\"elementor-shortcode\">    <button class=\"secure-download-btn\" data-id=\"pdf26\" data-nonce=\"c3f178f7f8\">\r\n        \u0130ndir\r\n    <\/button>\r\n    <\/div>\n\t\t\t\t\t\t<\/div>\n\t\t\t\t<\/div>\n\t\t\t\t<\/div>\n\t\t\t\t\t<\/div>\n\t\t\t\t<\/div>\n\t\t\t\t<\/div>","protected":false},"excerpt":{"rendered":"<p>2D \u015eablon | \u015ei\u015fme Mobilya Masa I Masa II Masa IV Masa III<\/p>","protected":false},"author":2,"featured_media":0,"parent":0,"menu_order":0,"comment_status":"closed","ping_status":"closed","template":"","meta":{"site-sidebar-layout":"no-sidebar","site-content-layout":"","ast-site-content-layout":"full-width-container","site-content-style":"default","site-sidebar-style":"default","ast-global-header-display":"","ast-banner-title-visibility":"","ast-main-header-display":"","ast-hfb-above-header-display":"","ast-hfb-below-header-display":"","ast-hfb-mobile-header-display":"","site-post-title":"disabled","ast-breadcrumbs-content":"","ast-featured-img":"disabled","footer-sml-layout":"","ast-disable-related-posts":"","theme-transparent-header-meta":"default","adv-header-id-meta":"","stick-header-meta":"","header-above-stick-meta":"","header-main-stick-meta":"","header-below-stick-meta":"","astra-migrate-meta-layouts":"set","ast-page-background-enabled":"default","ast-page-background-meta":{"desktop":{"background-color":"var(--ast-global-color-5)","background-image":"","background-repeat":"repeat","background-position":"center center","background-size":"auto","background-attachment":"scroll","background-type":"","background-media":"","overlay-type":"","overlay-color":"","overlay-opacity":"","overlay-gradient":""},"tablet":{"background-color":"","background-image":"","background-repeat":"repeat","background-position":"center center","background-size":"auto","background-attachment":"scroll","background-type":"","background-media":"","overlay-type":"","overlay-color":"","overlay-opacity":"","overlay-gradient":""},"mobile":{"background-color":"","background-image":"","background-repeat":"repeat","background-position":"center center","background-size":"auto","background-attachment":"scroll","background-type":"","background-media":"","overlay-type":"","overlay-color":"","overlay-opacity":"","overlay-gradient":""}},"ast-content-background-meta":{"desktop":{"background-color":"var(--ast-global-color-4)","background-image":"","background-repeat":"repeat","background-position":"center center","background-size":"auto","background-attachment":"scroll","background-type":"","background-media":"","overlay-type":"","overlay-color":"","overlay-opacity":"","overlay-gradient":""},"tablet":{"background-color":"var(--ast-global-color-4)","background-image":"","background-repeat":"repeat","background-position":"center center","background-size":"auto","background-attachment":"scroll","background-type":"","background-media":"","overlay-type":"","overlay-color":"","overlay-opacity":"","overlay-gradient":""},"mobile":{"background-color":"var(--ast-global-color-4)","background-image":"","background-repeat":"repeat","background-position":"center center","background-size":"auto","background-attachment":"scroll","background-type":"","background-media":"","overlay-type":"","overlay-color":"","overlay-opacity":"","overlay-gradient":""}},"_daextinma_seo_power":"","_daextinma_enable_ail":"","footnotes":""},"class_list":["post-3150","page","type-page","status-publish","hentry"],"_links":{"self":[{"href":"https:\/\/reeqitent.com\/tr\/wp-json\/wp\/v2\/pages\/3150","targetHints":{"allow":["GET"]}}],"collection":[{"href":"https:\/\/reeqitent.com\/tr\/wp-json\/wp\/v2\/pages"}],"about":[{"href":"https:\/\/reeqitent.com\/tr\/wp-json\/wp\/v2\/types\/page"}],"author":[{"embeddable":true,"href":"https:\/\/reeqitent.com\/tr\/wp-json\/wp\/v2\/users\/2"}],"replies":[{"embeddable":true,"href":"https:\/\/reeqitent.com\/tr\/wp-json\/wp\/v2\/comments?post=3150"}],"version-history":[{"count":0,"href":"https:\/\/reeqitent.com\/tr\/wp-json\/wp\/v2\/pages\/3150\/revisions"}],"wp:attachment":[{"href":"https:\/\/reeqitent.com\/tr\/wp-json\/wp\/v2\/media?parent=3150"}],"curies":[{"name":"wp","href":"https:\/\/api.w.org\/{rel}","templated":true}]}}