{"id":3094,"date":"2025-12-26T09:21:48","date_gmt":"2025-12-26T09:21:48","guid":{"rendered":"https:\/\/reeqitent.com\/?page_id=3094"},"modified":"2025-12-31T07:33:50","modified_gmt":"2025-12-31T07:33:50","slug":"display-frame-product-manual","status":"publish","type":"page","link":"https:\/\/reeqitent.com\/tr\/display-frame-product-manual\/","title":{"rendered":"G\u00f6sterim \u00c7er\u00e7evesi \u00dcr\u00fcn K\u0131lavuzu"},"content":{"rendered":"<div data-elementor-type=\"wp-page\" data-elementor-id=\"3094\" class=\"elementor elementor-3094\" data-elementor-post-type=\"page\">\n\t\t\t\t<div class=\"elementor-element elementor-element-5f59c5a e-con-full e-flex e-con e-parent\" data-id=\"5f59c5a\" data-element_type=\"container\" data-settings=\"{&quot;background_background&quot;:&quot;classic&quot;}\">\n\t\t\t\t<div class=\"elementor-element elementor-element-0420f44 elementor-widget__width-inherit elementor-widget elementor-widget-heading\" data-id=\"0420f44\" data-element_type=\"widget\" data-widget_type=\"heading.default\">\n\t\t\t\t\t<h2 class=\"elementor-heading-title elementor-size-default\">G\u00f6sterim \u00c7er\u00e7evesi \u00dcr\u00fcn K\u0131lavuzu<\/h2>\t\t\t\t<\/div>\n\t\t\t\t<\/div>\n\t\t<div class=\"elementor-element elementor-element-80d8589 e-grid e-con-boxed e-con e-parent\" data-id=\"80d8589\" data-element_type=\"container\">\n\t\t\t\t\t<div class=\"e-con-inner\">\n\t\t<div class=\"elementor-element elementor-element-7827e66 e-con-full e-flex e-con e-child\" data-id=\"7827e66\" data-element_type=\"container\">\n\t\t<div class=\"elementor-element elementor-element-cbbec86 e-con-full e-flex e-con e-child\" data-id=\"cbbec86\" data-element_type=\"container\">\n\t\t\t\t<div class=\"elementor-element elementor-element-5a80c1d elementor-widget elementor-widget-image\" data-id=\"5a80c1d\" data-element_type=\"widget\" data-widget_type=\"image.default\">\n\t\t\t\t\t\t\t\t\t\t\t\t\t\t\t<img fetchpriority=\"high\" decoding=\"async\" width=\"500\" height=\"500\" src=\"https:\/\/reeqitent.com\/wp-content\/uploads\/2025\/12\/display-frame-1.png\" class=\"attachment-full size-full wp-image-2993\" alt=\"\" srcset=\"https:\/\/reeqitent.com\/wp-content\/uploads\/2025\/12\/display-frame-1.png 500w, https:\/\/reeqitent.com\/wp-content\/uploads\/2025\/12\/display-frame-1-300x300.png 300w, https:\/\/reeqitent.com\/wp-content\/uploads\/2025\/12\/display-frame-1-150x150.png 150w\" sizes=\"(max-width: 500px) 100vw, 500px\" \/>\t\t\t\t\t\t\t\t\t\t\t\t\t\t\t<\/div>\n\t\t\t\t<\/div>\n\t\t<div class=\"elementor-element elementor-element-db576a9 e-con-full e-flex e-con e-child\" data-id=\"db576a9\" data-element_type=\"container\">\n\t\t\t\t<div class=\"elementor-element elementor-element-59f43db elementor-widget elementor-widget-heading\" data-id=\"59f43db\" data-element_type=\"widget\" data-widget_type=\"heading.default\">\n\t\t\t\t\t<h2 class=\"elementor-heading-title elementor-size-default\">Pop Up \u00c7ad\u0131rlar<\/h2>\t\t\t\t<\/div>\n\t\t\t\t<div class=\"elementor-element elementor-element-758c4f7 secure-download-btn elementor-widget elementor-widget-shortcode\" data-id=\"758c4f7\" data-element_type=\"widget\" data-widget_type=\"shortcode.default\">\n\t\t\t\t\t\t\t<div class=\"elementor-shortcode\">    <button class=\"secure-download-btn\" data-id=\"pdf55\" data-nonce=\"7fd9a9d00b\">\r\n        \u0130ndir\r\n    <\/button>\r\n    <\/div>\n\t\t\t\t\t\t<\/div>\n\t\t\t\t<\/div>\n\t\t\t\t<\/div>\n\t\t<div class=\"elementor-element elementor-element-4b1133a e-con-full e-flex e-con e-child\" data-id=\"4b1133a\" data-element_type=\"container\">\n\t\t<div class=\"elementor-element elementor-element-2742755 e-con-full e-flex e-con e-child\" data-id=\"2742755\" data-element_type=\"container\">\n\t\t\t\t<div class=\"elementor-element elementor-element-2eda888 elementor-widget elementor-widget-image\" data-id=\"2eda888\" data-element_type=\"widget\" data-widget_type=\"image.default\">\n\t\t\t\t\t\t\t\t\t\t\t\t\t\t\t<img decoding=\"async\" width=\"500\" height=\"500\" src=\"https:\/\/reeqitent.com\/wp-content\/uploads\/2025\/12\/star-tent.png\" class=\"attachment-full size-full wp-image-3019\" alt=\"\" srcset=\"https:\/\/reeqitent.com\/wp-content\/uploads\/2025\/12\/star-tent.png 500w, https:\/\/reeqitent.com\/wp-content\/uploads\/2025\/12\/star-tent-300x300.png 300w, https:\/\/reeqitent.com\/wp-content\/uploads\/2025\/12\/star-tent-150x150.png 150w\" sizes=\"(max-width: 500px) 100vw, 500px\" \/>\t\t\t\t\t\t\t\t\t\t\t\t\t\t\t<\/div>\n\t\t\t\t<\/div>\n\t\t<div class=\"elementor-element elementor-element-9e2ca12 e-con-full e-flex e-con e-child\" data-id=\"9e2ca12\" data-element_type=\"container\">\n\t\t\t\t<div class=\"elementor-element elementor-element-b3aa380 elementor-widget elementor-widget-heading\" data-id=\"b3aa380\" data-element_type=\"widget\" data-widget_type=\"heading.default\">\n\t\t\t\t\t<h2 class=\"elementor-heading-title elementor-size-default\">U\u00e7an \u00c7ad\u0131rlar<\/h2>\t\t\t\t<\/div>\n\t\t\t\t<div class=\"elementor-element elementor-element-daf99a9 secure-download-btn elementor-widget elementor-widget-shortcode\" data-id=\"daf99a9\" data-element_type=\"widget\" data-widget_type=\"shortcode.default\">\n\t\t\t\t\t\t\t<div class=\"elementor-shortcode\">    <button class=\"secure-download-btn\" data-id=\"pdf56\" data-nonce=\"d8a82d0887\">\r\n        \u0130ndir\r\n    <\/button>\r\n    <\/div>\n\t\t\t\t\t\t<\/div>\n\t\t\t\t<\/div>\n\t\t\t\t<\/div>\n\t\t<div class=\"elementor-element elementor-element-d3fa3c0 e-con-full e-flex e-con e-child\" data-id=\"d3fa3c0\" data-element_type=\"container\">\n\t\t<div class=\"elementor-element elementor-element-c6ee6ee e-con-full e-flex e-con e-child\" data-id=\"c6ee6ee\" data-element_type=\"container\">\n\t\t\t\t<div class=\"elementor-element elementor-element-8279e72 elementor-widget elementor-widget-image\" data-id=\"8279e72\" data-element_type=\"widget\" data-widget_type=\"image.default\">\n\t\t\t\t\t\t\t\t\t\t\t\t\t\t\t<img decoding=\"async\" width=\"500\" height=\"500\" src=\"https:\/\/reeqitent.com\/wp-content\/uploads\/2025\/12\/display-frame-2.png\" class=\"attachment-full size-full wp-image-2994\" alt=\"\" srcset=\"https:\/\/reeqitent.com\/wp-content\/uploads\/2025\/12\/display-frame-2.png 500w, https:\/\/reeqitent.com\/wp-content\/uploads\/2025\/12\/display-frame-2-300x300.png 300w, https:\/\/reeqitent.com\/wp-content\/uploads\/2025\/12\/display-frame-2-150x150.png 150w\" sizes=\"(max-width: 500px) 100vw, 500px\" \/>\t\t\t\t\t\t\t\t\t\t\t\t\t\t\t<\/div>\n\t\t\t\t<\/div>\n\t\t<div class=\"elementor-element elementor-element-7578a06 e-con-full e-flex e-con e-child\" data-id=\"7578a06\" data-element_type=\"container\">\n\t\t\t\t<div class=\"elementor-element elementor-element-debf685 elementor-widget elementor-widget-heading\" data-id=\"debf685\" data-element_type=\"widget\" data-widget_type=\"heading.default\">\n\t\t\t\t\t<h2 class=\"elementor-heading-title elementor-size-default\">Bayraklar\u0131 G\u00f6ster<\/h2>\t\t\t\t<\/div>\n\t\t\t\t<div class=\"elementor-element elementor-element-8952966 secure-download-btn elementor-widget elementor-widget-shortcode\" data-id=\"8952966\" data-element_type=\"widget\" data-widget_type=\"shortcode.default\">\n\t\t\t\t\t\t\t<div class=\"elementor-shortcode\">    <button class=\"secure-download-btn\" data-id=\"pdf57\" data-nonce=\"f013aef60b\">\r\n        \u0130ndir\r\n    <\/button>\r\n    <\/div>\n\t\t\t\t\t\t<\/div>\n\t\t\t\t<\/div>\n\t\t\t\t<\/div>\n\t\t<div class=\"elementor-element elementor-element-a708973 e-con-full e-flex e-con e-child\" data-id=\"a708973\" data-element_type=\"container\">\n\t\t<div class=\"elementor-element elementor-element-7760bc6 e-con-full e-flex e-con e-child\" data-id=\"7760bc6\" data-element_type=\"container\">\n\t\t\t\t<div class=\"elementor-element elementor-element-83ffeb4 elementor-widget elementor-widget-image\" data-id=\"83ffeb4\" data-element_type=\"widget\" data-widget_type=\"image.default\">\n\t\t\t\t\t\t\t\t\t\t\t\t\t\t\t<img loading=\"lazy\" decoding=\"async\" width=\"500\" height=\"500\" src=\"https:\/\/reeqitent.com\/wp-content\/uploads\/2025\/12\/inflatable-screen.png\" class=\"attachment-full size-full wp-image-2996\" alt=\"\" srcset=\"https:\/\/reeqitent.com\/wp-content\/uploads\/2025\/12\/inflatable-screen.png 500w, https:\/\/reeqitent.com\/wp-content\/uploads\/2025\/12\/inflatable-screen-300x300.png 300w, https:\/\/reeqitent.com\/wp-content\/uploads\/2025\/12\/inflatable-screen-150x150.png 150w\" sizes=\"(max-width: 500px) 100vw, 500px\" \/>\t\t\t\t\t\t\t\t\t\t\t\t\t\t\t<\/div>\n\t\t\t\t<\/div>\n\t\t<div class=\"elementor-element elementor-element-78bf343 e-con-full e-flex e-con e-child\" data-id=\"78bf343\" data-element_type=\"container\">\n\t\t\t\t<div class=\"elementor-element elementor-element-f776761 elementor-widget elementor-widget-heading\" data-id=\"f776761\" data-element_type=\"widget\" data-widget_type=\"heading.default\">\n\t\t\t\t\t<h2 class=\"elementor-heading-title elementor-size-default\">Afi\u015fleri G\u00f6ster<\/h2>\t\t\t\t<\/div>\n\t\t\t\t<div class=\"elementor-element elementor-element-ab89431 secure-download-btn elementor-widget elementor-widget-shortcode\" data-id=\"ab89431\" data-element_type=\"widget\" data-widget_type=\"shortcode.default\">\n\t\t\t\t\t\t\t<div class=\"elementor-shortcode\">    <button class=\"secure-download-btn\" data-id=\"pdf58\" data-nonce=\"51f859a920\">\r\n        \u0130ndir\r\n    <\/button>\r\n    <\/div>\n\t\t\t\t\t\t<\/div>\n\t\t\t\t<\/div>\n\t\t\t\t<\/div>\n\t\t\t\t\t<\/div>\n\t\t\t\t<\/div>\n\t\t\t\t<\/div>","protected":false},"excerpt":{"rendered":"<p>Display Frame Product Manual Pop Up Tents Flying Tents Display Flags Display Banners<\/p>","protected":false},"author":2,"featured_media":0,"parent":0,"menu_order":0,"comment_status":"closed","ping_status":"closed","template":"","meta":{"site-sidebar-layout":"no-sidebar","site-content-layout":"","ast-site-content-layout":"full-width-container","site-content-style":"default","site-sidebar-style":"default","ast-global-header-display":"","ast-banner-title-visibility":"","ast-main-header-display":"","ast-hfb-above-header-display":"","ast-hfb-below-header-display":"","ast-hfb-mobile-header-display":"","site-post-title":"disabled","ast-breadcrumbs-content":"","ast-featured-img":"disabled","footer-sml-layout":"","ast-disable-related-posts":"","theme-transparent-header-meta":"default","adv-header-id-meta":"","stick-header-meta":"","header-above-stick-meta":"","header-main-stick-meta":"","header-below-stick-meta":"","astra-migrate-meta-layouts":"set","ast-page-background-enabled":"default","ast-page-background-meta":{"desktop":{"background-color":"var(--ast-global-color-5)","background-image":"","background-repeat":"repeat","background-position":"center center","background-size":"auto","background-attachment":"scroll","background-type":"","background-media":"","overlay-type":"","overlay-color":"","overlay-opacity":"","overlay-gradient":""},"tablet":{"background-color":"","background-image":"","background-repeat":"repeat","background-position":"center center","background-size":"auto","background-attachment":"scroll","background-type":"","background-media":"","overlay-type":"","overlay-color":"","overlay-opacity":"","overlay-gradient":""},"mobile":{"background-color":"","background-image":"","background-repeat":"repeat","background-position":"center center","background-size":"auto","background-attachment":"scroll","background-type":"","background-media":"","overlay-type":"","overlay-color":"","overlay-opacity":"","overlay-gradient":""}},"ast-content-background-meta":{"desktop":{"background-color":"var(--ast-global-color-4)","background-image":"","background-repeat":"repeat","background-position":"center center","background-size":"auto","background-attachment":"scroll","background-type":"","background-media":"","overlay-type":"","overlay-color":"","overlay-opacity":"","overlay-gradient":""},"tablet":{"background-color":"var(--ast-global-color-4)","background-image":"","background-repeat":"repeat","background-position":"center center","background-size":"auto","background-attachment":"scroll","background-type":"","background-media":"","overlay-type":"","overlay-color":"","overlay-opacity":"","overlay-gradient":""},"mobile":{"background-color":"var(--ast-global-color-4)","background-image":"","background-repeat":"repeat","background-position":"center center","background-size":"auto","background-attachment":"scroll","background-type":"","background-media":"","overlay-type":"","overlay-color":"","overlay-opacity":"","overlay-gradient":""}},"_daextinma_seo_power":"","_daextinma_enable_ail":"","footnotes":""},"class_list":["post-3094","page","type-page","status-publish","hentry"],"_links":{"self":[{"href":"https:\/\/reeqitent.com\/tr\/wp-json\/wp\/v2\/pages\/3094","targetHints":{"allow":["GET"]}}],"collection":[{"href":"https:\/\/reeqitent.com\/tr\/wp-json\/wp\/v2\/pages"}],"about":[{"href":"https:\/\/reeqitent.com\/tr\/wp-json\/wp\/v2\/types\/page"}],"author":[{"embeddable":true,"href":"https:\/\/reeqitent.com\/tr\/wp-json\/wp\/v2\/users\/2"}],"replies":[{"embeddable":true,"href":"https:\/\/reeqitent.com\/tr\/wp-json\/wp\/v2\/comments?post=3094"}],"version-history":[{"count":0,"href":"https:\/\/reeqitent.com\/tr\/wp-json\/wp\/v2\/pages\/3094\/revisions"}],"wp:attachment":[{"href":"https:\/\/reeqitent.com\/tr\/wp-json\/wp\/v2\/media?parent=3094"}],"curies":[{"name":"wp","href":"https:\/\/api.w.org\/{rel}","templated":true}]}}