{"id":2722,"date":"2025-09-12T10:15:43","date_gmt":"2025-09-12T10:15:43","guid":{"rendered":"https:\/\/reeqitent.com\/?page_id=2722"},"modified":"2025-09-15T03:48:27","modified_gmt":"2025-09-15T03:48:27","slug":"custom-car-sprayinflatable-booth","status":"publish","type":"page","link":"https:\/\/reeqitent.com\/tr\/custom-car-spray-inflatable-booth-01\/","title":{"rendered":"\u00d6zel Araba Sprey \u015ei\u015fme Kabini"},"content":{"rendered":"<div data-elementor-type=\"wp-page\" data-elementor-id=\"2722\" class=\"elementor elementor-2722\" data-elementor-post-type=\"page\">\n\t\t\t\t<div class=\"elementor-element elementor-element-e40d5e9 e-flex e-con-boxed e-con e-parent\" data-id=\"e40d5e9\" data-element_type=\"container\">\n\t\t\t\t\t<div class=\"e-con-inner\">\n\t\t<div class=\"elementor-element elementor-element-31d62b2 e-con-full e-flex e-con e-child\" data-id=\"31d62b2\" data-element_type=\"container\">\n\t\t\t\t<div class=\"elementor-element elementor-element-2d5a8bf elementor-widget elementor-widget-heading\" data-id=\"2d5a8bf\" data-element_type=\"widget\" data-widget_type=\"heading.default\">\n\t\t\t\t\t<h2 class=\"elementor-heading-title elementor-size-default\">\u00d6zel Araba Sprey \u015ei\u015fme Kabini<\/h2>\t\t\t\t<\/div>\n\t\t\t\t<div class=\"elementor-element elementor-element-666580f elementor-widget elementor-widget-heading\" data-id=\"666580f\" data-element_type=\"widget\" data-widget_type=\"heading.default\">\n\t\t\t\t\t<h2 class=\"elementor-heading-title elementor-size-default\">Her Yerde Temiz Kendin Yap Araba Spreyi<\/h2>\t\t\t\t<\/div>\n\t\t\t\t<\/div>\n\t\t<div class=\"elementor-element elementor-element-389d04e e-con-full e-flex e-con e-child\" data-id=\"389d04e\" data-element_type=\"container\">\n\t\t\t\t<div class=\"elementor-element elementor-element-bf26d7c elementor-widget elementor-widget-heading\" data-id=\"bf26d7c\" data-element_type=\"widget\" data-widget_type=\"heading.default\">\n\t\t\t\t\t<h2 class=\"elementor-heading-title elementor-size-default\">Esnek boyutlu, de\u011fi\u015ftirilebilir toz filtrelerine ve temiz \u00e7al\u0131\u015fma alan\u0131na sahip kendin yap araba spreyi \u015fi\u015fme kabini\u2014toz yay\u0131lmas\u0131n\u0131 ve zemin lekelerini \u00f6nleyerek evde g\u00fcvenli, profesyonel boyama sa\u011flar<\/h2>\t\t\t\t<\/div>\n\t\t\t\t<\/div>\n\t\t\t\t\t<\/div>\n\t\t\t\t<\/div>\n\t\t<div class=\"elementor-element elementor-element-b65c824 e-flex e-con-boxed e-con e-parent\" data-id=\"b65c824\" data-element_type=\"container\" data-settings=\"{&quot;background_background&quot;:&quot;classic&quot;}\">\n\t\t\t\t\t<div class=\"e-con-inner\">\n\t\t<div class=\"elementor-element elementor-element-2ed66b6 e-con-full e-flex e-con e-child\" data-id=\"2ed66b6\" data-element_type=\"container\">\n\t\t\t\t<div class=\"elementor-element elementor-element-206b4b7 elementor-widget elementor-widget-heading\" data-id=\"206b4b7\" data-element_type=\"widget\" data-widget_type=\"heading.default\">\n\t\t\t\t\t<p class=\"elementor-heading-title elementor-size-default\">\u00dcr\u00fcn \u00d6zellikleri\n<\/p>\t\t\t\t<\/div>\n\t\t\t\t<div class=\"elementor-element elementor-element-60a37ed elementor-widget elementor-widget-text-editor\" data-id=\"60a37ed\" data-element_type=\"widget\" data-widget_type=\"text-editor.default\">\n\t\t\t\t\t\t\t\t\t<p><strong>Malzeme:<\/strong>210D Oxford kuma\u015f<\/p><p><strong>\u015ei\u015firme T\u00fcr\u00fc:<\/strong>S\u00fcrekli Hava<\/p><p><strong>Boyut:<\/strong>U 4m X G 2.5m X Y 2.2m<\/p><p><strong>Paket:<\/strong>90X49X48cm<\/p><p><strong>A\u011f\u0131rl\u0131k:<\/strong>28kg<\/p><p><strong>\u015fi\u015firme s\u00fcresi:<\/strong>s\u00fcrekli hava \u00fcfleme<\/p><p><strong>\u0130nsan G\u00fcc\u00fc:<\/strong>1~2 ki\u015fi<\/p>\t\t\t\t\t\t\t\t<\/div>\n\t\t\t\t<\/div>\n\t\t<div class=\"elementor-element elementor-element-b9ae39f e-con-full e-flex e-con e-child\" data-id=\"b9ae39f\" data-element_type=\"container\">\n\t\t\t\t<div class=\"elementor-element elementor-element-9cf8788 lunboImag elementor-arrows-position-inside elementor-pagination-position-outside elementor-widget elementor-widget-image-carousel\" data-id=\"9cf8788\" data-element_type=\"widget\" data-settings=\"{&quot;slides_to_show&quot;:&quot;2&quot;,&quot;image_spacing_custom&quot;:{&quot;unit&quot;:&quot;px&quot;,&quot;size&quot;:32,&quot;sizes&quot;:[]},&quot;navigation&quot;:&quot;both&quot;,&quot;autoplay&quot;:&quot;yes&quot;,&quot;pause_on_hover&quot;:&quot;yes&quot;,&quot;pause_on_interaction&quot;:&quot;yes&quot;,&quot;autoplay_speed&quot;:5000,&quot;infinite&quot;:&quot;yes&quot;,&quot;speed&quot;:500,&quot;image_spacing_custom_tablet&quot;:{&quot;unit&quot;:&quot;px&quot;,&quot;size&quot;:&quot;&quot;,&quot;sizes&quot;:[]},&quot;image_spacing_custom_mobile&quot;:{&quot;unit&quot;:&quot;px&quot;,&quot;size&quot;:&quot;&quot;,&quot;sizes&quot;:[]}}\" data-widget_type=\"image-carousel.default\">\n\t\t\t\t\t\t\t<div class=\"elementor-image-carousel-wrapper swiper\" role=\"region\" aria-roledescription=\"carousel\" aria-label=\"\u56fe\u50cf\u8f6e\u64ad\" dir=\"ltr\">\n\t\t\t<div class=\"elementor-image-carousel swiper-wrapper\" aria-live=\"off\">\n\t\t\t\t\t\t\t\t<div class=\"swiper-slide\" role=\"group\" aria-roledescription=\"slide\" aria-label=\"1 \u0438\u0437 8\"><figure class=\"swiper-slide-inner\"><img decoding=\"async\" class=\"swiper-slide-image\" src=\"https:\/\/reeqitent.com\/wp-content\/uploads\/2025\/09\/48071a55a584cbd71b3290b046b378f5-scaled.jpg\" alt=\"inflatable-car-painting-booth-01\" \/><\/figure><\/div><div class=\"swiper-slide\" role=\"group\" aria-roledescription=\"slide\" aria-label=\"2 \u0438\u0437 8\"><figure class=\"swiper-slide-inner\"><img decoding=\"async\" class=\"swiper-slide-image\" src=\"https:\/\/reeqitent.com\/wp-content\/uploads\/2025\/09\/4c8dbb89d1bdface57c5129e4311565c.jpg\" alt=\"inflatable-car-painting-booth-02\" \/><\/figure><\/div><div class=\"swiper-slide\" role=\"group\" aria-roledescription=\"slide\" aria-label=\"3 \u0438\u0437 8\"><figure class=\"swiper-slide-inner\"><img decoding=\"async\" class=\"swiper-slide-image\" src=\"https:\/\/reeqitent.com\/wp-content\/uploads\/2025\/09\/d125e176903d91cc23cfbab4f52aaff1.jpg\" alt=\"inflatable-car-painting-booth-03\" \/><\/figure><\/div><div class=\"swiper-slide\" role=\"group\" aria-roledescription=\"slide\" aria-label=\"4 \u0438\u0437 8\"><figure class=\"swiper-slide-inner\"><img decoding=\"async\" class=\"swiper-slide-image\" src=\"https:\/\/reeqitent.com\/wp-content\/uploads\/2025\/09\/ee2469eb5d34e11a8b3f5ccda007e7d1.jpg\" alt=\"inflatable-car-painting-booth-04\" \/><\/figure><\/div><div class=\"swiper-slide\" role=\"group\" aria-roledescription=\"slide\" aria-label=\"5 \u0438\u0437 8\"><figure class=\"swiper-slide-inner\"><img decoding=\"async\" class=\"swiper-slide-image\" src=\"https:\/\/reeqitent.com\/wp-content\/uploads\/2025\/09\/7dbb01bd88d8ced4a02e1f8c881a8af0.jpg\" alt=\"inflatable-car-painting-booth-05\" \/><\/figure><\/div><div class=\"swiper-slide\" role=\"group\" aria-roledescription=\"slide\" aria-label=\"6 \u0438\u0437 8\"><figure class=\"swiper-slide-inner\"><img decoding=\"async\" class=\"swiper-slide-image\" src=\"https:\/\/reeqitent.com\/wp-content\/uploads\/2025\/09\/f5353cedc52685b558beeee385eb326f.jpg\" alt=\"inflatable-car-painting-booth-06\" \/><\/figure><\/div><div class=\"swiper-slide\" role=\"group\" aria-roledescription=\"slide\" aria-label=\"7 \u0438\u0437 8\"><figure class=\"swiper-slide-inner\"><img decoding=\"async\" class=\"swiper-slide-image\" src=\"https:\/\/reeqitent.com\/wp-content\/uploads\/2025\/09\/891fbb7ec6d0ca122f112daef2742b20.jpg\" alt=\"inflatable-car-painting-booth-07\" \/><\/figure><\/div><div class=\"swiper-slide\" role=\"group\" aria-roledescription=\"slide\" aria-label=\"8 \u0438\u0437 8\"><figure class=\"swiper-slide-inner\"><img decoding=\"async\" class=\"swiper-slide-image\" src=\"https:\/\/reeqitent.com\/wp-content\/uploads\/2025\/09\/4859979877da905b5c56b0607f62d3ab.jpg\" alt=\"inflatable-car-painting-booth-08\" \/><\/figure><\/div>\t\t\t<\/div>\n\t\t\t\t\t\t\t\t\t\t\t\t<div class=\"elementor-swiper-button elementor-swiper-button-prev\" role=\"button\" tabindex=\"0\">\n\t\t\t\t\t\t<svg aria-hidden=\"true\" class=\"e-font-icon-svg e-eicon-chevron-left\" viewbox=\"0 0 1000 1000\" xmlns=\"http:\/\/www.w3.org\/2000\/svg\"><path d=\"M646 125C629 125 613 133 604 142L308 442C296 454 292 471 292 487 292 504 296 521 308 533L604 854C617 867 629 875 646 875 663 875 679 871 692 858 704 846 713 829 713 812 713 796 708 779 692 767L438 487 692 225C700 217 708 204 708 187 708 171 704 154 692 142 675 129 663 125 646 125Z\"><\/path><\/svg>\t\t\t\t\t<\/div>\n\t\t\t\t\t<div class=\"elementor-swiper-button elementor-swiper-button-next\" role=\"button\" tabindex=\"0\">\n\t\t\t\t\t\t<svg aria-hidden=\"true\" class=\"e-font-icon-svg e-eicon-chevron-right\" viewbox=\"0 0 1000 1000\" xmlns=\"http:\/\/www.w3.org\/2000\/svg\"><path d=\"M696 533C708 521 713 504 713 487 713 471 708 454 696 446L400 146C388 133 375 125 354 125 338 125 325 129 313 142 300 154 292 171 292 187 292 204 296 221 308 233L563 492 304 771C292 783 288 800 288 817 288 833 296 850 308 863 321 871 338 875 354 875 371 875 388 867 400 854L696 533Z\"><\/path><\/svg>\t\t\t\t\t<\/div>\n\t\t\t\t\n\t\t\t\t\t\t\t\t\t<div class=\"swiper-pagination\"><\/div>\n\t\t\t\t\t\t\t\t\t<\/div>\n\t\t\t\t\t\t<\/div>\n\t\t\t\t<\/div>\n\t\t\t\t\t<\/div>\n\t\t\t\t<\/div>\n\t\t<div class=\"elementor-element elementor-element-19dee9c e-flex e-con-boxed e-con e-child\" data-id=\"19dee9c\" data-element_type=\"container\">\n\t\t\t\t\t<div class=\"e-con-inner\">\n\t\t\t\t<div class=\"elementor-element elementor-element-ff9dc50 elementor-widget elementor-widget-heading\" data-id=\"ff9dc50\" data-element_type=\"widget\" data-widget_type=\"heading.default\">\n\t\t\t\t\t<h2 class=\"elementor-heading-title elementor-size-default\">\u00d6zel \u015ei\u015fme Araba Sprey Kabini \u2013 SSS \n<\/h2>\t\t\t\t<\/div>\n\t\t\t\t<div class=\"elementor-element elementor-element-c9b62e5 elementor-widget-mobile__width-inherit elementor-widget elementor-widget-n-accordion\" data-id=\"c9b62e5\" data-element_type=\"widget\" data-settings=\"{&quot;default_state&quot;:&quot;expanded&quot;,&quot;max_items_expended&quot;:&quot;one&quot;,&quot;n_accordion_animation_duration&quot;:{&quot;unit&quot;:&quot;ms&quot;,&quot;size&quot;:400,&quot;sizes&quot;:[]}}\" data-widget_type=\"nested-accordion.default\">\n\t\t\t\t\t\t\t<div class=\"e-n-accordion\" aria-label=\"Akordeon. Ba\u011flant\u0131lar\u0131 Enter veya Space ile a\u00e7\u0131n, Escape ile kapat\u0131n ve ok tu\u015flar\u0131 ile gezin.\">\n\t\t\t\t\t\t<details id=\"e-n-accordion-item-2110\" class=\"e-n-accordion-item\" open>\n\t\t\t\t<summary class=\"e-n-accordion-item-title\" data-accordion-index=\"1\" tabindex=\"0\" aria-expanded=\"true\" aria-controls=\"e-n-accordion-item-2110\" >\n\t\t\t\t\t<span class='e-n-accordion-item-title-header'><div class=\"e-n-accordion-item-title-text\"> 1. \u015ei\u015fme araba spreyi kabini ne i\u00e7in kullan\u0131l\u0131r? <\/div><\/span>\n\t\t\t\t\t\t\t\t\t<\/summary>\n\t\t\t\t<div role=\"region\" aria-labelledby=\"e-n-accordion-item-2110\" class=\"elementor-element elementor-element-e78e97a e-con-full e-flex e-con e-child\" data-id=\"e78e97a\" data-element_type=\"container\">\n\t\t\t\t<div class=\"elementor-element elementor-element-345e5c3 elementor-widget__width-initial elementor-widget-mobile__width-inherit elementor-widget elementor-widget-text-editor\" data-id=\"345e5c3\" data-element_type=\"widget\" data-widget_type=\"text-editor.default\">\n\t\t\t\t\t\t\t\t\t<ul><li><p>Araba boyama veya kendin yap tasar\u0131m\u0131 i\u00e7in temiz, kapal\u0131 bir alan sa\u011flar, toz ve a\u015f\u0131r\u0131 spreyin \u00f6n\u00fcne ge\u00e7er.<\/p><\/li><\/ul>\t\t\t\t\t\t\t\t<\/div>\n\t\t\t\t<\/div>\n\t\t\t\t\t<\/details>\n\t\t\t\t\t\t<details id=\"e-n-accordion-item-2111\" class=\"e-n-accordion-item\" >\n\t\t\t\t<summary class=\"e-n-accordion-item-title\" data-accordion-index=\"2\" tabindex=\"-1\" aria-expanded=\"false\" aria-controls=\"e-n-accordion-item-2111\" >\n\t\t\t\t\t<span class='e-n-accordion-item-title-header'><div class=\"e-n-accordion-item-title-text\"> 2. Kabin boyutu \u00f6zelle\u015ftirilebilir mi? <\/div><\/span>\n\t\t\t\t\t\t\t\t\t<\/summary>\n\t\t\t\t<div role=\"region\" aria-labelledby=\"e-n-accordion-item-2111\" class=\"elementor-element elementor-element-ead0e07 e-con-full e-flex e-con e-child\" data-id=\"ead0e07\" data-element_type=\"container\">\n\t\t\t\t<div class=\"elementor-element elementor-element-50b2311 elementor-widget__width-initial elementor-widget-mobile__width-inherit elementor-widget elementor-widget-text-editor\" data-id=\"50b2311\" data-element_type=\"widget\" data-widget_type=\"text-editor.default\">\n\t\t\t\t\t\t\t\t\t<ul><li><p>Evet. \u015ei\u015fme araba spreyi kabini, arabalar, motosikletler veya par\u00e7alar i\u00e7in farkl\u0131 boyutlarda gelir.<\/p><\/li><\/ul>\t\t\t\t\t\t\t\t<\/div>\n\t\t\t\t<\/div>\n\t\t\t\t\t<\/details>\n\t\t\t\t\t\t<details id=\"e-n-accordion-item-2112\" class=\"e-n-accordion-item\" >\n\t\t\t\t<summary class=\"e-n-accordion-item-title\" data-accordion-index=\"3\" tabindex=\"-1\" aria-expanded=\"false\" aria-controls=\"e-n-accordion-item-2112\" >\n\t\t\t\t\t<span class='e-n-accordion-item-title-header'><div class=\"e-n-accordion-item-title-text\"> 3. \u00c7al\u0131\u015fma alan\u0131n\u0131 nas\u0131l temiz tutar? <\/div><\/span>\n\t\t\t\t\t\t\t\t\t<\/summary>\n\t\t\t\t<div role=\"region\" aria-labelledby=\"e-n-accordion-item-2112\" class=\"elementor-element elementor-element-cb75874 e-con-full e-flex e-con e-child\" data-id=\"cb75874\" data-element_type=\"container\">\n\t\t\t\t<div class=\"elementor-element elementor-element-1b80b19 elementor-widget__width-initial elementor-widget-mobile__width-inherit elementor-widget elementor-widget-text-editor\" data-id=\"1b80b19\" data-element_type=\"widget\" data-widget_type=\"text-editor.default\">\n\t\t\t\t\t\t\t\t\t<ul><li><p>De\u011fi\u015ftirilebilir toz filtreleri i\u00e7erir; bu filtreler toz ve par\u00e7ac\u0131klar\u0131 engeller, temiz ve g\u00fcvenli bir sprey ortam\u0131 sa\u011flar.<\/p><\/li><\/ul>\t\t\t\t\t\t\t\t<\/div>\n\t\t\t\t<\/div>\n\t\t\t\t\t<\/details>\n\t\t\t\t\t\t<details id=\"e-n-accordion-item-2113\" class=\"e-n-accordion-item\" >\n\t\t\t\t<summary class=\"e-n-accordion-item-title\" data-accordion-index=\"4\" tabindex=\"-1\" aria-expanded=\"false\" aria-controls=\"e-n-accordion-item-2113\" >\n\t\t\t\t\t<span class='e-n-accordion-item-title-header'><div class=\"e-n-accordion-item-title-text\"> 4. Kurulumu ve saklamas\u0131 kolay m\u0131? <\/div><\/span>\n\t\t\t\t\t\t\t\t\t<\/summary>\n\t\t\t\t<div role=\"region\" aria-labelledby=\"e-n-accordion-item-2113\" class=\"elementor-element elementor-element-fee7785 e-flex e-con-boxed e-con e-child\" data-id=\"fee7785\" data-element_type=\"container\">\n\t\t\t\t\t<div class=\"e-con-inner\">\n\t\t\t\t<div class=\"elementor-element elementor-element-51f2556 elementor-widget__width-initial elementor-widget-mobile__width-inherit elementor-widget elementor-widget-text-editor\" data-id=\"51f2556\" data-element_type=\"widget\" data-widget_type=\"text-editor.default\">\n\t\t\t\t\t\t\t\t\t<ul><li><p>Kesinlikle. H\u0131zla \u015fi\u015fer, hafiftir ve uygun saklama i\u00e7in kompakt \u015fekilde paketlenebilir.<\/p><\/li><\/ul>\t\t\t\t\t\t\t\t<\/div>\n\t\t\t\t\t<\/div>\n\t\t\t\t<\/div>\n\t\t\t\t\t<\/details>\n\t\t\t\t\t\t<details id=\"e-n-accordion-item-2114\" class=\"e-n-accordion-item\" >\n\t\t\t\t<summary class=\"e-n-accordion-item-title\" data-accordion-index=\"5\" tabindex=\"-1\" aria-expanded=\"false\" aria-controls=\"e-n-accordion-item-2114\" >\n\t\t\t\t\t<span class='e-n-accordion-item-title-header'><div class=\"e-n-accordion-item-title-text\"> 5. \u0130\u00e7 ve d\u0131\u015f mekanda kullan\u0131labilir mi? <\/div><\/span>\n\t\t\t\t\t\t\t\t\t<\/summary>\n\t\t\t\t<div role=\"region\" aria-labelledby=\"e-n-accordion-item-2114\" class=\"elementor-element elementor-element-bb7f922 e-flex e-con-boxed e-con e-child\" data-id=\"bb7f922\" data-element_type=\"container\">\n\t\t\t\t\t<div class=\"e-con-inner\">\n\t\t\t\t<div class=\"elementor-element elementor-element-b53c8cb elementor-widget__width-initial elementor-widget-mobile__width-inherit elementor-widget elementor-widget-text-editor\" data-id=\"b53c8cb\" data-element_type=\"widget\" data-widget_type=\"text-editor.default\">\n\t\t\t\t\t\t\t\t\t<ul><li><p>Evet. Alan iyi havaland\u0131r\u0131lm\u0131\u015f ve p\u00fcsk\u00fcrtme i\u00e7in g\u00fcvenliyse, hem i\u00e7 hem de d\u0131\u015f mekanda kullan\u0131ma uygundur.<\/p><\/li><\/ul>\t\t\t\t\t\t\t\t<\/div>\n\t\t\t\t\t<\/div>\n\t\t\t\t<\/div>\n\t\t\t\t\t<\/details>\n\t\t\t\t\t<\/div>\n\t\t\t\t\t\t<\/div>\n\t\t\t\t\t<\/div>\n\t\t\t\t<\/div>\n\t\t\t\t<\/div>","protected":false},"excerpt":{"rendered":"<p>Custom Car Spray Inflatable Booth Clean DIY Car Spray, Anywhere DIY car spray inflatable booth with flexible size, replaceable dust [&hellip;]<\/p>","protected":false},"author":2,"featured_media":2730,"parent":0,"menu_order":0,"comment_status":"closed","ping_status":"closed","template":"","meta":{"site-sidebar-layout":"no-sidebar","site-content-layout":"","ast-site-content-layout":"full-width-container","site-content-style":"default","site-sidebar-style":"default","ast-global-header-display":"","ast-banner-title-visibility":"","ast-main-header-display":"","ast-hfb-above-header-display":"","ast-hfb-below-header-display":"","ast-hfb-mobile-header-display":"","site-post-title":"disabled","ast-breadcrumbs-content":"","ast-featured-img":"disabled","footer-sml-layout":"","ast-disable-related-posts":"","theme-transparent-header-meta":"","adv-header-id-meta":"","stick-header-meta":"","header-above-stick-meta":"","header-main-stick-meta":"","header-below-stick-meta":"","astra-migrate-meta-layouts":"default","ast-page-background-enabled":"default","ast-page-background-meta":{"desktop":{"background-color":"var(--ast-global-color-5)","background-image":"","background-repeat":"repeat","background-position":"center center","background-size":"auto","background-attachment":"scroll","background-type":"","background-media":"","overlay-type":"","overlay-color":"","overlay-opacity":"","overlay-gradient":""},"tablet":{"background-color":"","background-image":"","background-repeat":"repeat","background-position":"center center","background-size":"auto","background-attachment":"scroll","background-type":"","background-media":"","overlay-type":"","overlay-color":"","overlay-opacity":"","overlay-gradient":""},"mobile":{"background-color":"","background-image":"","background-repeat":"repeat","background-position":"center center","background-size":"auto","background-attachment":"scroll","background-type":"","background-media":"","overlay-type":"","overlay-color":"","overlay-opacity":"","overlay-gradient":""}},"ast-content-background-meta":{"desktop":{"background-color":"var(--ast-global-color-4)","background-image":"","background-repeat":"repeat","background-position":"center center","background-size":"auto","background-attachment":"scroll","background-type":"","background-media":"","overlay-type":"","overlay-color":"","overlay-opacity":"","overlay-gradient":""},"tablet":{"background-color":"var(--ast-global-color-4)","background-image":"","background-repeat":"repeat","background-position":"center center","background-size":"auto","background-attachment":"scroll","background-type":"","background-media":"","overlay-type":"","overlay-color":"","overlay-opacity":"","overlay-gradient":""},"mobile":{"background-color":"var(--ast-global-color-4)","background-image":"","background-repeat":"repeat","background-position":"center center","background-size":"auto","background-attachment":"scroll","background-type":"","background-media":"","overlay-type":"","overlay-color":"","overlay-opacity":"","overlay-gradient":""}},"_daextinma_seo_power":"","_daextinma_enable_ail":"","footnotes":""},"class_list":["post-2722","page","type-page","status-publish","has-post-thumbnail","hentry"],"_links":{"self":[{"href":"https:\/\/reeqitent.com\/tr\/wp-json\/wp\/v2\/pages\/2722","targetHints":{"allow":["GET"]}}],"collection":[{"href":"https:\/\/reeqitent.com\/tr\/wp-json\/wp\/v2\/pages"}],"about":[{"href":"https:\/\/reeqitent.com\/tr\/wp-json\/wp\/v2\/types\/page"}],"author":[{"embeddable":true,"href":"https:\/\/reeqitent.com\/tr\/wp-json\/wp\/v2\/users\/2"}],"replies":[{"embeddable":true,"href":"https:\/\/reeqitent.com\/tr\/wp-json\/wp\/v2\/comments?post=2722"}],"version-history":[{"count":0,"href":"https:\/\/reeqitent.com\/tr\/wp-json\/wp\/v2\/pages\/2722\/revisions"}],"wp:featuredmedia":[{"embeddable":true,"href":"https:\/\/reeqitent.com\/tr\/wp-json\/wp\/v2\/media\/2730"}],"wp:attachment":[{"href":"https:\/\/reeqitent.com\/tr\/wp-json\/wp\/v2\/media?parent=2722"}],"curies":[{"name":"wp","href":"https:\/\/api.w.org\/{rel}","templated":true}]}}