{"id":2482,"date":"2025-09-01T04:02:47","date_gmt":"2025-09-01T04:02:47","guid":{"rendered":"https:\/\/reeqitent.com\/?page_id=2482"},"modified":"2026-03-12T10:37:00","modified_gmt":"2026-03-12T10:37:00","slug":"blog","status":"publish","type":"page","link":"https:\/\/reeqitent.com\/tr\/blog\/","title":{"rendered":"Blog"},"content":{"rendered":"<div id=\"ez-toc-container\" class=\"ez-toc-v2_0_80 counter-hierarchy ez-toc-counter ez-toc-grey ez-toc-container-direction\">\n<div class=\"ez-toc-title-container\">\n<p class=\"ez-toc-title\" style=\"cursor:inherit\">\u0130\u00e7indekiler<\/p>\n<span class=\"ez-toc-title-toggle\"><a href=\"#\" class=\"ez-toc-pull-right ez-toc-btn ez-toc-btn-xs ez-toc-btn-default ez-toc-toggle\" aria-label=\"\u0130\u00e7indekiler Tablosunu A\u00e7\/Kapat\"><span class=\"ez-toc-js-icon-con\"><span class=\"\"><span class=\"eztoc-hide\" style=\"display:none;\">Ge\u00e7i\u015f Yap<\/span><span class=\"ez-toc-icon-toggle-span\"><svg style=\"fill: #999;color:#999\" xmlns=\"http:\/\/www.w3.org\/2000\/svg\" class=\"list-377408\" width=\"20px\" height=\"20px\" viewbox=\"0 0 24 24\" fill=\"none\"><path d=\"M6 6H4v2h2V6zm14 0H8v2h12V6zM4 11h2v2H4v-2zm16 0H8v2h12v-2zM4 16h2v2H4v-2zm16 0H8v2h12v-2z\" fill=\"currentColor\"><\/path><\/svg><svg style=\"fill: #999;color:#999\" class=\"arrow-unsorted-368013\" xmlns=\"http:\/\/www.w3.org\/2000\/svg\" width=\"10px\" height=\"10px\" viewbox=\"0 0 24 24\" version=\"1.2\" baseprofile=\"tiny\"><path d=\"M18.2 9.3l-6.2-6.3-6.2 6.3c-.2.2-.3.4-.3.7s.1.5.3.7c.2.2.4.3.7.3h11c.3 0 .5-.1.7-.3.2-.2.3-.5.3-.7s-.1-.5-.3-.7zM5.8 14.7l6.2 6.3 6.2-6.3c.2-.2.3-.5.3-.7s-.1-.5-.3-.7c-.2-.2-.4-.3-.7-.3h-11c-.3 0-.5.1-.7.3-.2.2-.3.5-.3.7s.1.5.3.7z\"\/><\/svg><\/span><\/span><\/span><\/a><\/span><\/div>\n<nav><ul class='ez-toc-list ez-toc-list-level-1' ><li class='ez-toc-page-1 ez-toc-heading-level-2'><a class=\"ez-toc-link ez-toc-heading-1\" href=\"https:\/\/reeqitent.com\/tr\/what-is-an-outdoor-inflatable-tent-house\/#1_What_Is_an_Outdoor_Inflatable_Tent_House\" >1. A\u00e7\u0131k Hava \u015ei\u015fme \u00c7ad\u0131r Evi Nedir?<\/a><\/li><li class='ez-toc-page-1 ez-toc-heading-level-2'><a class=\"ez-toc-link ez-toc-heading-2\" href=\"https:\/\/reeqitent.com\/tr\/what-is-an-outdoor-inflatable-tent-house\/#2_How_Does_an_Outdoor_Inflatable_Tent_House_Work_Technology_and_Materials\" >2. A\u00e7\u0131k Hava \u015ei\u015fme \u00c7ad\u0131r Evi Nas\u0131l \u00c7al\u0131\u015f\u0131r? Teknoloji ve Malzemeler<\/a><\/li><li class='ez-toc-page-1 ez-toc-heading-level-2'><a class=\"ez-toc-link ez-toc-heading-3\" href=\"https:\/\/reeqitent.com\/tr\/what-is-an-outdoor-inflatable-tent-house\/#3_Benefits_and_Typical_Use_Cases\" >3. Faydalar ve Tipik Kullan\u0131m Alanlar\u0131<\/a><\/li><li class='ez-toc-page-1 ez-toc-heading-level-2'><a class=\"ez-toc-link ez-toc-heading-4\" href=\"https:\/\/reeqitent.com\/tr\/what-is-an-outdoor-inflatable-tent-house\/#4_Durability_and_Weather_Resistance_Analysis\" >4. Dayan\u0131kl\u0131l\u0131k ve Hava Ko\u015fullar\u0131na Diren\u00e7 Analizi<\/a><\/li><li class='ez-toc-page-1 ez-toc-heading-level-2'><a class=\"ez-toc-link ez-toc-heading-5\" href=\"https:\/\/reeqitent.com\/tr\/what-is-an-outdoor-inflatable-tent-house\/#5_How_to_Set_Up_and_Maintain_an_Outdoor_Inflatable_Tent_House\" >5. A\u00e7\u0131k Hava \u015ei\u015fme \u00c7ad\u0131r Evinin Kurulumu ve Bak\u0131m\u0131<\/a><\/li><li class='ez-toc-page-1 ez-toc-heading-level-2'><a class=\"ez-toc-link ez-toc-heading-6\" href=\"https:\/\/reeqitent.com\/tr\/what-is-an-outdoor-inflatable-tent-house\/#6_Buying_Guide_Best_Products_Rental_Options_and_Regional_Suppliers\" >6. Sat\u0131n Alma Rehberi: En \u0130yi \u00dcr\u00fcnler, Kiralama Se\u00e7enekleri ve B\u00f6lgesel Tedarik\u00e7iler<\/a><\/li><li class='ez-toc-page-1 ez-toc-heading-level-2'><a class=\"ez-toc-link ez-toc-heading-7\" href=\"https:\/\/reeqitent.com\/tr\/what-is-an-outdoor-inflatable-tent-house\/#7_FAQs_Addressing_Common_Concerns\" >7. SSS: Yayg\u0131n Sorunlar\u0131n \u00c7\u00f6z\u00fcm\u00fc<\/a><\/li><\/ul><\/nav><\/div>\n\t\t<div data-elementor-type=\"wp-page\" data-elementor-id=\"2482\" class=\"elementor elementor-2482\" data-elementor-post-type=\"page\">\n\t\t\t\t<div class=\"elementor-element elementor-element-0ca19da e-flex e-con-boxed e-con e-parent\" data-id=\"0ca19da\" data-element_type=\"container\" data-settings=\"{&quot;background_background&quot;:&quot;classic&quot;}\">\n\t\t\t\t\t<div class=\"e-con-inner\">\n\t\t\t\t<div class=\"elementor-element elementor-element-36fa726 elementor-widget elementor-widget-heading\" data-id=\"36fa726\" data-element_type=\"widget\" data-widget_type=\"heading.default\">\n\t\t\t\t\t<h2 class=\"elementor-heading-title elementor-size-default\">Markalar\u0131n\u0131z\u0131 Hava ile G\u00fc\u00e7lendirmek<\/h2>\t\t\t\t<\/div>\n\t\t\t\t<div class=\"elementor-element elementor-element-4a3db3e elementor-widget elementor-widget-text-editor\" data-id=\"4a3db3e\" data-element_type=\"widget\" data-widget_type=\"text-editor.default\">\n\t\t\t\t\t\t\t\t\t<p>\u015ei\u015fme Reklam \u00c7\u00f6z\u00fcmleri ile Markan\u0131z\u0131n A\u00e7\u0131k Hava G\u00f6r\u00fcn\u00fcrl\u00fc\u011f\u00fcn\u00fc Art\u0131r\u0131n<\/p>\t\t\t\t\t\t\t\t<\/div>\n\t\t\t\t\t<\/div>\n\t\t\t\t<\/div>\n\t\t<div class=\"elementor-element elementor-element-cee2f0e e-flex e-con-boxed e-con e-parent\" data-id=\"cee2f0e\" data-element_type=\"container\">\n\t\t\t\t\t<div class=\"e-con-inner\">\n\t\t\t\t<div class=\"elementor-element elementor-element-dcbd429 elementor-widget elementor-widget-heading\" data-id=\"dcbd429\" data-element_type=\"widget\" data-widget_type=\"heading.default\">\n\t\t\t\t\t<h2 class=\"elementor-heading-title elementor-size-default\">Sekt\u00f6r \u0130\u00e7g\u00f6r\u00fcleri ve Faydal\u0131 \u0130\u00e7erik<\/h2>\t\t\t\t<\/div>\n\t\t\t\t<div class=\"elementor-element elementor-element-2f7e0e5 elementor-grid-3 elementor-grid-tablet-2 elementor-grid-mobile-1 elementor-posts--thumbnail-top elementor-card-shadow-yes elementor-posts__hover-gradient elementor-widget elementor-widget-posts\" data-id=\"2f7e0e5\" data-element_type=\"widget\" data-settings=\"{&quot;pagination_type&quot;:&quot;numbers_and_prev_next&quot;,&quot;cards_columns&quot;:&quot;3&quot;,&quot;cards_columns_tablet&quot;:&quot;2&quot;,&quot;cards_columns_mobile&quot;:&quot;1&quot;,&quot;cards_row_gap&quot;:{&quot;unit&quot;:&quot;px&quot;,&quot;size&quot;:35,&quot;sizes&quot;:[]},&quot;cards_row_gap_tablet&quot;:{&quot;unit&quot;:&quot;px&quot;,&quot;size&quot;:&quot;&quot;,&quot;sizes&quot;:[]},&quot;cards_row_gap_mobile&quot;:{&quot;unit&quot;:&quot;px&quot;,&quot;size&quot;:&quot;&quot;,&quot;sizes&quot;:[]}}\" data-widget_type=\"posts.cards\">\n\t\t\t\t<div class=\"elementor-widget-container\">\n\t\t\t\t\t\t\t<div class=\"elementor-posts-container elementor-posts elementor-posts--skin-cards elementor-grid\" role=\"list\">\n\t\t\t\t<article class=\"elementor-post elementor-grid-item post-5529 post type-post status-publish format-standard hentry category-inflatable-tent tag-industrial-tent-for-sale tag-permanent-event-tent\" role=\"listitem\">\n\t\t\t<div class=\"elementor-post__card\">\n\t\t\t\t<div class=\"elementor-post__text\">\n\t\t\t\t<h3 class=\"elementor-post__title\">\n\t\t\t<a href=\"https:\/\/reeqitent.com\/tr\/industrial-tent-for-sale-2026\/\" target=\"&quot;_blank&quot;\">\n\t\t\t\tSat\u0131l\u0131k End\u00fcstriyel \u00c7ad\u0131r | Kapsaml\u0131 2026 Sat\u0131n Alma Rehberi ve En \u0130yi Se\u00e7imler\t\t\t<\/a>\n\t\t<\/h3>\n\t\t\t\t<div class=\"elementor-post__excerpt\">\n\t\t\t<p>2024'te sat\u0131l\u0131k en iyi derecelendirilmi\u015f end\u00fcstriyel \u00e7ad\u0131r se\u00e7eneklerini ke\u015ffedin. Dayan\u0131kl\u0131, hava ko\u015fullar\u0131na dayan\u0131kl\u0131 ve \u00f6zelle\u015ftirilebilir \u00e7ad\u0131rlar, uzman deste\u011fi ile. Bug\u00fcn \u00fccretsiz teklif al\u0131n!<\/p>\t\t<\/div>\n\t\t\t\t<\/div>\n\t\t\t\t<div class=\"elementor-post__meta-data\">\n\t\t\t\t\t<span class=\"elementor-post-date\">\n\t\t\t9 Nisan 2026\t\t<\/span>\n\t\t\t\t<span class=\"elementor-post-avatar\">\n\t\t\tYorum yap\u0131lmam\u0131\u015f\t\t<\/span>\n\t\t\t\t<\/div>\n\t\t\t\t\t<\/div>\n\t\t<\/article>\n\t\t\t\t<article class=\"elementor-post elementor-grid-item post-5537 post type-post status-publish format-standard hentry category-inflatable-advertising-tent tag-3-man-camping-tent tag-3-man-pop-up-tent tag-3-man-tents tag-3-man-waterproof-tent tag-3-person-pop-up-tent tag-3-person-tents-for-sale tag-camping-tent-3-person tag-three-man-tent-pop-up\" role=\"listitem\">\n\t\t\t<div class=\"elementor-post__card\">\n\t\t\t\t<div class=\"elementor-post__text\">\n\t\t\t\t<h3 class=\"elementor-post__title\">\n\t\t\t<a href=\"https:\/\/reeqitent.com\/tr\/top-3-man-waterproof-tents-2026\/\" target=\"&quot;_blank&quot;\">\n\t\t\t\t2026'n\u0131n En \u0130yi 10 3 Ki\u015filik Su Ge\u00e7irmez Kamp \u00c7ad\u0131r\u0131\t\t\t<\/a>\n\t\t<\/h3>\n\t\t\t\t<div class=\"elementor-post__excerpt\">\n\t\t\t<p>2023 y\u0131l\u0131 i\u00e7in kamp yaparken kuru, konforlu ve her maceraya haz\u0131r olman\u0131z\u0131 sa\u011flayacak en iyi 3 ki\u015filik su ge\u00e7irmez \u00e7ad\u0131rlar\u0131 ke\u015ffedin. Uzmanlar\u0131m\u0131z\u0131n inceledi\u011fi en iyi se\u00e7eneklerle hemen al\u0131\u015fveri\u015f yap\u0131n!<\/p>\t\t<\/div>\n\t\t\t\t<\/div>\n\t\t\t\t<div class=\"elementor-post__meta-data\">\n\t\t\t\t\t<span class=\"elementor-post-date\">\n\t\t\t9 Nisan 2026\t\t<\/span>\n\t\t\t\t<span class=\"elementor-post-avatar\">\n\t\t\tYorum yap\u0131lmam\u0131\u015f\t\t<\/span>\n\t\t\t\t<\/div>\n\t\t\t\t\t<\/div>\n\t\t<\/article>\n\t\t\t\t<article class=\"elementor-post elementor-grid-item post-5528 post type-post status-publish format-standard hentry category-inflatable-tent tag-dome-canopy tag-dome-outdoor-tent tag-dome-party-tent tag-dome-tents-for-sale tag-event-dome-tent tag-huge-dome-tent tag-large-dome-tents tag-largest-dome-tent tag-tent-dome\" role=\"listitem\">\n\t\t\t<div class=\"elementor-post__card\">\n\t\t\t\t<div class=\"elementor-post__text\">\n\t\t\t\t<h3 class=\"elementor-post__title\">\n\t\t\t<a href=\"https:\/\/reeqitent.com\/tr\/huge-dome-tent-buying-guide\/\" target=\"&quot;_blank&quot;\">\n\t\t\t\tHuge Dome \u00c7ad\u0131r Sat\u0131n Alma Rehberi: Etkinlikler ve Kurumsal Kullan\u0131m \u0130\u00e7in En \u0130yi B\u00fcy\u00fck Kubbeler\t\t\t<\/a>\n\t\t<\/h3>\n\t\t\t\t<div class=\"elementor-post__excerpt\">\n\t\t\t<p>Kurumsal etkinlikler i\u00e7in nihai b\u00fcy\u00fck kubbe \u00e7ad\u0131r sat\u0131n alma rehberini ke\u015ffedin. Dayan\u0131kl\u0131, hava ko\u015fullar\u0131na dayan\u0131kl\u0131 b\u00fcy\u00fck kubbe \u00e7ad\u0131rlar\u0131 kolay kurulumla bulun. Uzman ipu\u00e7lar\u0131 ve en iyi marka kar\u015f\u0131la\u015ft\u0131rmalar\u0131n\u0131 \u015fimdi edinin!<\/p>\t\t<\/div>\n\t\t\t\t<\/div>\n\t\t\t\t<div class=\"elementor-post__meta-data\">\n\t\t\t\t\t<span class=\"elementor-post-date\">\n\t\t\t7 Nisan 2026\t\t<\/span>\n\t\t\t\t<span class=\"elementor-post-avatar\">\n\t\t\tYorum yap\u0131lmam\u0131\u015f\t\t<\/span>\n\t\t\t\t<\/div>\n\t\t\t\t\t<\/div>\n\t\t<\/article>\n\t\t\t\t<article class=\"elementor-post elementor-grid-item post-5527 post type-post status-publish format-standard hentry category-inflatable-tent tag-buy-pole-tent tag-commercial-tent-poles tag-pole-party-tent tag-pole-tent-for-sale tag-pole-tent-manufacturers\" role=\"listitem\">\n\t\t\t<div class=\"elementor-post__card\">\n\t\t\t\t<div class=\"elementor-post__text\">\n\t\t\t\t<h3 class=\"elementor-post__title\">\n\t\t\t<a href=\"https:\/\/reeqitent.com\/tr\/buy-pole-tent-guide\/\" target=\"&quot;_blank&quot;\">\n\t\t\t\tDirekli \u00c7ad\u0131r Sat\u0131n Al: \u0130htiya\u00e7lar\u0131n\u0131za Uygun M\u00fckemmel Direkli \u00c7ad\u0131r\u0131 Se\u00e7me Rehberi\t\t\t<\/a>\n\t\t<\/h3>\n\t\t\t\t<div class=\"elementor-post__excerpt\">\n\t\t\t<p>Direkli \u00e7ad\u0131r m\u0131 almak istiyorsunuz? Boyut, malzemeler, g\u00fcvenilir \u00fcreticiler ve fiyatland\u0131rma konusunda uzman ipu\u00e7lar\u0131n\u0131 ke\u015ffedin. Kusursuz etkinlikler i\u00e7in m\u00fckemmel direkli \u00e7ad\u0131r\u0131n\u0131z\u0131 bug\u00fcn al\u0131n!<\/p>\t\t<\/div>\n\t\t\t\t<\/div>\n\t\t\t\t<div class=\"elementor-post__meta-data\">\n\t\t\t\t\t<span class=\"elementor-post-date\">\n\t\t\t7 Nisan 2026\t\t<\/span>\n\t\t\t\t<span class=\"elementor-post-avatar\">\n\t\t\tYorum yap\u0131lmam\u0131\u015f\t\t<\/span>\n\t\t\t\t<\/div>\n\t\t\t\t\t<\/div>\n\t\t<\/article>\n\t\t\t\t<article class=\"elementor-post elementor-grid-item post-5526 post type-post status-publish format-standard hentry category-inflatable-advertising-tent tag-blow-up-car-tent tag-inflatable-tailgate-tent\" role=\"listitem\">\n\t\t\t<div class=\"elementor-post__card\">\n\t\t\t\t<div class=\"elementor-post__text\">\n\t\t\t\t<h3 class=\"elementor-post__title\">\n\t\t\t<a href=\"https:\/\/reeqitent.com\/tr\/best-blow-up-car-tent\/\" target=\"&quot;_blank&quot;\">\n\t\t\t\tEn \u0130yi \u015ei\u015fme Araba \u00c7ad\u0131r\u0131: Kurulum, Dayan\u0131kl\u0131l\u0131k ve Kullan\u0131m \u0130\u00e7in En \u0130yi Rehber\t\t\t<\/a>\n\t\t<\/h3>\n\t\t\t\t<div class=\"elementor-post__excerpt\">\n\t\t\t<p>H\u0131zl\u0131 kurulum, dayan\u0131kl\u0131 malzemeler ve g\u00fcvenilir koruma sunan en iyi \u015fi\u015fme araba \u00e7ad\u0131r\u0131n\u0131 ke\u015ffedin. Ara\u00e7lar ve filo i\u00e7in m\u00fckemmel\u2014sorunsuz bar\u0131nak i\u00e7in \u015fimdi sat\u0131n al\u0131n!<\/p>\t\t<\/div>\n\t\t\t\t<\/div>\n\t\t\t\t<div class=\"elementor-post__meta-data\">\n\t\t\t\t\t<span class=\"elementor-post-date\">\n\t\t\t7 Nisan 2026\t\t<\/span>\n\t\t\t\t<span class=\"elementor-post-avatar\">\n\t\t\tYorum yap\u0131lmam\u0131\u015f\t\t<\/span>\n\t\t\t\t<\/div>\n\t\t\t\t\t<\/div>\n\t\t<\/article>\n\t\t\t\t<article class=\"elementor-post elementor-grid-item post-5444 post type-post status-publish format-standard has-post-thumbnail hentry category-inflatable-advertising-tent tag-what-is-an-outdoor-inflatable-tent-house\" role=\"listitem\">\n\t\t\t<div class=\"elementor-post__card\">\n\t\t\t\t<a class=\"elementor-post__thumbnail__link\" href=\"https:\/\/reeqitent.com\/tr\/what-is-an-outdoor-inflatable-tent-house\/\" tabindex=\"-1\" target=\"_blank\"><div class=\"elementor-post__thumbnail\"><img fetchpriority=\"high\" decoding=\"async\" width=\"800\" height=\"446\" src=\"https:\/\/reeqitent.com\/wp-content\/uploads\/2026\/04\/What-Is-an-Outdoor-Inflatable-Tent-House-2-1.webp\" class=\"attachment-full size-full wp-image-5524\" alt=\"What Is An Outdoor Inflatable Tent House\" srcset=\"https:\/\/reeqitent.com\/wp-content\/uploads\/2026\/04\/What-Is-an-Outdoor-Inflatable-Tent-House-2-1.webp 800w, https:\/\/reeqitent.com\/wp-content\/uploads\/2026\/04\/What-Is-an-Outdoor-Inflatable-Tent-House-2-1-300x167.webp 300w, https:\/\/reeqitent.com\/wp-content\/uploads\/2026\/04\/What-Is-an-Outdoor-Inflatable-Tent-House-2-1-768x428.webp 768w, https:\/\/reeqitent.com\/wp-content\/uploads\/2026\/04\/What-Is-an-Outdoor-Inflatable-Tent-House-2-1-18x10.webp 18w\" sizes=\"(max-width: 800px) 100vw, 800px\" \/><\/div><\/a>\n\t\t\t\t<div class=\"elementor-post__text\">\n\t\t\t\t<h3 class=\"elementor-post__title\">\n\t\t\t<a href=\"https:\/\/reeqitent.com\/tr\/what-is-an-outdoor-inflatable-tent-house\/\" target=\"&quot;_blank&quot;\">\n\t\t\t\tA\u00e7\u0131k Hava \u015ei\u015fme \u00c7ad\u0131r Evi Nedir? 2026 \u0130\u00e7in Tam Rehber\t\t\t<\/a>\n\t\t<\/h3>\n\t\t\t\t<div class=\"elementor-post__excerpt\">\n\t\t\t<p>A\u00e7\u0131k hava \u015fi\u015fme \u00e7ad\u0131r evin ne oldu\u011funu, nas\u0131l \u00e7al\u0131\u015ft\u0131\u011f\u0131n\u0131 ve neden etkinlikler ve acil durumlar i\u00e7in ideal bar\u0131nak oldu\u011funu ke\u015ffedin. Kurulum ipu\u00e7lar\u0131n\u0131 ve sat\u0131n alma tavsiyelerini bug\u00fcn \u00f6\u011frenin!<\/p>\t\t<\/div>\n\t\t\t\t<\/div>\n\t\t\t\t<div class=\"elementor-post__meta-data\">\n\t\t\t\t\t<span class=\"elementor-post-date\">\n\t\t\t6 Nisan 2026\t\t<\/span>\n\t\t\t\t<span class=\"elementor-post-avatar\">\n\t\t\tYorum yap\u0131lmam\u0131\u015f\t\t<\/span>\n\t\t\t\t<\/div>\n\t\t\t\t\t<\/div>\n\t\t<\/article>\n\t\t\t\t<\/div>\n\t\t\n\t\t\t\t<div class=\"e-load-more-anchor\" data-page=\"1\" data-max-page=\"37\" data-next-page=\"https:\/\/reeqitent.com\/tr\/wp-json\/wp\/v2\/pages\/2482\/page\/2\/\"><\/div>\n\t\t\t\t<nav class=\"elementor-pagination\" aria-label=\"Pagination\">\n\t\t\t<span class=\"page-numbers prev\">\u00ab \u00d6nceki<\/span>\n<span aria-current=\"page\" class=\"page-numbers current\"><span class=\"elementor-screen-only\">Sayfa<\/span>1<\/span>\n<a class=\"page-numbers\" href=\"https:\/\/reeqitent.com\/tr\/wp-json\/wp\/v2\/pages\/2482\/page\/2\/\"><span class=\"elementor-screen-only\">Sayfa<\/span>2<\/a>\n<a class=\"page-numbers\" href=\"https:\/\/reeqitent.com\/tr\/wp-json\/wp\/v2\/pages\/2482\/page\/3\/\"><span class=\"elementor-screen-only\">Sayfa<\/span>3<\/a>\n<span class=\"page-numbers dots\">&hellip;<\/span>\n<a class=\"page-numbers\" href=\"https:\/\/reeqitent.com\/tr\/wp-json\/wp\/v2\/pages\/2482\/page\/37\/\"><span class=\"elementor-screen-only\">Sayfa<\/span>37<\/a>\n<a class=\"page-numbers next\" href=\"https:\/\/reeqitent.com\/tr\/wp-json\/wp\/v2\/pages\/2482\/page\/2\/\">Sonraki \u00bb<\/a>\t\t<\/nav>\n\t\t\t\t\t\t<\/div>\n\t\t\t\t<\/div>\n\t\t\t\t\t<\/div>\n\t\t\t\t<\/div>\n\t\t\t\t<\/div>","protected":false},"excerpt":{"rendered":"<p>Powering Your Brands with Air Boost Your Brand Visibility Outdoors with Inflatable Advertising Solutions Industry Insights &amp; Useful Content<\/p>","protected":false},"author":2,"featured_media":0,"parent":0,"menu_order":0,"comment_status":"closed","ping_status":"closed","template":"","meta":{"site-sidebar-layout":"no-sidebar","site-content-layout":"","ast-site-content-layout":"full-width-container","site-content-style":"default","site-sidebar-style":"default","ast-global-header-display":"","ast-banner-title-visibility":"","ast-main-header-display":"","ast-hfb-above-header-display":"","ast-hfb-below-header-display":"","ast-hfb-mobile-header-display":"","site-post-title":"disabled","ast-breadcrumbs-content":"","ast-featured-img":"disabled","footer-sml-layout":"","ast-disable-related-posts":"","theme-transparent-header-meta":"","adv-header-id-meta":"","stick-header-meta":"","header-above-stick-meta":"","header-main-stick-meta":"","header-below-stick-meta":"","astra-migrate-meta-layouts":"default","ast-page-background-enabled":"default","ast-page-background-meta":{"desktop":{"background-color":"var(--ast-global-color-5)","background-image":"","background-repeat":"repeat","background-position":"center center","background-size":"auto","background-attachment":"scroll","background-type":"","background-media":"","overlay-type":"","overlay-color":"","overlay-opacity":"","overlay-gradient":""},"tablet":{"background-color":"","background-image":"","background-repeat":"repeat","background-position":"center center","background-size":"auto","background-attachment":"scroll","background-type":"","background-media":"","overlay-type":"","overlay-color":"","overlay-opacity":"","overlay-gradient":""},"mobile":{"background-color":"","background-image":"","background-repeat":"repeat","background-position":"center center","background-size":"auto","background-attachment":"scroll","background-type":"","background-media":"","overlay-type":"","overlay-color":"","overlay-opacity":"","overlay-gradient":""}},"ast-content-background-meta":{"desktop":{"background-color":"var(--ast-global-color-4)","background-image":"","background-repeat":"repeat","background-position":"center center","background-size":"auto","background-attachment":"scroll","background-type":"","background-media":"","overlay-type":"","overlay-color":"","overlay-opacity":"","overlay-gradient":""},"tablet":{"background-color":"var(--ast-global-color-4)","background-image":"","background-repeat":"repeat","background-position":"center center","background-size":"auto","background-attachment":"scroll","background-type":"","background-media":"","overlay-type":"","overlay-color":"","overlay-opacity":"","overlay-gradient":""},"mobile":{"background-color":"var(--ast-global-color-4)","background-image":"","background-repeat":"repeat","background-position":"center center","background-size":"auto","background-attachment":"scroll","background-type":"","background-media":"","overlay-type":"","overlay-color":"","overlay-opacity":"","overlay-gradient":""}},"_daextinma_seo_power":"","_daextinma_enable_ail":"","footnotes":""},"class_list":["post-2482","page","type-page","status-publish","hentry"],"_links":{"self":[{"href":"https:\/\/reeqitent.com\/tr\/wp-json\/wp\/v2\/pages\/2482","targetHints":{"allow":["GET"]}}],"collection":[{"href":"https:\/\/reeqitent.com\/tr\/wp-json\/wp\/v2\/pages"}],"about":[{"href":"https:\/\/reeqitent.com\/tr\/wp-json\/wp\/v2\/types\/page"}],"author":[{"embeddable":true,"href":"https:\/\/reeqitent.com\/tr\/wp-json\/wp\/v2\/users\/2"}],"replies":[{"embeddable":true,"href":"https:\/\/reeqitent.com\/tr\/wp-json\/wp\/v2\/comments?post=2482"}],"version-history":[{"count":33,"href":"https:\/\/reeqitent.com\/tr\/wp-json\/wp\/v2\/pages\/2482\/revisions"}],"predecessor-version":[{"id":4784,"href":"https:\/\/reeqitent.com\/tr\/wp-json\/wp\/v2\/pages\/2482\/revisions\/4784"}],"wp:attachment":[{"href":"https:\/\/reeqitent.com\/tr\/wp-json\/wp\/v2\/media?parent=2482"}],"curies":[{"name":"wp","href":"https:\/\/api.w.org\/{rel}","templated":true}]}}