{"id":2482,"date":"2025-09-01T04:02:47","date_gmt":"2025-09-01T04:02:47","guid":{"rendered":"https:\/\/reeqitent.com\/?page_id=2482"},"modified":"2026-03-12T10:37:00","modified_gmt":"2026-03-12T10:37:00","slug":"blog","status":"publish","type":"page","link":"https:\/\/reeqitent.com\/fr\/blog\/","title":{"rendered":"Blog"},"content":{"rendered":"<div id=\"ez-toc-container\" class=\"ez-toc-v2_0_80 counter-hierarchy ez-toc-counter ez-toc-grey ez-toc-container-direction\">\n<div class=\"ez-toc-title-container\">\n<p class=\"ez-toc-title\" style=\"cursor:inherit\">Table des mati\u00e8res<\/p>\n<span class=\"ez-toc-title-toggle\"><a href=\"#\" class=\"ez-toc-pull-right ez-toc-btn ez-toc-btn-xs ez-toc-btn-default ez-toc-toggle\" aria-label=\"Basculer la table des mati\u00e8res\"><span class=\"ez-toc-js-icon-con\"><span class=\"\"><span class=\"eztoc-hide\" style=\"display:none;\">Basculer<\/span><span class=\"ez-toc-icon-toggle-span\"><svg style=\"fill: #999;color:#999\" xmlns=\"http:\/\/www.w3.org\/2000\/svg\" class=\"list-377408\" width=\"20px\" height=\"20px\" viewbox=\"0 0 24 24\" fill=\"none\"><path d=\"M6 6H4v2h2V6zm14 0H8v2h12V6zM4 11h2v2H4v-2zm16 0H8v2h12v-2zM4 16h2v2H4v-2zm16 0H8v2h12v-2z\" fill=\"currentColor\"><\/path><\/svg><svg style=\"fill: #999;color:#999\" class=\"arrow-unsorted-368013\" xmlns=\"http:\/\/www.w3.org\/2000\/svg\" width=\"10px\" height=\"10px\" viewbox=\"0 0 24 24\" version=\"1.2\" baseprofile=\"tiny\"><path d=\"M18.2 9.3l-6.2-6.3-6.2 6.3c-.2.2-.3.4-.3.7s.1.5.3.7c.2.2.4.3.7.3h11c.3 0 .5-.1.7-.3.2-.2.3-.5.3-.7s-.1-.5-.3-.7zM5.8 14.7l6.2 6.3 6.2-6.3c.2-.2.3-.5.3-.7s-.1-.5-.3-.7c-.2-.2-.4-.3-.7-.3h-11c-.3 0-.5.1-.7.3-.2.2-.3.5-.3.7s.1.5.3.7z\"\/><\/svg><\/span><\/span><\/span><\/a><\/span><\/div>\n<nav><ul class='ez-toc-list ez-toc-list-level-1' ><li class='ez-toc-page-1 ez-toc-heading-level-2'><a class=\"ez-toc-link ez-toc-heading-1\" href=\"https:\/\/reeqitent.com\/fr\/what-is-an-outdoor-inflatable-tent-house\/#1_What_Is_an_Outdoor_Inflatable_Tent_House\" >1. Qu'est-ce qu'une tente gonflable d'ext\u00e9rieur ?<\/a><\/li><li class='ez-toc-page-1 ez-toc-heading-level-2'><a class=\"ez-toc-link ez-toc-heading-2\" href=\"https:\/\/reeqitent.com\/fr\/what-is-an-outdoor-inflatable-tent-house\/#2_How_Does_an_Outdoor_Inflatable_Tent_House_Work_Technology_and_Materials\" >2. Comment fonctionne une tente gonflable d'ext\u00e9rieur ? Technologie et mat\u00e9riaux<\/a><\/li><li class='ez-toc-page-1 ez-toc-heading-level-2'><a class=\"ez-toc-link ez-toc-heading-3\" href=\"https:\/\/reeqitent.com\/fr\/what-is-an-outdoor-inflatable-tent-house\/#3_Benefits_and_Typical_Use_Cases\" >3. Avantages et cas d'utilisation typiques<\/a><\/li><li class='ez-toc-page-1 ez-toc-heading-level-2'><a class=\"ez-toc-link ez-toc-heading-4\" href=\"https:\/\/reeqitent.com\/fr\/what-is-an-outdoor-inflatable-tent-house\/#4_Durability_and_Weather_Resistance_Analysis\" >4. Analyse de la durabilit\u00e9 et de la r\u00e9sistance aux intemp\u00e9ries<\/a><\/li><li class='ez-toc-page-1 ez-toc-heading-level-2'><a class=\"ez-toc-link ez-toc-heading-5\" href=\"https:\/\/reeqitent.com\/fr\/what-is-an-outdoor-inflatable-tent-house\/#5_How_to_Set_Up_and_Maintain_an_Outdoor_Inflatable_Tent_House\" >5. Comment monter et entretenir une tente gonflable d'ext\u00e9rieur<\/a><\/li><li class='ez-toc-page-1 ez-toc-heading-level-2'><a class=\"ez-toc-link ez-toc-heading-6\" href=\"https:\/\/reeqitent.com\/fr\/what-is-an-outdoor-inflatable-tent-house\/#6_Buying_Guide_Best_Products_Rental_Options_and_Regional_Suppliers\" >6. Guide d'achat : Meilleurs produits, options de location et fournisseurs r\u00e9gionaux<\/a><\/li><li class='ez-toc-page-1 ez-toc-heading-level-2'><a class=\"ez-toc-link ez-toc-heading-7\" href=\"https:\/\/reeqitent.com\/fr\/what-is-an-outdoor-inflatable-tent-house\/#7_FAQs_Addressing_Common_Concerns\" >7. FAQ : R\u00e9ponses aux questions courantes<\/a><\/li><\/ul><\/nav><\/div>\n\t\t<div data-elementor-type=\"wp-page\" data-elementor-id=\"2482\" class=\"elementor elementor-2482\" data-elementor-post-type=\"page\">\n\t\t\t\t<div class=\"elementor-element elementor-element-0ca19da e-flex e-con-boxed e-con e-parent\" data-id=\"0ca19da\" data-element_type=\"container\" data-settings=\"{&quot;background_background&quot;:&quot;classic&quot;}\">\n\t\t\t\t\t<div class=\"e-con-inner\">\n\t\t\t\t<div class=\"elementor-element elementor-element-36fa726 elementor-widget elementor-widget-heading\" data-id=\"36fa726\" data-element_type=\"widget\" data-widget_type=\"heading.default\">\n\t\t\t\t\t<h2 class=\"elementor-heading-title elementor-size-default\">Dynamisez Vos Marques avec Air<\/h2>\t\t\t\t<\/div>\n\t\t\t\t<div class=\"elementor-element elementor-element-4a3db3e elementor-widget elementor-widget-text-editor\" data-id=\"4a3db3e\" data-element_type=\"widget\" data-widget_type=\"text-editor.default\">\n\t\t\t\t\t\t\t\t\t<p>Boostez la Visibilit\u00e9 de Votre Marque en Ext\u00e9rieur avec des Solutions Publicitaires Gonflables<\/p>\t\t\t\t\t\t\t\t<\/div>\n\t\t\t\t\t<\/div>\n\t\t\t\t<\/div>\n\t\t<div class=\"elementor-element elementor-element-cee2f0e e-flex e-con-boxed e-con e-parent\" data-id=\"cee2f0e\" data-element_type=\"container\">\n\t\t\t\t\t<div class=\"e-con-inner\">\n\t\t\t\t<div class=\"elementor-element elementor-element-dcbd429 elementor-widget elementor-widget-heading\" data-id=\"dcbd429\" data-element_type=\"widget\" data-widget_type=\"heading.default\">\n\t\t\t\t\t<h2 class=\"elementor-heading-title elementor-size-default\">Aper\u00e7us de l'Industrie &amp; Contenu Utile<\/h2>\t\t\t\t<\/div>\n\t\t\t\t<div class=\"elementor-element elementor-element-2f7e0e5 elementor-grid-3 elementor-grid-tablet-2 elementor-grid-mobile-1 elementor-posts--thumbnail-top elementor-card-shadow-yes elementor-posts__hover-gradient elementor-widget elementor-widget-posts\" data-id=\"2f7e0e5\" data-element_type=\"widget\" data-settings=\"{&quot;pagination_type&quot;:&quot;numbers_and_prev_next&quot;,&quot;cards_columns&quot;:&quot;3&quot;,&quot;cards_columns_tablet&quot;:&quot;2&quot;,&quot;cards_columns_mobile&quot;:&quot;1&quot;,&quot;cards_row_gap&quot;:{&quot;unit&quot;:&quot;px&quot;,&quot;size&quot;:35,&quot;sizes&quot;:[]},&quot;cards_row_gap_tablet&quot;:{&quot;unit&quot;:&quot;px&quot;,&quot;size&quot;:&quot;&quot;,&quot;sizes&quot;:[]},&quot;cards_row_gap_mobile&quot;:{&quot;unit&quot;:&quot;px&quot;,&quot;size&quot;:&quot;&quot;,&quot;sizes&quot;:[]}}\" data-widget_type=\"posts.cards\">\n\t\t\t\t<div class=\"elementor-widget-container\">\n\t\t\t\t\t\t\t<div class=\"elementor-posts-container elementor-posts elementor-posts--skin-cards elementor-grid\" role=\"list\">\n\t\t\t\t<article class=\"elementor-post elementor-grid-item post-5529 post type-post status-publish format-standard hentry category-inflatable-tent tag-industrial-tent-for-sale tag-permanent-event-tent\" role=\"listitem\">\n\t\t\t<div class=\"elementor-post__card\">\n\t\t\t\t<div class=\"elementor-post__text\">\n\t\t\t\t<h3 class=\"elementor-post__title\">\n\t\t\t<a href=\"https:\/\/reeqitent.com\/fr\/industrial-tent-for-sale-2026\/\" target=\"&quot;_blank&quot;\">\n\t\t\t\tTente industrielle \u00e0 vendre | Guide d'achat complet 2026 et meilleurs choix\t\t\t<\/a>\n\t\t<\/h3>\n\t\t\t\t<div class=\"elementor-post__excerpt\">\n\t\t\t<p>D\u00e9couvrez les options de tentes industrielles les mieux not\u00e9es \u00e0 vendre en 2024. Tentes durables, r\u00e9sistantes aux intemp\u00e9ries et personnalisables avec un support expert. Obtenez un devis gratuit d\u00e8s aujourd'hui !<\/p>\t\t<\/div>\n\t\t\t\t<\/div>\n\t\t\t\t<div class=\"elementor-post__meta-data\">\n\t\t\t\t\t<span class=\"elementor-post-date\">\n\t\t\t9 avril 2026\t\t<\/span>\n\t\t\t\t<span class=\"elementor-post-avatar\">\n\t\t\tAucun commentaire\t\t<\/span>\n\t\t\t\t<\/div>\n\t\t\t\t\t<\/div>\n\t\t<\/article>\n\t\t\t\t<article class=\"elementor-post elementor-grid-item post-5537 post type-post status-publish format-standard hentry category-inflatable-advertising-tent tag-3-man-camping-tent tag-3-man-pop-up-tent tag-3-man-tents tag-3-man-waterproof-tent tag-3-person-pop-up-tent tag-3-person-tents-for-sale tag-camping-tent-3-person tag-three-man-tent-pop-up\" role=\"listitem\">\n\t\t\t<div class=\"elementor-post__card\">\n\t\t\t\t<div class=\"elementor-post__text\">\n\t\t\t\t<h3 class=\"elementor-post__title\">\n\t\t\t<a href=\"https:\/\/reeqitent.com\/fr\/top-3-man-waterproof-tents-2026\/\" target=\"&quot;_blank&quot;\">\n\t\t\t\tTop 10 des meilleures tentes imperm\u00e9ables 3 personnes pour des aventures de camping en 2026\t\t\t<\/a>\n\t\t<\/h3>\n\t\t\t\t<div class=\"elementor-post__excerpt\">\n\t\t\t<p>D\u00e9couvrez les meilleures tentes imperm\u00e9ables pour 3 personnes pour le camping en 2023. Restez au sec, confortable et pr\u00eat pour toute aventure avec nos meilleurs choix \u00e9valu\u00e9s par des experts. Achetez maintenant !<\/p>\t\t<\/div>\n\t\t\t\t<\/div>\n\t\t\t\t<div class=\"elementor-post__meta-data\">\n\t\t\t\t\t<span class=\"elementor-post-date\">\n\t\t\t9 avril 2026\t\t<\/span>\n\t\t\t\t<span class=\"elementor-post-avatar\">\n\t\t\tAucun commentaire\t\t<\/span>\n\t\t\t\t<\/div>\n\t\t\t\t\t<\/div>\n\t\t<\/article>\n\t\t\t\t<article class=\"elementor-post elementor-grid-item post-5528 post type-post status-publish format-standard hentry category-inflatable-tent tag-dome-canopy tag-dome-outdoor-tent tag-dome-party-tent tag-dome-tents-for-sale tag-event-dome-tent tag-huge-dome-tent tag-large-dome-tents tag-largest-dome-tent tag-tent-dome\" role=\"listitem\">\n\t\t\t<div class=\"elementor-post__card\">\n\t\t\t\t<div class=\"elementor-post__text\">\n\t\t\t\t<h3 class=\"elementor-post__title\">\n\t\t\t<a href=\"https:\/\/reeqitent.com\/fr\/huge-dome-tent-buying-guide\/\" target=\"&quot;_blank&quot;\">\n\t\t\t\tGuide d'achat de grandes tentes d\u00f4me : Meilleures grandes tentes d\u00f4me pour \u00e9v\u00e9nements et usage professionnel\t\t\t<\/a>\n\t\t<\/h3>\n\t\t\t\t<div class=\"elementor-post__excerpt\">\n\t\t\t<p>D\u00e9couvrez le guide d'achat ultime pour les grandes tentes d\u00f4me pour \u00e9v\u00e9nements d'entreprise. Trouvez des grandes tentes d\u00f4me durables, r\u00e9sistantes aux intemp\u00e9ries et faciles \u00e0 monter. Obtenez des conseils d'experts et des comparaisons des meilleures marques d\u00e8s maintenant !<\/p>\t\t<\/div>\n\t\t\t\t<\/div>\n\t\t\t\t<div class=\"elementor-post__meta-data\">\n\t\t\t\t\t<span class=\"elementor-post-date\">\n\t\t\t7 avril 2026\t\t<\/span>\n\t\t\t\t<span class=\"elementor-post-avatar\">\n\t\t\tAucun commentaire\t\t<\/span>\n\t\t\t\t<\/div>\n\t\t\t\t\t<\/div>\n\t\t<\/article>\n\t\t\t\t<article class=\"elementor-post elementor-grid-item post-5527 post type-post status-publish format-standard hentry category-inflatable-tent tag-buy-pole-tent tag-commercial-tent-poles tag-pole-party-tent tag-pole-tent-for-sale tag-pole-tent-manufacturers\" role=\"listitem\">\n\t\t\t<div class=\"elementor-post__card\">\n\t\t\t\t<div class=\"elementor-post__text\">\n\t\t\t\t<h3 class=\"elementor-post__title\">\n\t\t\t<a href=\"https:\/\/reeqitent.com\/fr\/buy-pole-tent-guide\/\" target=\"&quot;_blank&quot;\">\n\t\t\t\tAcheter une tente \u00e0 arceaux : Guide ultime pour choisir la tente \u00e0 arceaux parfaite selon vos besoins\t\t\t<\/a>\n\t\t<\/h3>\n\t\t\t\t<div class=\"elementor-post__excerpt\">\n\t\t\t<p>Vous cherchez \u00e0 acheter une tente \u00e0 poteaux ? D\u00e9couvrez des conseils d'experts pour choisir la taille, les mat\u00e9riaux, les fabricants de confiance et les prix. Trouvez votre tente \u00e0 poteaux parfaite aujourd'hui pour des \u00e9v\u00e9nements impeccables !<\/p>\t\t<\/div>\n\t\t\t\t<\/div>\n\t\t\t\t<div class=\"elementor-post__meta-data\">\n\t\t\t\t\t<span class=\"elementor-post-date\">\n\t\t\t7 avril 2026\t\t<\/span>\n\t\t\t\t<span class=\"elementor-post-avatar\">\n\t\t\tAucun commentaire\t\t<\/span>\n\t\t\t\t<\/div>\n\t\t\t\t\t<\/div>\n\t\t<\/article>\n\t\t\t\t<article class=\"elementor-post elementor-grid-item post-5526 post type-post status-publish format-standard hentry category-inflatable-advertising-tent tag-blow-up-car-tent tag-inflatable-tailgate-tent\" role=\"listitem\">\n\t\t\t<div class=\"elementor-post__card\">\n\t\t\t\t<div class=\"elementor-post__text\">\n\t\t\t\t<h3 class=\"elementor-post__title\">\n\t\t\t<a href=\"https:\/\/reeqitent.com\/fr\/best-blow-up-car-tent\/\" target=\"&quot;_blank&quot;\">\n\t\t\t\tMeilleure tente gonflable pour voiture : Guide ultime pour l'installation, la durabilit\u00e9 et l'utilisation\t\t\t<\/a>\n\t\t<\/h3>\n\t\t\t\t<div class=\"elementor-post__excerpt\">\n\t\t\t<p>D\u00e9couvrez la meilleure tente gonflable pour voiture offrant un montage rapide, des mat\u00e9riaux durables et une protection fiable. Parfaite pour les v\u00e9hicules et les flottes \u2014 achetez maintenant pour un abri sans tracas !<\/p>\t\t<\/div>\n\t\t\t\t<\/div>\n\t\t\t\t<div class=\"elementor-post__meta-data\">\n\t\t\t\t\t<span class=\"elementor-post-date\">\n\t\t\t7 avril 2026\t\t<\/span>\n\t\t\t\t<span class=\"elementor-post-avatar\">\n\t\t\tAucun commentaire\t\t<\/span>\n\t\t\t\t<\/div>\n\t\t\t\t\t<\/div>\n\t\t<\/article>\n\t\t\t\t<article class=\"elementor-post elementor-grid-item post-5444 post type-post status-publish format-standard has-post-thumbnail hentry category-inflatable-advertising-tent tag-what-is-an-outdoor-inflatable-tent-house\" role=\"listitem\">\n\t\t\t<div class=\"elementor-post__card\">\n\t\t\t\t<a class=\"elementor-post__thumbnail__link\" href=\"https:\/\/reeqitent.com\/fr\/what-is-an-outdoor-inflatable-tent-house\/\" tabindex=\"-1\" target=\"_blank\"><div class=\"elementor-post__thumbnail\"><img fetchpriority=\"high\" decoding=\"async\" width=\"800\" height=\"446\" src=\"https:\/\/reeqitent.com\/wp-content\/uploads\/2026\/04\/What-Is-an-Outdoor-Inflatable-Tent-House-2-1.webp\" class=\"attachment-full size-full wp-image-5524\" alt=\"What Is An Outdoor Inflatable Tent House\" srcset=\"https:\/\/reeqitent.com\/wp-content\/uploads\/2026\/04\/What-Is-an-Outdoor-Inflatable-Tent-House-2-1.webp 800w, https:\/\/reeqitent.com\/wp-content\/uploads\/2026\/04\/What-Is-an-Outdoor-Inflatable-Tent-House-2-1-300x167.webp 300w, https:\/\/reeqitent.com\/wp-content\/uploads\/2026\/04\/What-Is-an-Outdoor-Inflatable-Tent-House-2-1-768x428.webp 768w, https:\/\/reeqitent.com\/wp-content\/uploads\/2026\/04\/What-Is-an-Outdoor-Inflatable-Tent-House-2-1-18x10.webp 18w\" sizes=\"(max-width: 800px) 100vw, 800px\" \/><\/div><\/a>\n\t\t\t\t<div class=\"elementor-post__text\">\n\t\t\t\t<h3 class=\"elementor-post__title\">\n\t\t\t<a href=\"https:\/\/reeqitent.com\/fr\/what-is-an-outdoor-inflatable-tent-house\/\" target=\"&quot;_blank&quot;\">\n\t\t\t\tQu'est-ce qu'une tente gonflable ext\u00e9rieure ? Guide complet pour 2026\t\t\t<\/a>\n\t\t<\/h3>\n\t\t\t\t<div class=\"elementor-post__excerpt\">\n\t\t\t<p>D\u00e9couvrez ce qu'est une tente gonflable ext\u00e9rieure, comment elle fonctionne et pourquoi c'est l'abri id\u00e9al pour les \u00e9v\u00e9nements et les urgences. Apprenez des conseils d'installation et d'achat d\u00e8s aujourd'hui !<\/p>\t\t<\/div>\n\t\t\t\t<\/div>\n\t\t\t\t<div class=\"elementor-post__meta-data\">\n\t\t\t\t\t<span class=\"elementor-post-date\">\n\t\t\t6 avril 2026\t\t<\/span>\n\t\t\t\t<span class=\"elementor-post-avatar\">\n\t\t\tAucun commentaire\t\t<\/span>\n\t\t\t\t<\/div>\n\t\t\t\t\t<\/div>\n\t\t<\/article>\n\t\t\t\t<\/div>\n\t\t\n\t\t\t\t<div class=\"e-load-more-anchor\" data-page=\"1\" data-max-page=\"37\" data-next-page=\"https:\/\/reeqitent.com\/fr\/wp-json\/wp\/v2\/pages\/2482\/page\/2\/\"><\/div>\n\t\t\t\t<nav class=\"elementor-pagination\" aria-label=\"Pagination\">\n\t\t\t<span class=\"page-numbers prev\">\u00ab Pr\u00e9c\u00e9dent<\/span>\n<span aria-current=\"page\" class=\"page-numbers current\"><span class=\"elementor-screen-only\">Page<\/span>1<\/span>\n<a class=\"page-numbers\" href=\"https:\/\/reeqitent.com\/fr\/wp-json\/wp\/v2\/pages\/2482\/page\/2\/\"><span class=\"elementor-screen-only\">Page<\/span>2<\/a>\n<a class=\"page-numbers\" href=\"https:\/\/reeqitent.com\/fr\/wp-json\/wp\/v2\/pages\/2482\/page\/3\/\"><span class=\"elementor-screen-only\">Page<\/span>3<\/a>\n<span class=\"page-numbers dots\">\u2026<\/span>\n<a class=\"page-numbers\" href=\"https:\/\/reeqitent.com\/fr\/wp-json\/wp\/v2\/pages\/2482\/page\/37\/\"><span class=\"elementor-screen-only\">Page<\/span>37<\/a>\n<a class=\"page-numbers next\" href=\"https:\/\/reeqitent.com\/fr\/wp-json\/wp\/v2\/pages\/2482\/page\/2\/\">Suivant \u00bb<\/a>\t\t<\/nav>\n\t\t\t\t\t\t<\/div>\n\t\t\t\t<\/div>\n\t\t\t\t\t<\/div>\n\t\t\t\t<\/div>\n\t\t\t\t<\/div>","protected":false},"excerpt":{"rendered":"<p>Dynamisez Vos Marques avec Air Boost Votre Visibilit\u00e9 de Marque en Plein Air gr\u00e2ce aux Solutions Publicitaires Gonflables Perspectives du Secteur &amp; Contenu Utile<\/p>","protected":false},"author":2,"featured_media":0,"parent":0,"menu_order":0,"comment_status":"closed","ping_status":"closed","template":"","meta":{"site-sidebar-layout":"no-sidebar","site-content-layout":"","ast-site-content-layout":"full-width-container","site-content-style":"default","site-sidebar-style":"default","ast-global-header-display":"","ast-banner-title-visibility":"","ast-main-header-display":"","ast-hfb-above-header-display":"","ast-hfb-below-header-display":"","ast-hfb-mobile-header-display":"","site-post-title":"disabled","ast-breadcrumbs-content":"","ast-featured-img":"disabled","footer-sml-layout":"","ast-disable-related-posts":"","theme-transparent-header-meta":"","adv-header-id-meta":"","stick-header-meta":"","header-above-stick-meta":"","header-main-stick-meta":"","header-below-stick-meta":"","astra-migrate-meta-layouts":"default","ast-page-background-enabled":"default","ast-page-background-meta":{"desktop":{"background-color":"var(--ast-global-color-5)","background-image":"","background-repeat":"repeat","background-position":"center center","background-size":"auto","background-attachment":"scroll","background-type":"","background-media":"","overlay-type":"","overlay-color":"","overlay-opacity":"","overlay-gradient":""},"tablet":{"background-color":"","background-image":"","background-repeat":"repeat","background-position":"center center","background-size":"auto","background-attachment":"scroll","background-type":"","background-media":"","overlay-type":"","overlay-color":"","overlay-opacity":"","overlay-gradient":""},"mobile":{"background-color":"","background-image":"","background-repeat":"repeat","background-position":"center center","background-size":"auto","background-attachment":"scroll","background-type":"","background-media":"","overlay-type":"","overlay-color":"","overlay-opacity":"","overlay-gradient":""}},"ast-content-background-meta":{"desktop":{"background-color":"var(--ast-global-color-4)","background-image":"","background-repeat":"repeat","background-position":"center center","background-size":"auto","background-attachment":"scroll","background-type":"","background-media":"","overlay-type":"","overlay-color":"","overlay-opacity":"","overlay-gradient":""},"tablet":{"background-color":"var(--ast-global-color-4)","background-image":"","background-repeat":"repeat","background-position":"center center","background-size":"auto","background-attachment":"scroll","background-type":"","background-media":"","overlay-type":"","overlay-color":"","overlay-opacity":"","overlay-gradient":""},"mobile":{"background-color":"var(--ast-global-color-4)","background-image":"","background-repeat":"repeat","background-position":"center center","background-size":"auto","background-attachment":"scroll","background-type":"","background-media":"","overlay-type":"","overlay-color":"","overlay-opacity":"","overlay-gradient":""}},"_daextinma_seo_power":"","_daextinma_enable_ail":"","footnotes":""},"class_list":["post-2482","page","type-page","status-publish","hentry"],"_links":{"self":[{"href":"https:\/\/reeqitent.com\/fr\/wp-json\/wp\/v2\/pages\/2482","targetHints":{"allow":["GET"]}}],"collection":[{"href":"https:\/\/reeqitent.com\/fr\/wp-json\/wp\/v2\/pages"}],"about":[{"href":"https:\/\/reeqitent.com\/fr\/wp-json\/wp\/v2\/types\/page"}],"author":[{"embeddable":true,"href":"https:\/\/reeqitent.com\/fr\/wp-json\/wp\/v2\/users\/2"}],"replies":[{"embeddable":true,"href":"https:\/\/reeqitent.com\/fr\/wp-json\/wp\/v2\/comments?post=2482"}],"version-history":[{"count":33,"href":"https:\/\/reeqitent.com\/fr\/wp-json\/wp\/v2\/pages\/2482\/revisions"}],"predecessor-version":[{"id":4784,"href":"https:\/\/reeqitent.com\/fr\/wp-json\/wp\/v2\/pages\/2482\/revisions\/4784"}],"wp:attachment":[{"href":"https:\/\/reeqitent.com\/fr\/wp-json\/wp\/v2\/media?parent=2482"}],"curies":[{"name":"wp","href":"https:\/\/api.w.org\/{rel}","templated":true}]}}