{"id":3239,"date":"2025-12-26T09:55:45","date_gmt":"2025-12-26T09:55:45","guid":{"rendered":"https:\/\/reeqitent.com\/?page_id=3239"},"modified":"2025-12-31T07:15:16","modified_gmt":"2025-12-31T07:15:16","slug":"product-catalog","status":"publish","type":"page","link":"https:\/\/reeqitent.com\/es\/product-catalog\/","title":{"rendered":"Cat\u00e1logo de Productos"},"content":{"rendered":"<div data-elementor-type=\"wp-page\" data-elementor-id=\"3239\" class=\"elementor elementor-3239\" data-elementor-post-type=\"page\">\n\t\t\t\t<div class=\"elementor-element elementor-element-480e35a e-con-full e-flex e-con e-parent\" data-id=\"480e35a\" data-element_type=\"container\" data-settings=\"{&quot;background_background&quot;:&quot;classic&quot;}\">\n\t\t\t\t<div class=\"elementor-element elementor-element-56d5c0b elementor-widget__width-inherit elementor-widget elementor-widget-heading\" data-id=\"56d5c0b\" data-element_type=\"widget\" data-widget_type=\"heading.default\">\n\t\t\t\t\t<h2 class=\"elementor-heading-title elementor-size-default\">Cat\u00e1logo de Productos<\/h2>\t\t\t\t<\/div>\n\t\t\t\t<\/div>\n\t\t<div class=\"elementor-element elementor-element-b6d3c61 e-grid e-con-boxed e-con e-parent\" data-id=\"b6d3c61\" data-element_type=\"container\" data-settings=\"{&quot;background_background&quot;:&quot;classic&quot;}\">\n\t\t\t\t\t<div class=\"e-con-inner\">\n\t\t<div class=\"elementor-element elementor-element-a1493ff e-con-full e-flex e-con e-child\" data-id=\"a1493ff\" data-element_type=\"container\">\n\t\t<div class=\"elementor-element elementor-element-02c4982 e-con-full e-flex e-con e-child\" data-id=\"02c4982\" data-element_type=\"container\">\n\t\t\t\t<div class=\"elementor-element elementor-element-e39dfe8 elementor-widget elementor-widget-image\" data-id=\"e39dfe8\" data-element_type=\"widget\" data-widget_type=\"image.default\">\n\t\t\t\t\t\t\t\t\t\t\t\t\t\t\t<img fetchpriority=\"high\" decoding=\"async\" width=\"1500\" height=\"900\" src=\"https:\/\/reeqitent.com\/wp-content\/uploads\/2025\/12\/inflatable-tent-1-1.png\" class=\"attachment-full size-full wp-image-3262\" alt=\"\" srcset=\"https:\/\/reeqitent.com\/wp-content\/uploads\/2025\/12\/inflatable-tent-1-1.png 1500w, https:\/\/reeqitent.com\/wp-content\/uploads\/2025\/12\/inflatable-tent-1-1-300x180.png 300w, https:\/\/reeqitent.com\/wp-content\/uploads\/2025\/12\/inflatable-tent-1-1-1024x614.png 1024w, https:\/\/reeqitent.com\/wp-content\/uploads\/2025\/12\/inflatable-tent-1-1-768x461.png 768w\" sizes=\"(max-width: 1500px) 100vw, 1500px\" \/>\t\t\t\t\t\t\t\t\t\t\t\t\t\t\t<\/div>\n\t\t\t\t<\/div>\n\t\t<div class=\"elementor-element elementor-element-959244e e-con-full e-flex e-con e-child\" data-id=\"959244e\" data-element_type=\"container\">\n\t\t\t\t<div class=\"elementor-element elementor-element-d90e415 elementor-widget elementor-widget-heading\" data-id=\"d90e415\" data-element_type=\"widget\" data-widget_type=\"heading.default\">\n\t\t\t\t\t<h2 class=\"elementor-heading-title elementor-size-default\">Cat\u00e1logo de Productos KCCE(en)<\/h2>\t\t\t\t<\/div>\n\t\t\t\t<div class=\"elementor-element elementor-element-8465241 secure-download-btn elementor-widget elementor-widget-shortcode\" data-id=\"8465241\" data-element_type=\"widget\" data-widget_type=\"shortcode.default\">\n\t\t\t\t\t\t\t<div class=\"elementor-shortcode\">    <button class=\"secure-download-btn\" data-id=\"pdf1\" data-nonce=\"2883a8a548\">\r\n        Descargar\r\n    <\/button>\r\n    <\/div>\n\t\t\t\t\t\t<\/div>\n\t\t\t\t<\/div>\n\t\t\t\t<\/div>\n\t\t<div class=\"elementor-element elementor-element-8c763ce e-con-full e-flex e-con e-child\" data-id=\"8c763ce\" data-element_type=\"container\">\n\t\t<div class=\"elementor-element elementor-element-95bd667 e-con-full e-flex e-con e-child\" data-id=\"95bd667\" data-element_type=\"container\">\n\t\t\t\t<div class=\"elementor-element elementor-element-bc71614 elementor-widget elementor-widget-image\" data-id=\"bc71614\" data-element_type=\"widget\" data-widget_type=\"image.default\">\n\t\t\t\t\t\t\t\t\t\t\t\t\t\t\t<img decoding=\"async\" width=\"1500\" height=\"900\" src=\"https:\/\/reeqitent.com\/wp-content\/uploads\/2025\/12\/inflatable-tent-cn.png\" class=\"attachment-full size-full wp-image-3263\" alt=\"\" srcset=\"https:\/\/reeqitent.com\/wp-content\/uploads\/2025\/12\/inflatable-tent-cn.png 1500w, https:\/\/reeqitent.com\/wp-content\/uploads\/2025\/12\/inflatable-tent-cn-300x180.png 300w, https:\/\/reeqitent.com\/wp-content\/uploads\/2025\/12\/inflatable-tent-cn-1024x614.png 1024w, https:\/\/reeqitent.com\/wp-content\/uploads\/2025\/12\/inflatable-tent-cn-768x461.png 768w\" sizes=\"(max-width: 1500px) 100vw, 1500px\" \/>\t\t\t\t\t\t\t\t\t\t\t\t\t\t\t<\/div>\n\t\t\t\t<\/div>\n\t\t<div class=\"elementor-element elementor-element-5e2af2e e-con-full e-flex e-con e-child\" data-id=\"5e2af2e\" data-element_type=\"container\">\n\t\t\t\t<div class=\"elementor-element elementor-element-5ab58d7 elementor-widget elementor-widget-heading\" data-id=\"5ab58d7\" data-element_type=\"widget\" data-widget_type=\"heading.default\">\n\t\t\t\t\t<h2 class=\"elementor-heading-title elementor-size-default\">Cat\u00e1logo de Productos KCCE(cn)<\/h2>\t\t\t\t<\/div>\n\t\t\t\t<div class=\"elementor-element elementor-element-3cb9af3 secure-download-btn elementor-widget elementor-widget-shortcode\" data-id=\"3cb9af3\" data-element_type=\"widget\" data-widget_type=\"shortcode.default\">\n\t\t\t\t\t\t\t<div class=\"elementor-shortcode\">    <button class=\"secure-download-btn\" data-id=\"pdf2\" data-nonce=\"ce03052043\">\r\n        Descargar\r\n    <\/button>\r\n    <\/div>\n\t\t\t\t\t\t<\/div>\n\t\t\t\t<\/div>\n\t\t\t\t<\/div>\n\t\t<div class=\"elementor-element elementor-element-2c59cfb e-con-full e-flex e-con e-child\" data-id=\"2c59cfb\" data-element_type=\"container\">\n\t\t<div class=\"elementor-element elementor-element-822e400 e-con-full e-flex e-con e-child\" data-id=\"822e400\" data-element_type=\"container\">\n\t\t\t\t<div class=\"elementor-element elementor-element-a3148c1 elementor-widget elementor-widget-image\" data-id=\"a3148c1\" data-element_type=\"widget\" data-widget_type=\"image.default\">\n\t\t\t\t\t\t\t\t\t\t\t\t\t\t\t<img decoding=\"async\" width=\"1500\" height=\"900\" src=\"https:\/\/reeqitent.com\/wp-content\/uploads\/2025\/12\/inflatable-tent-3.png\" class=\"attachment-full size-full wp-image-3264\" alt=\"\" srcset=\"https:\/\/reeqitent.com\/wp-content\/uploads\/2025\/12\/inflatable-tent-3.png 1500w, https:\/\/reeqitent.com\/wp-content\/uploads\/2025\/12\/inflatable-tent-3-300x180.png 300w, https:\/\/reeqitent.com\/wp-content\/uploads\/2025\/12\/inflatable-tent-3-1024x614.png 1024w, https:\/\/reeqitent.com\/wp-content\/uploads\/2025\/12\/inflatable-tent-3-768x461.png 768w\" sizes=\"(max-width: 1500px) 100vw, 1500px\" \/>\t\t\t\t\t\t\t\t\t\t\t\t\t\t\t<\/div>\n\t\t\t\t<\/div>\n\t\t<div class=\"elementor-element elementor-element-feb8cfb e-con-full e-flex e-con e-child\" data-id=\"feb8cfb\" data-element_type=\"container\">\n\t\t\t\t<div class=\"elementor-element elementor-element-7e55777 elementor-widget elementor-widget-heading\" data-id=\"7e55777\" data-element_type=\"widget\" data-widget_type=\"heading.default\">\n\t\t\t\t\t<h2 class=\"elementor-heading-title elementor-size-default\">Tienda de Campa\u00f1a KCCE<\/h2>\t\t\t\t<\/div>\n\t\t\t\t<div class=\"elementor-element elementor-element-476b24c secure-download-btn elementor-widget elementor-widget-shortcode\" data-id=\"476b24c\" data-element_type=\"widget\" data-widget_type=\"shortcode.default\">\n\t\t\t\t\t\t\t<div class=\"elementor-shortcode\">    <button class=\"secure-download-btn\" data-id=\"pdf3\" data-nonce=\"300f857985\">\r\n        Descargar\r\n    <\/button>\r\n    <\/div>\n\t\t\t\t\t\t<\/div>\n\t\t\t\t<\/div>\n\t\t\t\t<\/div>\n\t\t<div class=\"elementor-element elementor-element-a30facb e-con-full e-flex e-con e-child\" data-id=\"a30facb\" data-element_type=\"container\">\n\t\t<div class=\"elementor-element elementor-element-c836e5d e-con-full e-flex e-con e-child\" data-id=\"c836e5d\" data-element_type=\"container\">\n\t\t\t\t<div class=\"elementor-element elementor-element-1bc0ece elementor-widget elementor-widget-image\" data-id=\"1bc0ece\" data-element_type=\"widget\" data-widget_type=\"image.default\">\n\t\t\t\t\t\t\t\t\t\t\t\t\t\t\t<img decoding=\"async\" width=\"1500\" height=\"900\" src=\"https:\/\/reeqitent.com\/wp-content\/uploads\/2025\/12\/inflatable-tent-3.png\" class=\"attachment-full size-full wp-image-3264\" alt=\"\" srcset=\"https:\/\/reeqitent.com\/wp-content\/uploads\/2025\/12\/inflatable-tent-3.png 1500w, https:\/\/reeqitent.com\/wp-content\/uploads\/2025\/12\/inflatable-tent-3-300x180.png 300w, https:\/\/reeqitent.com\/wp-content\/uploads\/2025\/12\/inflatable-tent-3-1024x614.png 1024w, https:\/\/reeqitent.com\/wp-content\/uploads\/2025\/12\/inflatable-tent-3-768x461.png 768w\" sizes=\"(max-width: 1500px) 100vw, 1500px\" \/>\t\t\t\t\t\t\t\t\t\t\t\t\t\t\t<\/div>\n\t\t\t\t<\/div>\n\t\t<div class=\"elementor-element elementor-element-cfd4903 e-con-full e-flex e-con e-child\" data-id=\"cfd4903\" data-element_type=\"container\">\n\t\t\t\t<div class=\"elementor-element elementor-element-c55a5c2 elementor-widget elementor-widget-heading\" data-id=\"c55a5c2\" data-element_type=\"widget\" data-widget_type=\"heading.default\">\n\t\t\t\t\t<h2 class=\"elementor-heading-title elementor-size-default\">Tienda de Campa\u00f1a KCCE<\/h2>\t\t\t\t<\/div>\n\t\t\t\t<div class=\"elementor-element elementor-element-a832862 secure-download-btn elementor-widget elementor-widget-shortcode\" data-id=\"a832862\" data-element_type=\"widget\" data-widget_type=\"shortcode.default\">\n\t\t\t\t\t\t\t<div class=\"elementor-shortcode\">    <button class=\"secure-download-btn\" data-id=\"pdf4\" data-nonce=\"0c1d2956bc\">\r\n        Descargar\r\n    <\/button>\r\n    <\/div>\n\t\t\t\t\t\t<\/div>\n\t\t\t\t<\/div>\n\t\t\t\t<\/div>\n\t\t\t\t\t<\/div>\n\t\t\t\t<\/div>\n\t\t\t\t<\/div>","protected":false},"excerpt":{"rendered":"<p>Cat\u00e1logo de Productos KCCE Cat\u00e1logo de Productos(en) KCCE Cat\u00e1logo de Productos(cn) KCCE Tienda de Campa\u00f1a KCCE Tienda de Campa\u00f1a<\/p>","protected":false},"author":2,"featured_media":0,"parent":0,"menu_order":0,"comment_status":"closed","ping_status":"closed","template":"","meta":{"site-sidebar-layout":"no-sidebar","site-content-layout":"","ast-site-content-layout":"full-width-container","site-content-style":"default","site-sidebar-style":"default","ast-global-header-display":"","ast-banner-title-visibility":"","ast-main-header-display":"","ast-hfb-above-header-display":"","ast-hfb-below-header-display":"","ast-hfb-mobile-header-display":"","site-post-title":"disabled","ast-breadcrumbs-content":"","ast-featured-img":"disabled","footer-sml-layout":"","ast-disable-related-posts":"","theme-transparent-header-meta":"default","adv-header-id-meta":"","stick-header-meta":"","header-above-stick-meta":"","header-main-stick-meta":"","header-below-stick-meta":"","astra-migrate-meta-layouts":"set","ast-page-background-enabled":"default","ast-page-background-meta":{"desktop":{"background-color":"var(--ast-global-color-5)","background-image":"","background-repeat":"repeat","background-position":"center center","background-size":"auto","background-attachment":"scroll","background-type":"","background-media":"","overlay-type":"","overlay-color":"","overlay-opacity":"","overlay-gradient":""},"tablet":{"background-color":"","background-image":"","background-repeat":"repeat","background-position":"center center","background-size":"auto","background-attachment":"scroll","background-type":"","background-media":"","overlay-type":"","overlay-color":"","overlay-opacity":"","overlay-gradient":""},"mobile":{"background-color":"","background-image":"","background-repeat":"repeat","background-position":"center center","background-size":"auto","background-attachment":"scroll","background-type":"","background-media":"","overlay-type":"","overlay-color":"","overlay-opacity":"","overlay-gradient":""}},"ast-content-background-meta":{"desktop":{"background-color":"var(--ast-global-color-4)","background-image":"","background-repeat":"repeat","background-position":"center center","background-size":"auto","background-attachment":"scroll","background-type":"","background-media":"","overlay-type":"","overlay-color":"","overlay-opacity":"","overlay-gradient":""},"tablet":{"background-color":"var(--ast-global-color-4)","background-image":"","background-repeat":"repeat","background-position":"center center","background-size":"auto","background-attachment":"scroll","background-type":"","background-media":"","overlay-type":"","overlay-color":"","overlay-opacity":"","overlay-gradient":""},"mobile":{"background-color":"var(--ast-global-color-4)","background-image":"","background-repeat":"repeat","background-position":"center center","background-size":"auto","background-attachment":"scroll","background-type":"","background-media":"","overlay-type":"","overlay-color":"","overlay-opacity":"","overlay-gradient":""}},"_daextinma_seo_power":"","_daextinma_enable_ail":"","footnotes":""},"class_list":["post-3239","page","type-page","status-publish","hentry"],"_links":{"self":[{"href":"https:\/\/reeqitent.com\/es\/wp-json\/wp\/v2\/pages\/3239","targetHints":{"allow":["GET"]}}],"collection":[{"href":"https:\/\/reeqitent.com\/es\/wp-json\/wp\/v2\/pages"}],"about":[{"href":"https:\/\/reeqitent.com\/es\/wp-json\/wp\/v2\/types\/page"}],"author":[{"embeddable":true,"href":"https:\/\/reeqitent.com\/es\/wp-json\/wp\/v2\/users\/2"}],"replies":[{"embeddable":true,"href":"https:\/\/reeqitent.com\/es\/wp-json\/wp\/v2\/comments?post=3239"}],"version-history":[{"count":0,"href":"https:\/\/reeqitent.com\/es\/wp-json\/wp\/v2\/pages\/3239\/revisions"}],"wp:attachment":[{"href":"https:\/\/reeqitent.com\/es\/wp-json\/wp\/v2\/media?parent=3239"}],"curies":[{"name":"wp","href":"https:\/\/api.w.org\/{rel}","templated":true}]}}