{"id":2482,"date":"2025-09-01T04:02:47","date_gmt":"2025-09-01T04:02:47","guid":{"rendered":"https:\/\/reeqitent.com\/?page_id=2482"},"modified":"2026-03-12T10:37:00","modified_gmt":"2026-03-12T10:37:00","slug":"blog","status":"publish","type":"page","link":"https:\/\/reeqitent.com\/es\/blog\/","title":{"rendered":"Blog"},"content":{"rendered":"<div id=\"ez-toc-container\" class=\"ez-toc-v2_0_80 counter-hierarchy ez-toc-counter ez-toc-grey ez-toc-container-direction\">\n<div class=\"ez-toc-title-container\">\n<p class=\"ez-toc-title\" style=\"cursor:inherit\">Tabla de Contenidos<\/p>\n<span class=\"ez-toc-title-toggle\"><a href=\"#\" class=\"ez-toc-pull-right ez-toc-btn ez-toc-btn-xs ez-toc-btn-default ez-toc-toggle\" aria-label=\"Alternar tabla de contenidos\"><span class=\"ez-toc-js-icon-con\"><span class=\"\"><span class=\"eztoc-hide\" style=\"display:none;\">Alternar<\/span><span class=\"ez-toc-icon-toggle-span\"><svg style=\"fill: #999;color:#999\" xmlns=\"http:\/\/www.w3.org\/2000\/svg\" class=\"list-377408\" width=\"20px\" height=\"20px\" viewbox=\"0 0 24 24\" fill=\"none\"><path d=\"M6 6H4v2h2V6zm14 0H8v2h12V6zM4 11h2v2H4v-2zm16 0H8v2h12v-2zM4 16h2v2H4v-2zm16 0H8v2h12v-2z\" fill=\"currentColor\"><\/path><\/svg><svg style=\"fill: #999;color:#999\" class=\"arrow-unsorted-368013\" xmlns=\"http:\/\/www.w3.org\/2000\/svg\" width=\"10px\" height=\"10px\" viewbox=\"0 0 24 24\" version=\"1.2\" baseprofile=\"tiny\"><path d=\"M18.2 9.3l-6.2-6.3-6.2 6.3c-.2.2-.3.4-.3.7s.1.5.3.7c.2.2.4.3.7.3h11c.3 0 .5-.1.7-.3.2-.2.3-.5.3-.7s-.1-.5-.3-.7zM5.8 14.7l6.2 6.3 6.2-6.3c.2-.2.3-.5.3-.7s-.1-.5-.3-.7c-.2-.2-.4-.3-.7-.3h-11c-.3 0-.5.1-.7.3-.2.2-.3.5-.3.7s.1.5.3.7z\"\/><\/svg><\/span><\/span><\/span><\/a><\/span><\/div>\n<nav><ul class='ez-toc-list ez-toc-list-level-1' ><li class='ez-toc-page-1 ez-toc-heading-level-2'><a class=\"ez-toc-link ez-toc-heading-1\" href=\"https:\/\/reeqitent.com\/es\/what-is-an-outdoor-inflatable-tent-house\/#1_What_Is_an_Outdoor_Inflatable_Tent_House\" >1. \u00bfQu\u00e9 es una casa de tienda inflable para exteriores?<\/a><\/li><li class='ez-toc-page-1 ez-toc-heading-level-2'><a class=\"ez-toc-link ez-toc-heading-2\" href=\"https:\/\/reeqitent.com\/es\/what-is-an-outdoor-inflatable-tent-house\/#2_How_Does_an_Outdoor_Inflatable_Tent_House_Work_Technology_and_Materials\" >2. \u00bfC\u00f3mo funciona una casa de tienda inflable para exteriores? Tecnolog\u00eda y Materiales<\/a><\/li><li class='ez-toc-page-1 ez-toc-heading-level-2'><a class=\"ez-toc-link ez-toc-heading-3\" href=\"https:\/\/reeqitent.com\/es\/what-is-an-outdoor-inflatable-tent-house\/#3_Benefits_and_Typical_Use_Cases\" >3. Beneficios y Casos de Uso T\u00edpicos<\/a><\/li><li class='ez-toc-page-1 ez-toc-heading-level-2'><a class=\"ez-toc-link ez-toc-heading-4\" href=\"https:\/\/reeqitent.com\/es\/what-is-an-outdoor-inflatable-tent-house\/#4_Durability_and_Weather_Resistance_Analysis\" >4. An\u00e1lisis de durabilidad y resistencia al clima<\/a><\/li><li class='ez-toc-page-1 ez-toc-heading-level-2'><a class=\"ez-toc-link ez-toc-heading-5\" href=\"https:\/\/reeqitent.com\/es\/what-is-an-outdoor-inflatable-tent-house\/#5_How_to_Set_Up_and_Maintain_an_Outdoor_Inflatable_Tent_House\" >5. C\u00f3mo montar y mantener una casa inflable para exteriores<\/a><\/li><li class='ez-toc-page-1 ez-toc-heading-level-2'><a class=\"ez-toc-link ez-toc-heading-6\" href=\"https:\/\/reeqitent.com\/es\/what-is-an-outdoor-inflatable-tent-house\/#6_Buying_Guide_Best_Products_Rental_Options_and_Regional_Suppliers\" >6. Gu\u00eda de compra: Mejores productos, opciones de alquiler y proveedores regionales<\/a><\/li><li class='ez-toc-page-1 ez-toc-heading-level-2'><a class=\"ez-toc-link ez-toc-heading-7\" href=\"https:\/\/reeqitent.com\/es\/what-is-an-outdoor-inflatable-tent-house\/#7_FAQs_Addressing_Common_Concerns\" >7. Preguntas frecuentes: Abordando preocupaciones comunes<\/a><\/li><\/ul><\/nav><\/div>\n\t\t<div data-elementor-type=\"wp-page\" data-elementor-id=\"2482\" class=\"elementor elementor-2482\" data-elementor-post-type=\"page\">\n\t\t\t\t<div class=\"elementor-element elementor-element-0ca19da e-flex e-con-boxed e-con e-parent\" data-id=\"0ca19da\" data-element_type=\"container\" data-settings=\"{&quot;background_background&quot;:&quot;classic&quot;}\">\n\t\t\t\t\t<div class=\"e-con-inner\">\n\t\t\t\t<div class=\"elementor-element elementor-element-36fa726 elementor-widget elementor-widget-heading\" data-id=\"36fa726\" data-element_type=\"widget\" data-widget_type=\"heading.default\">\n\t\t\t\t\t<h2 class=\"elementor-heading-title elementor-size-default\">Impulsando Tus Marcas con Aire<\/h2>\t\t\t\t<\/div>\n\t\t\t\t<div class=\"elementor-element elementor-element-4a3db3e elementor-widget elementor-widget-text-editor\" data-id=\"4a3db3e\" data-element_type=\"widget\" data-widget_type=\"text-editor.default\">\n\t\t\t\t\t\t\t\t\t<p>Aumenta la Visibilidad de Tu Marca al Aire Libre con Soluciones de Publicidad Inflable<\/p>\t\t\t\t\t\t\t\t<\/div>\n\t\t\t\t\t<\/div>\n\t\t\t\t<\/div>\n\t\t<div class=\"elementor-element elementor-element-cee2f0e e-flex e-con-boxed e-con e-parent\" data-id=\"cee2f0e\" data-element_type=\"container\">\n\t\t\t\t\t<div class=\"e-con-inner\">\n\t\t\t\t<div class=\"elementor-element elementor-element-dcbd429 elementor-widget elementor-widget-heading\" data-id=\"dcbd429\" data-element_type=\"widget\" data-widget_type=\"heading.default\">\n\t\t\t\t\t<h2 class=\"elementor-heading-title elementor-size-default\">Perspectivas de la Industria y Contenido \u00datil<\/h2>\t\t\t\t<\/div>\n\t\t\t\t<div class=\"elementor-element elementor-element-2f7e0e5 elementor-grid-3 elementor-grid-tablet-2 elementor-grid-mobile-1 elementor-posts--thumbnail-top elementor-card-shadow-yes elementor-posts__hover-gradient elementor-widget elementor-widget-posts\" data-id=\"2f7e0e5\" data-element_type=\"widget\" data-settings=\"{&quot;pagination_type&quot;:&quot;numbers_and_prev_next&quot;,&quot;cards_columns&quot;:&quot;3&quot;,&quot;cards_columns_tablet&quot;:&quot;2&quot;,&quot;cards_columns_mobile&quot;:&quot;1&quot;,&quot;cards_row_gap&quot;:{&quot;unit&quot;:&quot;px&quot;,&quot;size&quot;:35,&quot;sizes&quot;:[]},&quot;cards_row_gap_tablet&quot;:{&quot;unit&quot;:&quot;px&quot;,&quot;size&quot;:&quot;&quot;,&quot;sizes&quot;:[]},&quot;cards_row_gap_mobile&quot;:{&quot;unit&quot;:&quot;px&quot;,&quot;size&quot;:&quot;&quot;,&quot;sizes&quot;:[]}}\" data-widget_type=\"posts.cards\">\n\t\t\t\t<div class=\"elementor-widget-container\">\n\t\t\t\t\t\t\t<div class=\"elementor-posts-container elementor-posts elementor-posts--skin-cards elementor-grid\" role=\"list\">\n\t\t\t\t<article class=\"elementor-post elementor-grid-item post-5529 post type-post status-publish format-standard hentry category-inflatable-tent tag-industrial-tent-for-sale tag-permanent-event-tent\" role=\"listitem\">\n\t\t\t<div class=\"elementor-post__card\">\n\t\t\t\t<div class=\"elementor-post__text\">\n\t\t\t\t<h3 class=\"elementor-post__title\">\n\t\t\t<a href=\"https:\/\/reeqitent.com\/es\/industrial-tent-for-sale-2026\/\" target=\"&quot;_blank&quot;\">\n\t\t\t\tCarpa Industrial en Venta | Gu\u00eda Completa de Compra 2026 y Mejores Opciones\t\t\t<\/a>\n\t\t<\/h3>\n\t\t\t\t<div class=\"elementor-post__excerpt\">\n\t\t\t<p>Explore las opciones mejor valoradas de carpas industriales en venta para 2024. Carpas duraderas, resistentes a la intemperie y personalizables con soporte experto. \u00a1Obtenga una cotizaci\u00f3n gratuita hoy!<\/p>\t\t<\/div>\n\t\t\t\t<\/div>\n\t\t\t\t<div class=\"elementor-post__meta-data\">\n\t\t\t\t\t<span class=\"elementor-post-date\">\n\t\t\t9 de abril de 2026\t\t<\/span>\n\t\t\t\t<span class=\"elementor-post-avatar\">\n\t\t\tNo hay comentarios\t\t<\/span>\n\t\t\t\t<\/div>\n\t\t\t\t\t<\/div>\n\t\t<\/article>\n\t\t\t\t<article class=\"elementor-post elementor-grid-item post-5537 post type-post status-publish format-standard hentry category-inflatable-advertising-tent tag-3-man-camping-tent tag-3-man-pop-up-tent tag-3-man-tents tag-3-man-waterproof-tent tag-3-person-pop-up-tent tag-3-person-tents-for-sale tag-camping-tent-3-person tag-three-man-tent-pop-up\" role=\"listitem\">\n\t\t\t<div class=\"elementor-post__card\">\n\t\t\t\t<div class=\"elementor-post__text\">\n\t\t\t\t<h3 class=\"elementor-post__title\">\n\t\t\t<a href=\"https:\/\/reeqitent.com\/es\/top-3-man-waterproof-tents-2026\/\" target=\"&quot;_blank&quot;\">\n\t\t\t\tTop 10 Mejores Carpas Impermeables para 3 Personas para Aventuras de Camping en 2026\t\t\t<\/a>\n\t\t<\/h3>\n\t\t\t\t<div class=\"elementor-post__excerpt\">\n\t\t\t<p>Descubre las mejores tiendas impermeables para 3 personas para acampar en 2023. Mantente seco, c\u00f3modo y listo para cualquier aventura con nuestras mejores opciones revisadas por expertos. \u00a1Compra ahora!<\/p>\t\t<\/div>\n\t\t\t\t<\/div>\n\t\t\t\t<div class=\"elementor-post__meta-data\">\n\t\t\t\t\t<span class=\"elementor-post-date\">\n\t\t\t9 de abril de 2026\t\t<\/span>\n\t\t\t\t<span class=\"elementor-post-avatar\">\n\t\t\tNo hay comentarios\t\t<\/span>\n\t\t\t\t<\/div>\n\t\t\t\t\t<\/div>\n\t\t<\/article>\n\t\t\t\t<article class=\"elementor-post elementor-grid-item post-5528 post type-post status-publish format-standard hentry category-inflatable-tent tag-dome-canopy tag-dome-outdoor-tent tag-dome-party-tent tag-dome-tents-for-sale tag-event-dome-tent tag-huge-dome-tent tag-large-dome-tents tag-largest-dome-tent tag-tent-dome\" role=\"listitem\">\n\t\t\t<div class=\"elementor-post__card\">\n\t\t\t\t<div class=\"elementor-post__text\">\n\t\t\t\t<h3 class=\"elementor-post__title\">\n\t\t\t<a href=\"https:\/\/reeqitent.com\/es\/huge-dome-tent-buying-guide\/\" target=\"&quot;_blank&quot;\">\n\t\t\t\tGu\u00eda de Compra de Grandes Tiendas de Campa\u00f1a Tipo C\u00fapula: Las Mejores Tiendas de C\u00fapula Grandes para Eventos y Uso Corporativo\t\t\t<\/a>\n\t\t<\/h3>\n\t\t\t\t<div class=\"elementor-post__excerpt\">\n\t\t\t<p>Descubre la gu\u00eda definitiva para comprar grandes carpas tipo c\u00fapula para eventos corporativos. Encuentra carpas grandes tipo c\u00fapula duraderas y resistentes al clima con montaje f\u00e1cil. \u00a1Obt\u00e9n consejos de expertos y comparaciones de las mejores marcas ahora!<\/p>\t\t<\/div>\n\t\t\t\t<\/div>\n\t\t\t\t<div class=\"elementor-post__meta-data\">\n\t\t\t\t\t<span class=\"elementor-post-date\">\n\t\t\t7 de abril de 2026\t\t<\/span>\n\t\t\t\t<span class=\"elementor-post-avatar\">\n\t\t\tNo hay comentarios\t\t<\/span>\n\t\t\t\t<\/div>\n\t\t\t\t\t<\/div>\n\t\t<\/article>\n\t\t\t\t<article class=\"elementor-post elementor-grid-item post-5527 post type-post status-publish format-standard hentry category-inflatable-tent tag-buy-pole-tent tag-commercial-tent-poles tag-pole-party-tent tag-pole-tent-for-sale tag-pole-tent-manufacturers\" role=\"listitem\">\n\t\t\t<div class=\"elementor-post__card\">\n\t\t\t\t<div class=\"elementor-post__text\">\n\t\t\t\t<h3 class=\"elementor-post__title\">\n\t\t\t<a href=\"https:\/\/reeqitent.com\/es\/buy-pole-tent-guide\/\" target=\"&quot;_blank&quot;\">\n\t\t\t\tComprar Tienda de Poste: Gu\u00eda Definitiva para Elegir la Tienda de Poste Perfecta para Tus Necesidades\t\t\t<\/a>\n\t\t<\/h3>\n\t\t\t\t<div class=\"elementor-post__excerpt\">\n\t\t\t<p>\u00bfBuscas comprar una carpa con postes? Descubre consejos expertos para elegir tama\u00f1o, materiales, fabricantes confiables y precios. \u00a1Consigue tu carpa con postes perfecta hoy para eventos impecables!<\/p>\t\t<\/div>\n\t\t\t\t<\/div>\n\t\t\t\t<div class=\"elementor-post__meta-data\">\n\t\t\t\t\t<span class=\"elementor-post-date\">\n\t\t\t7 de abril de 2026\t\t<\/span>\n\t\t\t\t<span class=\"elementor-post-avatar\">\n\t\t\tNo hay comentarios\t\t<\/span>\n\t\t\t\t<\/div>\n\t\t\t\t\t<\/div>\n\t\t<\/article>\n\t\t\t\t<article class=\"elementor-post elementor-grid-item post-5526 post type-post status-publish format-standard hentry category-inflatable-advertising-tent tag-blow-up-car-tent tag-inflatable-tailgate-tent\" role=\"listitem\">\n\t\t\t<div class=\"elementor-post__card\">\n\t\t\t\t<div class=\"elementor-post__text\">\n\t\t\t\t<h3 class=\"elementor-post__title\">\n\t\t\t<a href=\"https:\/\/reeqitent.com\/es\/best-blow-up-car-tent\/\" target=\"&quot;_blank&quot;\">\n\t\t\t\tMejor Tienda de Coche Inflable: Gu\u00eda Definitiva para Instalaci\u00f3n, Durabilidad y Uso\t\t\t<\/a>\n\t\t<\/h3>\n\t\t\t\t<div class=\"elementor-post__excerpt\">\n\t\t\t<p>Descubre la mejor carpa inflable para autos que ofrece montaje r\u00e1pido, materiales duraderos y protecci\u00f3n confiable. Perfecta para veh\u00edculos y flotas\u2014\u00a1compra ahora para un refugio sin complicaciones!<\/p>\t\t<\/div>\n\t\t\t\t<\/div>\n\t\t\t\t<div class=\"elementor-post__meta-data\">\n\t\t\t\t\t<span class=\"elementor-post-date\">\n\t\t\t7 de abril de 2026\t\t<\/span>\n\t\t\t\t<span class=\"elementor-post-avatar\">\n\t\t\tNo hay comentarios\t\t<\/span>\n\t\t\t\t<\/div>\n\t\t\t\t\t<\/div>\n\t\t<\/article>\n\t\t\t\t<article class=\"elementor-post elementor-grid-item post-5444 post type-post status-publish format-standard has-post-thumbnail hentry category-inflatable-advertising-tent tag-what-is-an-outdoor-inflatable-tent-house\" role=\"listitem\">\n\t\t\t<div class=\"elementor-post__card\">\n\t\t\t\t<a class=\"elementor-post__thumbnail__link\" href=\"https:\/\/reeqitent.com\/es\/what-is-an-outdoor-inflatable-tent-house\/\" tabindex=\"-1\" target=\"_blank\"><div class=\"elementor-post__thumbnail\"><img fetchpriority=\"high\" decoding=\"async\" width=\"800\" height=\"446\" src=\"https:\/\/reeqitent.com\/wp-content\/uploads\/2026\/04\/What-Is-an-Outdoor-Inflatable-Tent-House-2-1.webp\" class=\"attachment-full size-full wp-image-5524\" alt=\"What Is An Outdoor Inflatable Tent House\" srcset=\"https:\/\/reeqitent.com\/wp-content\/uploads\/2026\/04\/What-Is-an-Outdoor-Inflatable-Tent-House-2-1.webp 800w, https:\/\/reeqitent.com\/wp-content\/uploads\/2026\/04\/What-Is-an-Outdoor-Inflatable-Tent-House-2-1-300x167.webp 300w, https:\/\/reeqitent.com\/wp-content\/uploads\/2026\/04\/What-Is-an-Outdoor-Inflatable-Tent-House-2-1-768x428.webp 768w, https:\/\/reeqitent.com\/wp-content\/uploads\/2026\/04\/What-Is-an-Outdoor-Inflatable-Tent-House-2-1-18x10.webp 18w\" sizes=\"(max-width: 800px) 100vw, 800px\" \/><\/div><\/a>\n\t\t\t\t<div class=\"elementor-post__text\">\n\t\t\t\t<h3 class=\"elementor-post__title\">\n\t\t\t<a href=\"https:\/\/reeqitent.com\/es\/what-is-an-outdoor-inflatable-tent-house\/\" target=\"&quot;_blank&quot;\">\n\t\t\t\t\u00bfQu\u00e9 es una casa tienda inflable para exteriores? Gu\u00eda completa para 2026\t\t\t<\/a>\n\t\t<\/h3>\n\t\t\t\t<div class=\"elementor-post__excerpt\">\n\t\t\t<p>Descubre qu\u00e9 es una casa tienda inflable para exteriores, c\u00f3mo funciona y por qu\u00e9 es el refugio ideal para eventos y emergencias. \u00a1Aprende consejos para su instalaci\u00f3n y recomendaciones de compra hoy!<\/p>\t\t<\/div>\n\t\t\t\t<\/div>\n\t\t\t\t<div class=\"elementor-post__meta-data\">\n\t\t\t\t\t<span class=\"elementor-post-date\">\n\t\t\t6 de abril de 2026\t\t<\/span>\n\t\t\t\t<span class=\"elementor-post-avatar\">\n\t\t\tNo hay comentarios\t\t<\/span>\n\t\t\t\t<\/div>\n\t\t\t\t\t<\/div>\n\t\t<\/article>\n\t\t\t\t<\/div>\n\t\t\n\t\t\t\t<div class=\"e-load-more-anchor\" data-page=\"1\" data-max-page=\"37\" data-next-page=\"https:\/\/reeqitent.com\/es\/wp-json\/wp\/v2\/pages\/2482\/page\/2\/\"><\/div>\n\t\t\t\t<nav class=\"elementor-pagination\" aria-label=\"Paginaci\u00f3n\">\n\t\t\t<span class=\"page-numbers prev\">\u00ab Anterior<\/span>\n<span aria-current=\"page\" class=\"page-numbers current\"><span class=\"elementor-screen-only\">P\u00e1gina<\/span>1<\/span>\n<a class=\"page-numbers\" href=\"https:\/\/reeqitent.com\/es\/wp-json\/wp\/v2\/pages\/2482\/page\/2\/\"><span class=\"elementor-screen-only\">P\u00e1gina<\/span>2<\/a>\n<a class=\"page-numbers\" href=\"https:\/\/reeqitent.com\/es\/wp-json\/wp\/v2\/pages\/2482\/page\/3\/\"><span class=\"elementor-screen-only\">P\u00e1gina<\/span>3<\/a>\n<span class=\"page-numbers dots\">&hellip;<\/span>\n<a class=\"page-numbers\" href=\"https:\/\/reeqitent.com\/es\/wp-json\/wp\/v2\/pages\/2482\/page\/37\/\"><span class=\"elementor-screen-only\">P\u00e1gina<\/span>37<\/a>\n<a class=\"page-numbers next\" href=\"https:\/\/reeqitent.com\/es\/wp-json\/wp\/v2\/pages\/2482\/page\/2\/\">Siguiente \u00bb<\/a>\t\t<\/nav>\n\t\t\t\t\t\t<\/div>\n\t\t\t\t<\/div>\n\t\t\t\t\t<\/div>\n\t\t\t\t<\/div>\n\t\t\t\t<\/div>","protected":false},"excerpt":{"rendered":"<p>Powering Your Brands with Air Boost Your Brand Visibility Outdoors with Inflatable Advertising Solutions Industry Insights &amp; Useful Content<\/p>","protected":false},"author":2,"featured_media":0,"parent":0,"menu_order":0,"comment_status":"closed","ping_status":"closed","template":"","meta":{"site-sidebar-layout":"no-sidebar","site-content-layout":"","ast-site-content-layout":"full-width-container","site-content-style":"default","site-sidebar-style":"default","ast-global-header-display":"","ast-banner-title-visibility":"","ast-main-header-display":"","ast-hfb-above-header-display":"","ast-hfb-below-header-display":"","ast-hfb-mobile-header-display":"","site-post-title":"disabled","ast-breadcrumbs-content":"","ast-featured-img":"disabled","footer-sml-layout":"","ast-disable-related-posts":"","theme-transparent-header-meta":"","adv-header-id-meta":"","stick-header-meta":"","header-above-stick-meta":"","header-main-stick-meta":"","header-below-stick-meta":"","astra-migrate-meta-layouts":"default","ast-page-background-enabled":"default","ast-page-background-meta":{"desktop":{"background-color":"var(--ast-global-color-5)","background-image":"","background-repeat":"repeat","background-position":"center center","background-size":"auto","background-attachment":"scroll","background-type":"","background-media":"","overlay-type":"","overlay-color":"","overlay-opacity":"","overlay-gradient":""},"tablet":{"background-color":"","background-image":"","background-repeat":"repeat","background-position":"center center","background-size":"auto","background-attachment":"scroll","background-type":"","background-media":"","overlay-type":"","overlay-color":"","overlay-opacity":"","overlay-gradient":""},"mobile":{"background-color":"","background-image":"","background-repeat":"repeat","background-position":"center center","background-size":"auto","background-attachment":"scroll","background-type":"","background-media":"","overlay-type":"","overlay-color":"","overlay-opacity":"","overlay-gradient":""}},"ast-content-background-meta":{"desktop":{"background-color":"var(--ast-global-color-4)","background-image":"","background-repeat":"repeat","background-position":"center center","background-size":"auto","background-attachment":"scroll","background-type":"","background-media":"","overlay-type":"","overlay-color":"","overlay-opacity":"","overlay-gradient":""},"tablet":{"background-color":"var(--ast-global-color-4)","background-image":"","background-repeat":"repeat","background-position":"center center","background-size":"auto","background-attachment":"scroll","background-type":"","background-media":"","overlay-type":"","overlay-color":"","overlay-opacity":"","overlay-gradient":""},"mobile":{"background-color":"var(--ast-global-color-4)","background-image":"","background-repeat":"repeat","background-position":"center center","background-size":"auto","background-attachment":"scroll","background-type":"","background-media":"","overlay-type":"","overlay-color":"","overlay-opacity":"","overlay-gradient":""}},"_daextinma_seo_power":"","_daextinma_enable_ail":"","footnotes":""},"class_list":["post-2482","page","type-page","status-publish","hentry"],"_links":{"self":[{"href":"https:\/\/reeqitent.com\/es\/wp-json\/wp\/v2\/pages\/2482","targetHints":{"allow":["GET"]}}],"collection":[{"href":"https:\/\/reeqitent.com\/es\/wp-json\/wp\/v2\/pages"}],"about":[{"href":"https:\/\/reeqitent.com\/es\/wp-json\/wp\/v2\/types\/page"}],"author":[{"embeddable":true,"href":"https:\/\/reeqitent.com\/es\/wp-json\/wp\/v2\/users\/2"}],"replies":[{"embeddable":true,"href":"https:\/\/reeqitent.com\/es\/wp-json\/wp\/v2\/comments?post=2482"}],"version-history":[{"count":33,"href":"https:\/\/reeqitent.com\/es\/wp-json\/wp\/v2\/pages\/2482\/revisions"}],"predecessor-version":[{"id":4784,"href":"https:\/\/reeqitent.com\/es\/wp-json\/wp\/v2\/pages\/2482\/revisions\/4784"}],"wp:attachment":[{"href":"https:\/\/reeqitent.com\/es\/wp-json\/wp\/v2\/media?parent=2482"}],"curies":[{"name":"wp","href":"https:\/\/api.w.org\/{rel}","templated":true}]}}