{"id":2704,"date":"2025-09-12T10:13:42","date_gmt":"2025-09-12T10:13:42","guid":{"rendered":"https:\/\/reeqitent.com\/?page_id=2704"},"modified":"2025-12-29T03:59:55","modified_gmt":"2025-12-29T03:59:55","slug":"smart-air-pump","status":"publish","type":"page","link":"https:\/\/reeqitent.com\/de\/smart-air-pump\/","title":{"rendered":"Intelligente Luftpumpe"},"content":{"rendered":"<div data-elementor-type=\"wp-page\" data-elementor-id=\"2704\" class=\"elementor elementor-2704\" data-elementor-post-type=\"page\">\n\t\t\t\t<div class=\"elementor-element elementor-element-5190329 e-flex e-con-boxed e-con e-parent\" data-id=\"5190329\" data-element_type=\"container\">\n\t\t\t\t\t<div class=\"e-con-inner\">\n\t\t<div class=\"elementor-element elementor-element-a6569bc e-con-full e-flex e-con e-child\" data-id=\"a6569bc\" data-element_type=\"container\">\n\t\t\t\t<div class=\"elementor-element elementor-element-2448f3a elementor-widget elementor-widget-heading\" data-id=\"2448f3a\" data-element_type=\"widget\" data-widget_type=\"heading.default\">\n\t\t\t\t\t<h2 class=\"elementor-heading-title elementor-size-default\">Intelligente Luftpumpe<\/h2>\t\t\t\t<\/div>\n\t\t\t\t<div class=\"elementor-element elementor-element-f45c44e elementor-widget elementor-widget-heading\" data-id=\"f45c44e\" data-element_type=\"widget\" data-widget_type=\"heading.default\">\n\t\t\t\t\t<h2 class=\"elementor-heading-title elementor-size-default\">Power Air, jederzeit, \u00fcberall<\/h2>\t\t\t\t<\/div>\n\t\t\t\t<\/div>\n\t\t<div class=\"elementor-element elementor-element-e568446 e-con-full e-flex e-con e-child\" data-id=\"e568446\" data-element_type=\"container\">\n\t\t\t\t<div class=\"elementor-element elementor-element-af533f7 elementor-widget elementor-widget-heading\" data-id=\"af533f7\" data-element_type=\"widget\" data-widget_type=\"heading.default\">\n\t\t\t\t\t<h2 class=\"elementor-heading-title elementor-size-default\">Die intelligente Luftpumpe kombiniert intelligente Druckregelung, schnelles Aufpumpen, Powerbank-Funktion und LED-Beleuchtung \u2013 Ihre zuverl\u00e4ssige All-in-One-L\u00f6sung f\u00fcr aufblasbare Outdoor-Artikel und Abenteuer<\/h2>\t\t\t\t<\/div>\n\t\t\t\t<\/div>\n\t\t\t\t\t<\/div>\n\t\t\t\t<\/div>\n\t\t<div class=\"elementor-element elementor-element-be59c52 e-flex e-con-boxed e-con e-parent\" data-id=\"be59c52\" data-element_type=\"container\" data-settings=\"{&quot;background_background&quot;:&quot;classic&quot;}\">\n\t\t\t\t\t<div class=\"e-con-inner\">\n\t\t<div class=\"elementor-element elementor-element-5bb116c e-con-full e-flex e-con e-child\" data-id=\"5bb116c\" data-element_type=\"container\">\n\t\t\t\t<div class=\"elementor-element elementor-element-febaa03 elementor-widget elementor-widget-heading\" data-id=\"febaa03\" data-element_type=\"widget\" data-widget_type=\"heading.default\">\n\t\t\t\t\t<p class=\"elementor-heading-title elementor-size-default\">Produktspezifikationen\n<\/p>\t\t\t\t<\/div>\n\t\t\t\t<div class=\"elementor-element elementor-element-415df1c elementor-widget elementor-widget-text-editor\" data-id=\"415df1c\" data-element_type=\"widget\" data-widget_type=\"text-editor.default\">\n\t\t\t\t\t\t\t\t\t<p><strong>Leistung:<\/strong>120W<\/p><p><strong>Maximaler Druck: <\/strong>2,9 Psi (20 Kpa)<\/p><p><strong>Gr\u00f6\u00dfe:<\/strong>L 10 cm x B 7 cm x H 10,5 cm<\/p><p><strong>Verpackung:<\/strong>80X64X64cm<\/p><p><strong>Gewicht:<\/strong>750 g<\/p><p><strong>Versorgungsspannung:<\/strong>DC 12V<\/p><p><strong>Batteriekapazit\u00e4t:<\/strong>9000 mAh<\/p><p><strong>Arbeitszeit:<\/strong>30~45 Minuten<\/p><p><strong>Ladeeingang:<\/strong>5V\/2A<\/p><p><strong>Ladezeit:<\/strong>10 Stunden<\/p>\t\t\t\t\t\t\t\t<\/div>\n\t\t\t\t<\/div>\n\t\t<div class=\"elementor-element elementor-element-4c1d23e e-con-full e-flex e-con e-child\" data-id=\"4c1d23e\" data-element_type=\"container\">\n\t\t\t\t<div class=\"elementor-element elementor-element-c2e42f9 lunboImag elementor-arrows-position-inside elementor-pagination-position-outside elementor-widget elementor-widget-image-carousel\" data-id=\"c2e42f9\" data-element_type=\"widget\" data-settings=\"{&quot;slides_to_show&quot;:&quot;2&quot;,&quot;image_spacing_custom&quot;:{&quot;unit&quot;:&quot;px&quot;,&quot;size&quot;:32,&quot;sizes&quot;:[]},&quot;navigation&quot;:&quot;both&quot;,&quot;autoplay&quot;:&quot;yes&quot;,&quot;pause_on_hover&quot;:&quot;yes&quot;,&quot;pause_on_interaction&quot;:&quot;yes&quot;,&quot;autoplay_speed&quot;:5000,&quot;infinite&quot;:&quot;yes&quot;,&quot;speed&quot;:500,&quot;image_spacing_custom_tablet&quot;:{&quot;unit&quot;:&quot;px&quot;,&quot;size&quot;:&quot;&quot;,&quot;sizes&quot;:[]},&quot;image_spacing_custom_mobile&quot;:{&quot;unit&quot;:&quot;px&quot;,&quot;size&quot;:&quot;&quot;,&quot;sizes&quot;:[]}}\" data-widget_type=\"image-carousel.default\">\n\t\t\t\t\t\t\t<div class=\"elementor-image-carousel-wrapper swiper\" role=\"region\" aria-roledescription=\"carousel\" aria-label=\"\u56fe\u50cf\u8f6e\u64ad\" dir=\"ltr\">\n\t\t\t<div class=\"elementor-image-carousel swiper-wrapper\" aria-live=\"off\">\n\t\t\t\t\t\t\t\t<div class=\"swiper-slide\" role=\"group\" aria-roledescription=\"slide\" aria-label=\"1 \/ 6\" data-no-translation-aria-label=\"\"><figure class=\"swiper-slide-inner\"><img decoding=\"async\" class=\"swiper-slide-image\" src=\"https:\/\/reeqitent.com\/wp-content\/uploads\/2025\/09\/b6a0d1270335bf929799531212eda5c9.jpg\" alt=\"b6a0d1270335bf929799531212eda5c9\" \/><\/figure><\/div><div class=\"swiper-slide\" role=\"group\" aria-roledescription=\"slide\" aria-label=\"2 \/ 6\" data-no-translation-aria-label=\"\"><figure class=\"swiper-slide-inner\"><img decoding=\"async\" class=\"swiper-slide-image\" src=\"https:\/\/reeqitent.com\/wp-content\/uploads\/2025\/09\/1c7c0be04d6b269cac9083f50d2943cf.jpg\" alt=\"1c7c0be04d6b269cac9083f50d2943cf\" \/><\/figure><\/div><div class=\"swiper-slide\" role=\"group\" aria-roledescription=\"slide\" aria-label=\"3 \/ 6\" data-no-translation-aria-label=\"\"><figure class=\"swiper-slide-inner\"><img decoding=\"async\" class=\"swiper-slide-image\" src=\"https:\/\/reeqitent.com\/wp-content\/uploads\/2025\/09\/64fc958c0300b4a982964346f1e39bdd.jpg\" alt=\"64fc958c0300b4a982964346f1e39bdd\" \/><\/figure><\/div><div class=\"swiper-slide\" role=\"group\" aria-roledescription=\"slide\" aria-label=\"4 \/ 6\" data-no-translation-aria-label=\"\"><figure class=\"swiper-slide-inner\"><img decoding=\"async\" class=\"swiper-slide-image\" src=\"https:\/\/reeqitent.com\/wp-content\/uploads\/2025\/09\/e8576e3d7c23d6f2a2afc11cf31ce802.jpg\" alt=\"e8576e3d7c23d6f2a2afc11cf31ce802\" \/><\/figure><\/div><div class=\"swiper-slide\" role=\"group\" aria-roledescription=\"slide\" aria-label=\"5 \/ 6\" data-no-translation-aria-label=\"\"><figure class=\"swiper-slide-inner\"><img decoding=\"async\" class=\"swiper-slide-image\" src=\"https:\/\/reeqitent.com\/wp-content\/uploads\/2025\/09\/f01ab1209b9c5346e910119c011c0601.jpg\" alt=\"001\" \/><\/figure><\/div><div class=\"swiper-slide\" role=\"group\" aria-roledescription=\"slide\" aria-label=\"6 \/ 6\" data-no-translation-aria-label=\"\"><figure class=\"swiper-slide-inner\"><img decoding=\"async\" class=\"swiper-slide-image\" src=\"https:\/\/reeqitent.com\/wp-content\/uploads\/2025\/09\/55e1c6d3f43130ee1b27524f8bc01663.jpg\" alt=\"55e1c6d3f43130ee1b27524f8bc01663\" \/><\/figure><\/div>\t\t\t<\/div>\n\t\t\t\t\t\t\t\t\t\t\t\t<div class=\"elementor-swiper-button elementor-swiper-button-prev\" role=\"button\" tabindex=\"0\">\n\t\t\t\t\t\t<svg aria-hidden=\"true\" class=\"e-font-icon-svg e-eicon-chevron-left\" viewbox=\"0 0 1000 1000\" xmlns=\"http:\/\/www.w3.org\/2000\/svg\"><path d=\"M646 125C629 125 613 133 604 142L308 442C296 454 292 471 292 487 292 504 296 521 308 533L604 854C617 867 629 875 646 875 663 875 679 871 692 858 704 846 713 829 713 812 713 796 708 779 692 767L438 487 692 225C700 217 708 204 708 187 708 171 704 154 692 142 675 129 663 125 646 125Z\"><\/path><\/svg>\t\t\t\t\t<\/div>\n\t\t\t\t\t<div class=\"elementor-swiper-button elementor-swiper-button-next\" role=\"button\" tabindex=\"0\">\n\t\t\t\t\t\t<svg aria-hidden=\"true\" class=\"e-font-icon-svg e-eicon-chevron-right\" viewbox=\"0 0 1000 1000\" xmlns=\"http:\/\/www.w3.org\/2000\/svg\"><path d=\"M696 533C708 521 713 504 713 487 713 471 708 454 696 446L400 146C388 133 375 125 354 125 338 125 325 129 313 142 300 154 292 171 292 187 292 204 296 221 308 233L563 492 304 771C292 783 288 800 288 817 288 833 296 850 308 863 321 871 338 875 354 875 371 875 388 867 400 854L696 533Z\"><\/path><\/svg>\t\t\t\t\t<\/div>\n\t\t\t\t\n\t\t\t\t\t\t\t\t\t<div class=\"swiper-pagination\"><\/div>\n\t\t\t\t\t\t\t\t\t<\/div>\n\t\t\t\t\t\t<\/div>\n\t\t\t\t<\/div>\n\t\t\t\t\t<\/div>\n\t\t\t\t<\/div>\n\t\t<div class=\"elementor-element elementor-element-efd96a5 e-flex e-con-boxed e-con e-child\" data-id=\"efd96a5\" data-element_type=\"container\">\n\t\t\t\t\t<div class=\"e-con-inner\">\n\t\t\t\t<div class=\"elementor-element elementor-element-f4abd43 elementor-widget elementor-widget-heading\" data-id=\"f4abd43\" data-element_type=\"widget\" data-widget_type=\"heading.default\">\n\t\t\t\t\t<h2 class=\"elementor-heading-title elementor-size-default\">Smart Air Pump \u2013 FAQ \n<\/h2>\t\t\t\t<\/div>\n\t\t\t\t<div class=\"elementor-element elementor-element-325a9e5 elementor-widget-mobile__width-inherit elementor-widget elementor-widget-n-accordion\" data-id=\"325a9e5\" data-element_type=\"widget\" data-settings=\"{&quot;default_state&quot;:&quot;expanded&quot;,&quot;max_items_expended&quot;:&quot;one&quot;,&quot;n_accordion_animation_duration&quot;:{&quot;unit&quot;:&quot;ms&quot;,&quot;size&quot;:400,&quot;sizes&quot;:[]}}\" data-widget_type=\"nested-accordion.default\">\n\t\t\t\t\t\t\t<div class=\"e-n-accordion\" aria-label=\"Akkordeon. \u00d6ffnen Sie Links mit Enter oder Leertaste, schlie\u00dfen Sie mit Escape und navigieren Sie mit den Pfeiltasten.\">\n\t\t\t\t\t\t<details id=\"e-n-accordion-item-5270\" class=\"e-n-accordion-item\" open>\n\t\t\t\t<summary class=\"e-n-accordion-item-title\" data-accordion-index=\"1\" tabindex=\"0\" aria-expanded=\"true\" aria-controls=\"e-n-accordion-item-5270\" >\n\t\t\t\t\t<span class='e-n-accordion-item-title-header'><div class=\"e-n-accordion-item-title-text\"> 1. Welche Produkte kann die Smart Air Pump aufpumpen? <\/div><\/span>\n\t\t\t\t\t\t\t\t\t<\/summary>\n\t\t\t\t<div role=\"region\" aria-labelledby=\"e-n-accordion-item-5270\" class=\"elementor-element elementor-element-33270fe e-con-full e-flex e-con e-child\" data-id=\"33270fe\" data-element_type=\"container\">\n\t\t\t\t<div class=\"elementor-element elementor-element-a092f94 elementor-widget__width-initial elementor-widget-mobile__width-inherit elementor-widget elementor-widget-text-editor\" data-id=\"a092f94\" data-element_type=\"widget\" data-widget_type=\"text-editor.default\">\n\t\t\t\t\t\t\t\t\t<ul><li><p>Sie eignet sich f\u00fcr aufblasbare Zelte, B\u00f6gen, Sofas, Matratzen, Surfbretter und andere aufblasbare Produkte.<\/p><\/li><\/ul>\t\t\t\t\t\t\t\t<\/div>\n\t\t\t\t<\/div>\n\t\t\t\t\t<\/details>\n\t\t\t\t\t\t<details id=\"e-n-accordion-item-5271\" class=\"e-n-accordion-item\" >\n\t\t\t\t<summary class=\"e-n-accordion-item-title\" data-accordion-index=\"2\" tabindex=\"-1\" aria-expanded=\"false\" aria-controls=\"e-n-accordion-item-5271\" >\n\t\t\t\t\t<span class='e-n-accordion-item-title-header'><div class=\"e-n-accordion-item-title-text\"> 2. Wie lange h\u00e4lt der Akku bei einer einzigen Ladung? <\/div><\/span>\n\t\t\t\t\t\t\t\t\t<\/summary>\n\t\t\t\t<div role=\"region\" aria-labelledby=\"e-n-accordion-item-5271\" class=\"elementor-element elementor-element-a7b3f86 e-con-full e-flex e-con e-child\" data-id=\"a7b3f86\" data-element_type=\"container\">\n\t\t\t\t<div class=\"elementor-element elementor-element-2250764 elementor-widget__width-initial elementor-widget-mobile__width-inherit elementor-widget elementor-widget-text-editor\" data-id=\"2250764\" data-element_type=\"widget\" data-widget_type=\"text-editor.default\">\n\t\t\t\t\t\t\t\t\t<ul><li><p>Der eingebaute 9000mAh-Akku bietet etwa 30\u201345 Minuten Dauerbetrieb.<\/p><\/li><\/ul>\t\t\t\t\t\t\t\t<\/div>\n\t\t\t\t<\/div>\n\t\t\t\t\t<\/details>\n\t\t\t\t\t\t<details id=\"e-n-accordion-item-5272\" class=\"e-n-accordion-item\" >\n\t\t\t\t<summary class=\"e-n-accordion-item-title\" data-accordion-index=\"3\" tabindex=\"-1\" aria-expanded=\"false\" aria-controls=\"e-n-accordion-item-5272\" >\n\t\t\t\t\t<span class='e-n-accordion-item-title-header'><div class=\"e-n-accordion-item-title-text\"> 3. Stoppt sie automatisch, wenn der eingestellte Druck erreicht ist? <\/div><\/span>\n\t\t\t\t\t\t\t\t\t<\/summary>\n\t\t\t\t<div role=\"region\" aria-labelledby=\"e-n-accordion-item-5272\" class=\"elementor-element elementor-element-0a6d071 e-con-full e-flex e-con e-child\" data-id=\"0a6d071\" data-element_type=\"container\">\n\t\t\t\t<div class=\"elementor-element elementor-element-499ae8c elementor-widget__width-initial elementor-widget-mobile__width-inherit elementor-widget elementor-widget-text-editor\" data-id=\"499ae8c\" data-element_type=\"widget\" data-widget_type=\"text-editor.default\">\n\t\t\t\t\t\t\t\t\t<ul><li><p>Ja. Die Smart Air Pumpe verf\u00fcgt \u00fcber eine intelligente Druck\u00fcberwachung und stoppt oder pumpt automatisch Luft nach, wenn der Ziel-PSI erreicht ist.<\/p><\/li><\/ul>\t\t\t\t\t\t\t\t<\/div>\n\t\t\t\t<\/div>\n\t\t\t\t\t<\/details>\n\t\t\t\t\t\t<details id=\"e-n-accordion-item-5273\" class=\"e-n-accordion-item\" >\n\t\t\t\t<summary class=\"e-n-accordion-item-title\" data-accordion-index=\"4\" tabindex=\"-1\" aria-expanded=\"false\" aria-controls=\"e-n-accordion-item-5273\" >\n\t\t\t\t\t<span class='e-n-accordion-item-title-header'><div class=\"e-n-accordion-item-title-text\"> 4. Kann sie auch als Powerbank verwendet werden? <\/div><\/span>\n\t\t\t\t\t\t\t\t\t<\/summary>\n\t\t\t\t<div role=\"region\" aria-labelledby=\"e-n-accordion-item-5273\" class=\"elementor-element elementor-element-4843181 e-flex e-con-boxed e-con e-child\" data-id=\"4843181\" data-element_type=\"container\">\n\t\t\t\t\t<div class=\"e-con-inner\">\n\t\t\t\t<div class=\"elementor-element elementor-element-1815423 elementor-widget__width-initial elementor-widget-mobile__width-inherit elementor-widget elementor-widget-text-editor\" data-id=\"1815423\" data-element_type=\"widget\" data-widget_type=\"text-editor.default\">\n\t\t\t\t\t\t\t\t\t<ul><li><p>Absolut. Sie bietet einen 5V\/2A USB-Ausgang, sodass Sie Telefone und Ger\u00e4te im Freien aufladen k\u00f6nnen.<\/p><\/li><\/ul>\t\t\t\t\t\t\t\t<\/div>\n\t\t\t\t\t<\/div>\n\t\t\t\t<\/div>\n\t\t\t\t\t<\/details>\n\t\t\t\t\t\t<details id=\"e-n-accordion-item-5274\" class=\"e-n-accordion-item\" >\n\t\t\t\t<summary class=\"e-n-accordion-item-title\" data-accordion-index=\"5\" tabindex=\"-1\" aria-expanded=\"false\" aria-controls=\"e-n-accordion-item-5274\" >\n\t\t\t\t\t<span class='e-n-accordion-item-title-header'><div class=\"e-n-accordion-item-title-text\">  5. Ist die Pumpe wasserdicht? <\/div><\/span>\n\t\t\t\t\t\t\t\t\t<\/summary>\n\t\t\t\t<div role=\"region\" aria-labelledby=\"e-n-accordion-item-5274\" class=\"elementor-element elementor-element-53ecfc0 e-flex e-con-boxed e-con e-child\" data-id=\"53ecfc0\" data-element_type=\"container\">\n\t\t\t\t\t<div class=\"e-con-inner\">\n\t\t\t\t<div class=\"elementor-element elementor-element-f541cf7 elementor-widget__width-initial elementor-widget-mobile__width-inherit elementor-widget elementor-widget-text-editor\" data-id=\"f541cf7\" data-element_type=\"widget\" data-widget_type=\"text-editor.default\">\n\t\t\t\t\t\t\t\t\t<ul><li><p>Nein. Die Pumpe ist nicht wasserdicht. Bitte vermeiden Sie die Verwendung oder Lagerung in feuchten Umgebungen.<\/p><\/li><\/ul>\t\t\t\t\t\t\t\t<\/div>\n\t\t\t\t\t<\/div>\n\t\t\t\t<\/div>\n\t\t\t\t\t<\/details>\n\t\t\t\t\t<\/div>\n\t\t\t\t\t\t<\/div>\n\t\t\t\t\t<\/div>\n\t\t\t\t<\/div>\n\t\t\t\t<\/div>","protected":false},"excerpt":{"rendered":"<p>Smart Air Pump Power Air, jederzeit und \u00fcberall Die Smart Air Pump vereint intelligente Druckkontrolle, schnelles Aufpumpen, Powerbank-Funktion und [\u2026]<\/p>","protected":false},"author":2,"featured_media":0,"parent":0,"menu_order":0,"comment_status":"closed","ping_status":"closed","template":"","meta":{"site-sidebar-layout":"no-sidebar","site-content-layout":"","ast-site-content-layout":"full-width-container","site-content-style":"default","site-sidebar-style":"default","ast-global-header-display":"","ast-banner-title-visibility":"","ast-main-header-display":"","ast-hfb-above-header-display":"","ast-hfb-below-header-display":"","ast-hfb-mobile-header-display":"","site-post-title":"disabled","ast-breadcrumbs-content":"","ast-featured-img":"disabled","footer-sml-layout":"","ast-disable-related-posts":"","theme-transparent-header-meta":"","adv-header-id-meta":"","stick-header-meta":"","header-above-stick-meta":"","header-main-stick-meta":"","header-below-stick-meta":"","astra-migrate-meta-layouts":"default","ast-page-background-enabled":"default","ast-page-background-meta":{"desktop":{"background-color":"var(--ast-global-color-5)","background-image":"","background-repeat":"repeat","background-position":"center center","background-size":"auto","background-attachment":"scroll","background-type":"","background-media":"","overlay-type":"","overlay-color":"","overlay-opacity":"","overlay-gradient":""},"tablet":{"background-color":"","background-image":"","background-repeat":"repeat","background-position":"center center","background-size":"auto","background-attachment":"scroll","background-type":"","background-media":"","overlay-type":"","overlay-color":"","overlay-opacity":"","overlay-gradient":""},"mobile":{"background-color":"","background-image":"","background-repeat":"repeat","background-position":"center center","background-size":"auto","background-attachment":"scroll","background-type":"","background-media":"","overlay-type":"","overlay-color":"","overlay-opacity":"","overlay-gradient":""}},"ast-content-background-meta":{"desktop":{"background-color":"var(--ast-global-color-4)","background-image":"","background-repeat":"repeat","background-position":"center center","background-size":"auto","background-attachment":"scroll","background-type":"","background-media":"","overlay-type":"","overlay-color":"","overlay-opacity":"","overlay-gradient":""},"tablet":{"background-color":"var(--ast-global-color-4)","background-image":"","background-repeat":"repeat","background-position":"center center","background-size":"auto","background-attachment":"scroll","background-type":"","background-media":"","overlay-type":"","overlay-color":"","overlay-opacity":"","overlay-gradient":""},"mobile":{"background-color":"var(--ast-global-color-4)","background-image":"","background-repeat":"repeat","background-position":"center center","background-size":"auto","background-attachment":"scroll","background-type":"","background-media":"","overlay-type":"","overlay-color":"","overlay-opacity":"","overlay-gradient":""}},"_daextinma_seo_power":"","_daextinma_enable_ail":"","footnotes":""},"class_list":["post-2704","page","type-page","status-publish","hentry"],"_links":{"self":[{"href":"https:\/\/reeqitent.com\/de\/wp-json\/wp\/v2\/pages\/2704","targetHints":{"allow":["GET"]}}],"collection":[{"href":"https:\/\/reeqitent.com\/de\/wp-json\/wp\/v2\/pages"}],"about":[{"href":"https:\/\/reeqitent.com\/de\/wp-json\/wp\/v2\/types\/page"}],"author":[{"embeddable":true,"href":"https:\/\/reeqitent.com\/de\/wp-json\/wp\/v2\/users\/2"}],"replies":[{"embeddable":true,"href":"https:\/\/reeqitent.com\/de\/wp-json\/wp\/v2\/comments?post=2704"}],"version-history":[{"count":0,"href":"https:\/\/reeqitent.com\/de\/wp-json\/wp\/v2\/pages\/2704\/revisions"}],"wp:attachment":[{"href":"https:\/\/reeqitent.com\/de\/wp-json\/wp\/v2\/media?parent=2704"}],"curies":[{"name":"wp","href":"https:\/\/api.w.org\/{rel}","templated":true}]}}